{"id":989,"date":"2016-03-31T12:00:31","date_gmt":"2016-03-31T10:00:31","guid":{"rendered":"http:\/\/tastysailing.com\/pl\/?post_type=product&#038;p=989"},"modified":"2025-08-26T16:57:43","modified_gmt":"2025-08-26T14:57:43","slug":"989","status":"publish","type":"product","link":"https:\/\/tastysailing.com\/pl\/produkt\/989\/","title":{"rendered":""},"content":{"rendered":"<p>Dry Red<\/p>\n<p>Agiorgitiko 100%<\/p>\n<p>Particularly intense and complex nose, with plum, sour cherry and ripe strawberry standing out, accompanied by violet, nuts and herbal hints of green tea. Spicy feeling with black pepper, clove and vanilla complementing the primary aromas and oak, damp earth, smoke, ink and hints of bitter chocolate completing the rich depth and character set.<\/p>\n<p>Robust mouth with well worked moderate tannins and balanced acidity. Cherry, plum and toast dominate while the intensely spicy sense accompanies the bitter chocolate in the long-lasting aftertaste.<\/p>\n","protected":false},"excerpt":{"rendered":"<p>Dry Red<\/p>\n<p>Agiorgitiko 100%<\/p>\n<p>Particularly intense and complex nose, with plum, sour cherry and ripe strawberry standing out, accompanied by violet, nuts and herbal hints of green tea. Spicy feeling with black pepper, clove and vanilla complementing the primary aromas and oak, damp earth, smoke, ink and hints of bitter chocolate completing the rich depth and character set.<\/p>\n<p>Robust mouth with well worked moderate tannins and balanced acidity. Cherry, plum and toast dominate while the intensely spicy sense accompanies the bitter chocolate in the long-lasting aftertaste.<\/p>\n","protected":false},"featured_media":943,"comment_status":"open","ping_status":"closed","template":"","meta":[],"product_cat":[17],"product_tag":[],"class_list":{"0":"post-989","1":"product","2":"type-product","3":"status-publish","4":"has-post-thumbnail","6":"product_cat-czerwone","8":"first","9":"instock","10":"shipping-taxable","11":"purchasable","12":"product-type-simple"},"yoast_head":"<!-- This site is optimized with the Yoast SEO plugin v23.9 - https:\/\/yoast.com\/wordpress\/plugins\/seo\/ -->\n<title>- Tasty Sailing - Zasmakuj w podr\u00f3\u017cy!<\/title>\n<meta name=\"robots\" content=\"index, follow, max-snippet:-1, max-image-preview:large, max-video-preview:-1\" \/>\n<link rel=\"canonical\" href=\"https:\/\/tastysailing.com\/pl\/produkt\/989\/\" \/>\n<meta property=\"og:locale\" content=\"pl_PL\" \/>\n<meta property=\"og:type\" content=\"article\" \/>\n<meta property=\"og:title\" content=\"- Tasty Sailing - Zasmakuj w podr\u00f3\u017cy!\" \/>\n<meta property=\"og:description\" content=\"Dry Red Agiorgitiko 100% Particularly intense and complex nose, with plum, sour cherry and ripe strawberry standing out, accompanied by violet, nuts and herbal hints of green tea. Spicy feeling with black pepper, clove and vanilla complementing the primary aromas and oak, damp earth, smoke, ink and hints of bitter chocolate completing the rich depth and character set. Robust mouth with well worked moderate tannins and balanced acidity. Cherry, plum and toast dominate while the intensely spicy sense accompanies the bitter chocolate in the long-lasting aftertaste.\" \/>\n<meta property=\"og:url\" content=\"https:\/\/tastysailing.com\/pl\/produkt\/989\/\" \/>\n<meta property=\"og:site_name\" content=\"Tasty Sailing - Zasmakuj w podr\u00f3\u017cy!\" \/>\n<meta property=\"article:modified_time\" content=\"2025-08-26T14:57:43+00:00\" \/>\n<meta property=\"og:image\" content=\"https:\/\/tastysailing.com\/pl\/wp-content\/uploads\/sites\/2\/2016\/02\/aivalis_nemea.jpg\" \/>\n\t<meta property=\"og:image:width\" content=\"346\" \/>\n\t<meta property=\"og:image:height\" content=\"766\" \/>\n\t<meta property=\"og:image:type\" content=\"image\/jpeg\" \/>\n<meta name=\"twitter:card\" content=\"summary_large_image\" \/>\n<script type=\"application\/ld+json\" class=\"yoast-schema-graph\">{\"@context\":\"https:\/\/schema.org\",\"@graph\":[{\"@type\":\"WebPage\",\"@id\":\"https:\/\/tastysailing.com\/pl\/produkt\/989\/\",\"url\":\"https:\/\/tastysailing.com\/pl\/produkt\/989\/\",\"name\":\"- Tasty Sailing - Zasmakuj w podr\u00f3\u017cy!\",\"isPartOf\":{\"@id\":\"https:\/\/tastysailing.com\/pl\/#website\"},\"primaryImageOfPage\":{\"@id\":\"https:\/\/tastysailing.com\/pl\/produkt\/989\/#primaryimage\"},\"image\":{\"@id\":\"https:\/\/tastysailing.com\/pl\/produkt\/989\/#primaryimage\"},\"thumbnailUrl\":\"https:\/\/tastysailing.com\/pl\/wp-content\/uploads\/sites\/2\/2016\/02\/aivalis_nemea.jpg\",\"datePublished\":\"2016-03-31T10:00:31+00:00\",\"dateModified\":\"2025-08-26T14:57:43+00:00\",\"breadcrumb\":{\"@id\":\"https:\/\/tastysailing.com\/pl\/produkt\/989\/#breadcrumb\"},\"inLanguage\":\"pl-PL\",\"potentialAction\":[{\"@type\":\"ReadAction\",\"target\":[\"https:\/\/tastysailing.com\/pl\/produkt\/989\/\"]}]},{\"@type\":\"ImageObject\",\"inLanguage\":\"pl-PL\",\"@id\":\"https:\/\/tastysailing.com\/pl\/produkt\/989\/#primaryimage\",\"url\":\"https:\/\/tastysailing.com\/pl\/wp-content\/uploads\/sites\/2\/2016\/02\/aivalis_nemea.jpg\",\"contentUrl\":\"https:\/\/tastysailing.com\/pl\/wp-content\/uploads\/sites\/2\/2016\/02\/aivalis_nemea.jpg\",\"width\":346,\"height\":766,\"caption\":\"\u039a\u03c4\u03ae\u03bc\u03b1 \u0391\u03b9\u03b2\u03b1\u03bb\u03ae \u039d\u03b5\u03bc\u03ad\u03b1 \/ Domain Ayvali Nemea\"},{\"@type\":\"BreadcrumbList\",\"@id\":\"https:\/\/tastysailing.com\/pl\/produkt\/989\/#breadcrumb\",\"itemListElement\":[{\"@type\":\"ListItem\",\"position\":1,\"name\":\"Strona g\u0142\u00f3wna\",\"item\":\"https:\/\/tastysailing.com\/pl\/\"},{\"@type\":\"ListItem\",\"position\":2,\"name\":\"Produkty\",\"item\":\"https:\/\/tastysailing.com\/pl\/shop\/\"}]},{\"@type\":\"WebSite\",\"@id\":\"https:\/\/tastysailing.com\/pl\/#website\",\"url\":\"https:\/\/tastysailing.com\/pl\/\",\"name\":\"Tasty Sailing - Zasmakuj w podr\u00f3\u017cy!\",\"description\":\"Kulinarne podr\u00f3\u017ce po Grecji\",\"potentialAction\":[{\"@type\":\"SearchAction\",\"target\":{\"@type\":\"EntryPoint\",\"urlTemplate\":\"https:\/\/tastysailing.com\/pl\/?s={search_term_string}\"},\"query-input\":{\"@type\":\"PropertyValueSpecification\",\"valueRequired\":true,\"valueName\":\"search_term_string\"}}],\"inLanguage\":\"pl-PL\"}]}<\/script>\n<!-- \/ Yoast SEO plugin. -->","yoast_head_json":{"title":"- Tasty Sailing - Zasmakuj w podr\u00f3\u017cy!","robots":{"index":"index","follow":"follow","max-snippet":"max-snippet:-1","max-image-preview":"max-image-preview:large","max-video-preview":"max-video-preview:-1"},"canonical":"https:\/\/tastysailing.com\/pl\/produkt\/989\/","og_locale":"pl_PL","og_type":"article","og_title":"- Tasty Sailing - Zasmakuj w podr\u00f3\u017cy!","og_description":"Dry Red Agiorgitiko 100% Particularly intense and complex nose, with plum, sour cherry and ripe strawberry standing out, accompanied by violet, nuts and herbal hints of green tea. Spicy feeling with black pepper, clove and vanilla complementing the primary aromas and oak, damp earth, smoke, ink and hints of bitter chocolate completing the rich depth and character set. Robust mouth with well worked moderate tannins and balanced acidity. Cherry, plum and toast dominate while the intensely spicy sense accompanies the bitter chocolate in the long-lasting aftertaste.","og_url":"https:\/\/tastysailing.com\/pl\/produkt\/989\/","og_site_name":"Tasty Sailing - Zasmakuj w podr\u00f3\u017cy!","article_modified_time":"2025-08-26T14:57:43+00:00","og_image":[{"width":346,"height":766,"url":"https:\/\/tastysailing.com\/pl\/wp-content\/uploads\/sites\/2\/2016\/02\/aivalis_nemea.jpg","type":"image\/jpeg"}],"twitter_card":"summary_large_image","schema":{"@context":"https:\/\/schema.org","@graph":[{"@type":"WebPage","@id":"https:\/\/tastysailing.com\/pl\/produkt\/989\/","url":"https:\/\/tastysailing.com\/pl\/produkt\/989\/","name":"- Tasty Sailing - Zasmakuj w podr\u00f3\u017cy!","isPartOf":{"@id":"https:\/\/tastysailing.com\/pl\/#website"},"primaryImageOfPage":{"@id":"https:\/\/tastysailing.com\/pl\/produkt\/989\/#primaryimage"},"image":{"@id":"https:\/\/tastysailing.com\/pl\/produkt\/989\/#primaryimage"},"thumbnailUrl":"https:\/\/tastysailing.com\/pl\/wp-content\/uploads\/sites\/2\/2016\/02\/aivalis_nemea.jpg","datePublished":"2016-03-31T10:00:31+00:00","dateModified":"2025-08-26T14:57:43+00:00","breadcrumb":{"@id":"https:\/\/tastysailing.com\/pl\/produkt\/989\/#breadcrumb"},"inLanguage":"pl-PL","potentialAction":[{"@type":"ReadAction","target":["https:\/\/tastysailing.com\/pl\/produkt\/989\/"]}]},{"@type":"ImageObject","inLanguage":"pl-PL","@id":"https:\/\/tastysailing.com\/pl\/produkt\/989\/#primaryimage","url":"https:\/\/tastysailing.com\/pl\/wp-content\/uploads\/sites\/2\/2016\/02\/aivalis_nemea.jpg","contentUrl":"https:\/\/tastysailing.com\/pl\/wp-content\/uploads\/sites\/2\/2016\/02\/aivalis_nemea.jpg","width":346,"height":766,"caption":"\u039a\u03c4\u03ae\u03bc\u03b1 \u0391\u03b9\u03b2\u03b1\u03bb\u03ae \u039d\u03b5\u03bc\u03ad\u03b1 \/ Domain Ayvali Nemea"},{"@type":"BreadcrumbList","@id":"https:\/\/tastysailing.com\/pl\/produkt\/989\/#breadcrumb","itemListElement":[{"@type":"ListItem","position":1,"name":"Strona g\u0142\u00f3wna","item":"https:\/\/tastysailing.com\/pl\/"},{"@type":"ListItem","position":2,"name":"Produkty","item":"https:\/\/tastysailing.com\/pl\/shop\/"}]},{"@type":"WebSite","@id":"https:\/\/tastysailing.com\/pl\/#website","url":"https:\/\/tastysailing.com\/pl\/","name":"Tasty Sailing - Zasmakuj w podr\u00f3\u017cy!","description":"Kulinarne podr\u00f3\u017ce po Grecji","potentialAction":[{"@type":"SearchAction","target":{"@type":"EntryPoint","urlTemplate":"https:\/\/tastysailing.com\/pl\/?s={search_term_string}"},"query-input":{"@type":"PropertyValueSpecification","valueRequired":true,"valueName":"search_term_string"}}],"inLanguage":"pl-PL"}]}},"_links":{"self":[{"href":"https:\/\/tastysailing.com\/pl\/wp-json\/wp\/v2\/product\/989","targetHints":{"allow":["GET"]}}],"collection":[{"href":"https:\/\/tastysailing.com\/pl\/wp-json\/wp\/v2\/product"}],"about":[{"href":"https:\/\/tastysailing.com\/pl\/wp-json\/wp\/v2\/types\/product"}],"replies":[{"embeddable":true,"href":"https:\/\/tastysailing.com\/pl\/wp-json\/wp\/v2\/comments?post=989"}],"wp:featuredmedia":[{"embeddable":true,"href":"https:\/\/tastysailing.com\/pl\/wp-json\/wp\/v2\/media\/943"}],"wp:attachment":[{"href":"https:\/\/tastysailing.com\/pl\/wp-json\/wp\/v2\/media?parent=989"}],"wp:term":[{"taxonomy":"product_cat","embeddable":true,"href":"https:\/\/tastysailing.com\/pl\/wp-json\/wp\/v2\/product_cat?post=989"},{"taxonomy":"product_tag","embeddable":true,"href":"https:\/\/tastysailing.com\/pl\/wp-json\/wp\/v2\/product_tag?post=989"}],"curies":[{"name":"wp","href":"https:\/\/api.w.org\/{rel}","templated":true}]}}