{"id":988,"date":"2016-03-31T11:58:21","date_gmt":"2016-03-31T09:58:21","guid":{"rendered":"http:\/\/tastysailing.com\/pl\/?post_type=product&#038;p=988"},"modified":"2026-04-26T12:39:27","modified_gmt":"2026-04-26T10:39:27","slug":"whisper-muscat-%cf%88%ce%af%ce%b8%cf%85%cf%81%ce%bf%cf%82-%ce%bc%ce%bf%cf%83%cf%87%ce%ac%cf%84%ce%bf","status":"publish","type":"product","link":"https:\/\/tastysailing.com\/pl\/produkt\/whisper-muscat-%cf%88%ce%af%ce%b8%cf%85%cf%81%ce%bf%cf%82-%ce%bc%ce%bf%cf%83%cf%87%ce%ac%cf%84%ce%bf\/","title":{"rendered":"Whisper Muscat \/ \u03a8\u03af\u03b8\u03c5\u03c1\u03bf\u03c2, \u039c\u03bf\u03c3\u03c7\u03ac\u03c4\u03bf"},"content":{"rendered":"<p>Dry White<\/p>\n<p>Malvasia<br \/>\nMuscat \/ Spinas<\/p>\n<p>Aromatic clone of Muscat which takes its name from the village of Spina in Crete and in the capable hands of Irene Daskalaki gives a wine with aromas that do not whisper, but with great intensity. Grape, floral hints of rose petals and more exotic fruits like pineapple and mango leads to refreshing mouth full of finesse.<\/p>\n","protected":false},"excerpt":{"rendered":"<p>Dry White<\/p>\n<p>Malvasia<br \/>\nMuscat \/ Spinas<\/p>\n<p>Aromatic clone of Muscat which takes its name from the village of Spina in Crete and in the capable hands of Irene Daskalaki gives a wine with aromas that do not whisper, but with great intensity. Grape, floral hints of rose petals and more exotic fruits like pineapple and mango leads to refreshing mouth full of finesse.<\/p>\n","protected":false},"featured_media":960,"comment_status":"open","ping_status":"closed","template":"","meta":[],"product_cat":[16],"product_tag":[],"class_list":{"0":"post-988","1":"product","2":"type-product","3":"status-publish","4":"has-post-thumbnail","6":"product_cat-biale","8":"first","9":"instock","10":"shipping-taxable","11":"purchasable","12":"product-type-simple"},"yoast_head":"<!-- This site is optimized with the Yoast SEO plugin v23.9 - https:\/\/yoast.com\/wordpress\/plugins\/seo\/ -->\n<title>Whisper Muscat \/ \u03a8\u03af\u03b8\u03c5\u03c1\u03bf\u03c2, \u039c\u03bf\u03c3\u03c7\u03ac\u03c4\u03bf - Tasty Sailing - Zasmakuj w podr\u00f3\u017cy!<\/title>\n<meta name=\"robots\" content=\"index, follow, max-snippet:-1, max-image-preview:large, max-video-preview:-1\" \/>\n<link rel=\"canonical\" href=\"https:\/\/tastysailing.com\/pl\/produkt\/whisper-muscat-\u03c8\u03af\u03b8\u03c5\u03c1\u03bf\u03c2-\u03bc\u03bf\u03c3\u03c7\u03ac\u03c4\u03bf\/\" \/>\n<meta property=\"og:locale\" content=\"pl_PL\" \/>\n<meta property=\"og:type\" content=\"article\" \/>\n<meta property=\"og:title\" content=\"Whisper Muscat \/ \u03a8\u03af\u03b8\u03c5\u03c1\u03bf\u03c2, \u039c\u03bf\u03c3\u03c7\u03ac\u03c4\u03bf - Tasty Sailing - Zasmakuj w podr\u00f3\u017cy!\" \/>\n<meta property=\"og:description\" content=\"Dry White Malvasia Muscat \/ Spinas Aromatic clone of Muscat which takes its name from the village of Spina in Crete and in the capable hands of Irene Daskalaki gives a wine with aromas that do not whisper, but with great intensity. Grape, floral hints of rose petals and more exotic fruits like pineapple and mango leads to refreshing mouth full of finesse.\" \/>\n<meta property=\"og:url\" content=\"https:\/\/tastysailing.com\/pl\/produkt\/whisper-muscat-\u03c8\u03af\u03b8\u03c5\u03c1\u03bf\u03c2-\u03bc\u03bf\u03c3\u03c7\u03ac\u03c4\u03bf\/\" \/>\n<meta property=\"og:site_name\" content=\"Tasty Sailing - Zasmakuj w podr\u00f3\u017cy!\" \/>\n<meta property=\"article:modified_time\" content=\"2026-04-26T10:39:27+00:00\" \/>\n<meta property=\"og:image\" content=\"https:\/\/tastysailing.com\/pl\/wp-content\/uploads\/sites\/2\/2016\/02\/silva_malvasia.jpg\" \/>\n\t<meta property=\"og:image:width\" content=\"346\" \/>\n\t<meta property=\"og:image:height\" content=\"766\" \/>\n\t<meta property=\"og:image:type\" content=\"image\/jpeg\" \/>\n<meta name=\"twitter:card\" content=\"summary_large_image\" \/>\n<script type=\"application\/ld+json\" class=\"yoast-schema-graph\">{\"@context\":\"https:\/\/schema.org\",\"@graph\":[{\"@type\":\"WebPage\",\"@id\":\"https:\/\/tastysailing.com\/pl\/produkt\/whisper-muscat-%cf%88%ce%af%ce%b8%cf%85%cf%81%ce%bf%cf%82-%ce%bc%ce%bf%cf%83%cf%87%ce%ac%cf%84%ce%bf\/\",\"url\":\"https:\/\/tastysailing.com\/pl\/produkt\/whisper-muscat-%cf%88%ce%af%ce%b8%cf%85%cf%81%ce%bf%cf%82-%ce%bc%ce%bf%cf%83%cf%87%ce%ac%cf%84%ce%bf\/\",\"name\":\"Whisper Muscat \/ \u03a8\u03af\u03b8\u03c5\u03c1\u03bf\u03c2, \u039c\u03bf\u03c3\u03c7\u03ac\u03c4\u03bf - Tasty Sailing - Zasmakuj w podr\u00f3\u017cy!\",\"isPartOf\":{\"@id\":\"https:\/\/tastysailing.com\/pl\/#website\"},\"primaryImageOfPage\":{\"@id\":\"https:\/\/tastysailing.com\/pl\/produkt\/whisper-muscat-%cf%88%ce%af%ce%b8%cf%85%cf%81%ce%bf%cf%82-%ce%bc%ce%bf%cf%83%cf%87%ce%ac%cf%84%ce%bf\/#primaryimage\"},\"image\":{\"@id\":\"https:\/\/tastysailing.com\/pl\/produkt\/whisper-muscat-%cf%88%ce%af%ce%b8%cf%85%cf%81%ce%bf%cf%82-%ce%bc%ce%bf%cf%83%cf%87%ce%ac%cf%84%ce%bf\/#primaryimage\"},\"thumbnailUrl\":\"https:\/\/tastysailing.com\/pl\/wp-content\/uploads\/sites\/2\/2016\/02\/silva_malvasia.jpg\",\"datePublished\":\"2016-03-31T09:58:21+00:00\",\"dateModified\":\"2026-04-26T10:39:27+00:00\",\"breadcrumb\":{\"@id\":\"https:\/\/tastysailing.com\/pl\/produkt\/whisper-muscat-%cf%88%ce%af%ce%b8%cf%85%cf%81%ce%bf%cf%82-%ce%bc%ce%bf%cf%83%cf%87%ce%ac%cf%84%ce%bf\/#breadcrumb\"},\"inLanguage\":\"pl-PL\",\"potentialAction\":[{\"@type\":\"ReadAction\",\"target\":[\"https:\/\/tastysailing.com\/pl\/produkt\/whisper-muscat-%cf%88%ce%af%ce%b8%cf%85%cf%81%ce%bf%cf%82-%ce%bc%ce%bf%cf%83%cf%87%ce%ac%cf%84%ce%bf\/\"]}]},{\"@type\":\"ImageObject\",\"inLanguage\":\"pl-PL\",\"@id\":\"https:\/\/tastysailing.com\/pl\/produkt\/whisper-muscat-%cf%88%ce%af%ce%b8%cf%85%cf%81%ce%bf%cf%82-%ce%bc%ce%bf%cf%83%cf%87%ce%ac%cf%84%ce%bf\/#primaryimage\",\"url\":\"https:\/\/tastysailing.com\/pl\/wp-content\/uploads\/sites\/2\/2016\/02\/silva_malvasia.jpg\",\"contentUrl\":\"https:\/\/tastysailing.com\/pl\/wp-content\/uploads\/sites\/2\/2016\/02\/silva_malvasia.jpg\",\"width\":346,\"height\":766,\"caption\":\"Whisper Muscat \/ \u03a8\u03af\u03b8\u03c5\u03c1\u03bf\u03c2, \u039c\u03bf\u03c3\u03c7\u03ac\u03c4\u03bf\"},{\"@type\":\"BreadcrumbList\",\"@id\":\"https:\/\/tastysailing.com\/pl\/produkt\/whisper-muscat-%cf%88%ce%af%ce%b8%cf%85%cf%81%ce%bf%cf%82-%ce%bc%ce%bf%cf%83%cf%87%ce%ac%cf%84%ce%bf\/#breadcrumb\",\"itemListElement\":[{\"@type\":\"ListItem\",\"position\":1,\"name\":\"Strona g\u0142\u00f3wna\",\"item\":\"https:\/\/tastysailing.com\/pl\/\"},{\"@type\":\"ListItem\",\"position\":2,\"name\":\"Produkty\",\"item\":\"https:\/\/tastysailing.com\/pl\/shop\/\"},{\"@type\":\"ListItem\",\"position\":3,\"name\":\"Whisper Muscat \/ \u03a8\u03af\u03b8\u03c5\u03c1\u03bf\u03c2, \u039c\u03bf\u03c3\u03c7\u03ac\u03c4\u03bf\"}]},{\"@type\":\"WebSite\",\"@id\":\"https:\/\/tastysailing.com\/pl\/#website\",\"url\":\"https:\/\/tastysailing.com\/pl\/\",\"name\":\"Tasty Sailing - Zasmakuj w podr\u00f3\u017cy!\",\"description\":\"Kulinarne podr\u00f3\u017ce po Grecji\",\"potentialAction\":[{\"@type\":\"SearchAction\",\"target\":{\"@type\":\"EntryPoint\",\"urlTemplate\":\"https:\/\/tastysailing.com\/pl\/?s={search_term_string}\"},\"query-input\":{\"@type\":\"PropertyValueSpecification\",\"valueRequired\":true,\"valueName\":\"search_term_string\"}}],\"inLanguage\":\"pl-PL\"}]}<\/script>\n<!-- \/ Yoast SEO plugin. -->","yoast_head_json":{"title":"Whisper Muscat \/ \u03a8\u03af\u03b8\u03c5\u03c1\u03bf\u03c2, \u039c\u03bf\u03c3\u03c7\u03ac\u03c4\u03bf - Tasty Sailing - Zasmakuj w podr\u00f3\u017cy!","robots":{"index":"index","follow":"follow","max-snippet":"max-snippet:-1","max-image-preview":"max-image-preview:large","max-video-preview":"max-video-preview:-1"},"canonical":"https:\/\/tastysailing.com\/pl\/produkt\/whisper-muscat-\u03c8\u03af\u03b8\u03c5\u03c1\u03bf\u03c2-\u03bc\u03bf\u03c3\u03c7\u03ac\u03c4\u03bf\/","og_locale":"pl_PL","og_type":"article","og_title":"Whisper Muscat \/ \u03a8\u03af\u03b8\u03c5\u03c1\u03bf\u03c2, \u039c\u03bf\u03c3\u03c7\u03ac\u03c4\u03bf - Tasty Sailing - Zasmakuj w podr\u00f3\u017cy!","og_description":"Dry White Malvasia Muscat \/ Spinas Aromatic clone of Muscat which takes its name from the village of Spina in Crete and in the capable hands of Irene Daskalaki gives a wine with aromas that do not whisper, but with great intensity. Grape, floral hints of rose petals and more exotic fruits like pineapple and mango leads to refreshing mouth full of finesse.","og_url":"https:\/\/tastysailing.com\/pl\/produkt\/whisper-muscat-\u03c8\u03af\u03b8\u03c5\u03c1\u03bf\u03c2-\u03bc\u03bf\u03c3\u03c7\u03ac\u03c4\u03bf\/","og_site_name":"Tasty Sailing - Zasmakuj w podr\u00f3\u017cy!","article_modified_time":"2026-04-26T10:39:27+00:00","og_image":[{"width":346,"height":766,"url":"https:\/\/tastysailing.com\/pl\/wp-content\/uploads\/sites\/2\/2016\/02\/silva_malvasia.jpg","type":"image\/jpeg"}],"twitter_card":"summary_large_image","schema":{"@context":"https:\/\/schema.org","@graph":[{"@type":"WebPage","@id":"https:\/\/tastysailing.com\/pl\/produkt\/whisper-muscat-%cf%88%ce%af%ce%b8%cf%85%cf%81%ce%bf%cf%82-%ce%bc%ce%bf%cf%83%cf%87%ce%ac%cf%84%ce%bf\/","url":"https:\/\/tastysailing.com\/pl\/produkt\/whisper-muscat-%cf%88%ce%af%ce%b8%cf%85%cf%81%ce%bf%cf%82-%ce%bc%ce%bf%cf%83%cf%87%ce%ac%cf%84%ce%bf\/","name":"Whisper Muscat \/ \u03a8\u03af\u03b8\u03c5\u03c1\u03bf\u03c2, \u039c\u03bf\u03c3\u03c7\u03ac\u03c4\u03bf - Tasty Sailing - Zasmakuj w podr\u00f3\u017cy!","isPartOf":{"@id":"https:\/\/tastysailing.com\/pl\/#website"},"primaryImageOfPage":{"@id":"https:\/\/tastysailing.com\/pl\/produkt\/whisper-muscat-%cf%88%ce%af%ce%b8%cf%85%cf%81%ce%bf%cf%82-%ce%bc%ce%bf%cf%83%cf%87%ce%ac%cf%84%ce%bf\/#primaryimage"},"image":{"@id":"https:\/\/tastysailing.com\/pl\/produkt\/whisper-muscat-%cf%88%ce%af%ce%b8%cf%85%cf%81%ce%bf%cf%82-%ce%bc%ce%bf%cf%83%cf%87%ce%ac%cf%84%ce%bf\/#primaryimage"},"thumbnailUrl":"https:\/\/tastysailing.com\/pl\/wp-content\/uploads\/sites\/2\/2016\/02\/silva_malvasia.jpg","datePublished":"2016-03-31T09:58:21+00:00","dateModified":"2026-04-26T10:39:27+00:00","breadcrumb":{"@id":"https:\/\/tastysailing.com\/pl\/produkt\/whisper-muscat-%cf%88%ce%af%ce%b8%cf%85%cf%81%ce%bf%cf%82-%ce%bc%ce%bf%cf%83%cf%87%ce%ac%cf%84%ce%bf\/#breadcrumb"},"inLanguage":"pl-PL","potentialAction":[{"@type":"ReadAction","target":["https:\/\/tastysailing.com\/pl\/produkt\/whisper-muscat-%cf%88%ce%af%ce%b8%cf%85%cf%81%ce%bf%cf%82-%ce%bc%ce%bf%cf%83%cf%87%ce%ac%cf%84%ce%bf\/"]}]},{"@type":"ImageObject","inLanguage":"pl-PL","@id":"https:\/\/tastysailing.com\/pl\/produkt\/whisper-muscat-%cf%88%ce%af%ce%b8%cf%85%cf%81%ce%bf%cf%82-%ce%bc%ce%bf%cf%83%cf%87%ce%ac%cf%84%ce%bf\/#primaryimage","url":"https:\/\/tastysailing.com\/pl\/wp-content\/uploads\/sites\/2\/2016\/02\/silva_malvasia.jpg","contentUrl":"https:\/\/tastysailing.com\/pl\/wp-content\/uploads\/sites\/2\/2016\/02\/silva_malvasia.jpg","width":346,"height":766,"caption":"Whisper Muscat \/ \u03a8\u03af\u03b8\u03c5\u03c1\u03bf\u03c2, \u039c\u03bf\u03c3\u03c7\u03ac\u03c4\u03bf"},{"@type":"BreadcrumbList","@id":"https:\/\/tastysailing.com\/pl\/produkt\/whisper-muscat-%cf%88%ce%af%ce%b8%cf%85%cf%81%ce%bf%cf%82-%ce%bc%ce%bf%cf%83%cf%87%ce%ac%cf%84%ce%bf\/#breadcrumb","itemListElement":[{"@type":"ListItem","position":1,"name":"Strona g\u0142\u00f3wna","item":"https:\/\/tastysailing.com\/pl\/"},{"@type":"ListItem","position":2,"name":"Produkty","item":"https:\/\/tastysailing.com\/pl\/shop\/"},{"@type":"ListItem","position":3,"name":"Whisper Muscat \/ \u03a8\u03af\u03b8\u03c5\u03c1\u03bf\u03c2, \u039c\u03bf\u03c3\u03c7\u03ac\u03c4\u03bf"}]},{"@type":"WebSite","@id":"https:\/\/tastysailing.com\/pl\/#website","url":"https:\/\/tastysailing.com\/pl\/","name":"Tasty Sailing - Zasmakuj w podr\u00f3\u017cy!","description":"Kulinarne podr\u00f3\u017ce po Grecji","potentialAction":[{"@type":"SearchAction","target":{"@type":"EntryPoint","urlTemplate":"https:\/\/tastysailing.com\/pl\/?s={search_term_string}"},"query-input":{"@type":"PropertyValueSpecification","valueRequired":true,"valueName":"search_term_string"}}],"inLanguage":"pl-PL"}]}},"_links":{"self":[{"href":"https:\/\/tastysailing.com\/pl\/wp-json\/wp\/v2\/product\/988","targetHints":{"allow":["GET"]}}],"collection":[{"href":"https:\/\/tastysailing.com\/pl\/wp-json\/wp\/v2\/product"}],"about":[{"href":"https:\/\/tastysailing.com\/pl\/wp-json\/wp\/v2\/types\/product"}],"replies":[{"embeddable":true,"href":"https:\/\/tastysailing.com\/pl\/wp-json\/wp\/v2\/comments?post=988"}],"wp:featuredmedia":[{"embeddable":true,"href":"https:\/\/tastysailing.com\/pl\/wp-json\/wp\/v2\/media\/960"}],"wp:attachment":[{"href":"https:\/\/tastysailing.com\/pl\/wp-json\/wp\/v2\/media?parent=988"}],"wp:term":[{"taxonomy":"product_cat","embeddable":true,"href":"https:\/\/tastysailing.com\/pl\/wp-json\/wp\/v2\/product_cat?post=988"},{"taxonomy":"product_tag","embeddable":true,"href":"https:\/\/tastysailing.com\/pl\/wp-json\/wp\/v2\/product_tag?post=988"}],"curies":[{"name":"wp","href":"https:\/\/api.w.org\/{rel}","templated":true}]}}