{"id":987,"date":"2016-03-31T11:57:17","date_gmt":"2016-03-31T09:57:17","guid":{"rendered":"http:\/\/tastysailing.com\/pl\/?post_type=product&#038;p=987"},"modified":"2026-05-04T21:30:32","modified_gmt":"2026-05-04T19:30:32","slug":"thalassitis-barrel-%ce%b8%ce%b1%ce%bb%ce%b1%cf%83%cf%83%ce%af%cf%84%ce%b7%cf%82-%ce%b2%ce%b1%cf%81%ce%ad%ce%bb%ce%b9","status":"publish","type":"product","link":"https:\/\/tastysailing.com\/pl\/produkt\/thalassitis-barrel-%ce%b8%ce%b1%ce%bb%ce%b1%cf%83%cf%83%ce%af%cf%84%ce%b7%cf%82-%ce%b2%ce%b1%cf%81%ce%ad%ce%bb%ce%b9\/","title":{"rendered":"Thalassitis Barrel \/ \u0398\u03b1\u03bb\u03b1\u03c3\u03c3\u03af\u03c4\u03b7\u03c2 \u0392\u03b1\u03c1\u03ad\u03bb\u03b9"},"content":{"rendered":"<p>Dry White<\/p>\n<p>Assyrtiko 100%<\/p>\n<p>The Thalassitis Barrel travels favorite Assyrtiko Santorini to another level. The lemon, metal aromatic character of the variety and the sharp acidity of the \u201cdressed\u201d with the spicy flavor of the oak barrel jacket and looking psarofagikous grilled delicacies to make your perfect party<\/p>\n","protected":false},"excerpt":{"rendered":"<p>Dry White<\/p>\n<p>Assyrtiko 100%<\/p>\n<p>The Thalassitis Barrel travels favorite Assyrtiko Santorini to another level. The lemon, metal aromatic character of the variety and the sharp acidity of the \u201cdressed\u201d with the spicy flavor of the oak barrel jacket and looking psarofagikous grilled delicacies to make your perfect party<\/p>\n","protected":false},"featured_media":961,"comment_status":"open","ping_status":"closed","template":"","meta":[],"product_cat":[16],"product_tag":[],"class_list":{"0":"post-987","1":"product","2":"type-product","3":"status-publish","4":"has-post-thumbnail","6":"product_cat-biale","8":"first","9":"instock","10":"shipping-taxable","11":"purchasable","12":"product-type-simple"},"yoast_head":"<!-- This site is optimized with the Yoast SEO plugin v23.9 - https:\/\/yoast.com\/wordpress\/plugins\/seo\/ -->\n<title>Thalassitis Barrel \/ \u0398\u03b1\u03bb\u03b1\u03c3\u03c3\u03af\u03c4\u03b7\u03c2 \u0392\u03b1\u03c1\u03ad\u03bb\u03b9 - Tasty Sailing - Zasmakuj w podr\u00f3\u017cy!<\/title>\n<meta name=\"robots\" content=\"index, follow, max-snippet:-1, max-image-preview:large, max-video-preview:-1\" \/>\n<link rel=\"canonical\" href=\"https:\/\/tastysailing.com\/pl\/produkt\/thalassitis-barrel-\u03b8\u03b1\u03bb\u03b1\u03c3\u03c3\u03af\u03c4\u03b7\u03c2-\u03b2\u03b1\u03c1\u03ad\u03bb\u03b9\/\" \/>\n<meta property=\"og:locale\" content=\"pl_PL\" \/>\n<meta property=\"og:type\" content=\"article\" \/>\n<meta property=\"og:title\" content=\"Thalassitis Barrel \/ \u0398\u03b1\u03bb\u03b1\u03c3\u03c3\u03af\u03c4\u03b7\u03c2 \u0392\u03b1\u03c1\u03ad\u03bb\u03b9 - Tasty Sailing - Zasmakuj w podr\u00f3\u017cy!\" \/>\n<meta property=\"og:description\" content=\"Dry White Assyrtiko 100% The Thalassitis Barrel travels favorite Assyrtiko Santorini to another level. The lemon, metal aromatic character of the variety and the sharp acidity of the \u201cdressed\u201d with the spicy flavor of the oak barrel jacket and looking psarofagikous grilled delicacies to make your perfect party\" \/>\n<meta property=\"og:url\" content=\"https:\/\/tastysailing.com\/pl\/produkt\/thalassitis-barrel-\u03b8\u03b1\u03bb\u03b1\u03c3\u03c3\u03af\u03c4\u03b7\u03c2-\u03b2\u03b1\u03c1\u03ad\u03bb\u03b9\/\" \/>\n<meta property=\"og:site_name\" content=\"Tasty Sailing - Zasmakuj w podr\u00f3\u017cy!\" \/>\n<meta property=\"article:modified_time\" content=\"2026-05-04T19:30:32+00:00\" \/>\n<meta property=\"og:image\" content=\"https:\/\/tastysailing.com\/pl\/wp-content\/uploads\/sites\/2\/2016\/02\/thallasitis_barrel.jpg\" \/>\n\t<meta property=\"og:image:width\" content=\"346\" \/>\n\t<meta property=\"og:image:height\" content=\"766\" \/>\n\t<meta property=\"og:image:type\" content=\"image\/jpeg\" \/>\n<meta name=\"twitter:card\" content=\"summary_large_image\" \/>\n<script type=\"application\/ld+json\" class=\"yoast-schema-graph\">{\"@context\":\"https:\/\/schema.org\",\"@graph\":[{\"@type\":\"WebPage\",\"@id\":\"https:\/\/tastysailing.com\/pl\/produkt\/thalassitis-barrel-%ce%b8%ce%b1%ce%bb%ce%b1%cf%83%cf%83%ce%af%cf%84%ce%b7%cf%82-%ce%b2%ce%b1%cf%81%ce%ad%ce%bb%ce%b9\/\",\"url\":\"https:\/\/tastysailing.com\/pl\/produkt\/thalassitis-barrel-%ce%b8%ce%b1%ce%bb%ce%b1%cf%83%cf%83%ce%af%cf%84%ce%b7%cf%82-%ce%b2%ce%b1%cf%81%ce%ad%ce%bb%ce%b9\/\",\"name\":\"Thalassitis Barrel \/ \u0398\u03b1\u03bb\u03b1\u03c3\u03c3\u03af\u03c4\u03b7\u03c2 \u0392\u03b1\u03c1\u03ad\u03bb\u03b9 - Tasty Sailing - Zasmakuj w podr\u00f3\u017cy!\",\"isPartOf\":{\"@id\":\"https:\/\/tastysailing.com\/pl\/#website\"},\"primaryImageOfPage\":{\"@id\":\"https:\/\/tastysailing.com\/pl\/produkt\/thalassitis-barrel-%ce%b8%ce%b1%ce%bb%ce%b1%cf%83%cf%83%ce%af%cf%84%ce%b7%cf%82-%ce%b2%ce%b1%cf%81%ce%ad%ce%bb%ce%b9\/#primaryimage\"},\"image\":{\"@id\":\"https:\/\/tastysailing.com\/pl\/produkt\/thalassitis-barrel-%ce%b8%ce%b1%ce%bb%ce%b1%cf%83%cf%83%ce%af%cf%84%ce%b7%cf%82-%ce%b2%ce%b1%cf%81%ce%ad%ce%bb%ce%b9\/#primaryimage\"},\"thumbnailUrl\":\"https:\/\/tastysailing.com\/pl\/wp-content\/uploads\/sites\/2\/2016\/02\/thallasitis_barrel.jpg\",\"datePublished\":\"2016-03-31T09:57:17+00:00\",\"dateModified\":\"2026-05-04T19:30:32+00:00\",\"breadcrumb\":{\"@id\":\"https:\/\/tastysailing.com\/pl\/produkt\/thalassitis-barrel-%ce%b8%ce%b1%ce%bb%ce%b1%cf%83%cf%83%ce%af%cf%84%ce%b7%cf%82-%ce%b2%ce%b1%cf%81%ce%ad%ce%bb%ce%b9\/#breadcrumb\"},\"inLanguage\":\"pl-PL\",\"potentialAction\":[{\"@type\":\"ReadAction\",\"target\":[\"https:\/\/tastysailing.com\/pl\/produkt\/thalassitis-barrel-%ce%b8%ce%b1%ce%bb%ce%b1%cf%83%cf%83%ce%af%cf%84%ce%b7%cf%82-%ce%b2%ce%b1%cf%81%ce%ad%ce%bb%ce%b9\/\"]}]},{\"@type\":\"ImageObject\",\"inLanguage\":\"pl-PL\",\"@id\":\"https:\/\/tastysailing.com\/pl\/produkt\/thalassitis-barrel-%ce%b8%ce%b1%ce%bb%ce%b1%cf%83%cf%83%ce%af%cf%84%ce%b7%cf%82-%ce%b2%ce%b1%cf%81%ce%ad%ce%bb%ce%b9\/#primaryimage\",\"url\":\"https:\/\/tastysailing.com\/pl\/wp-content\/uploads\/sites\/2\/2016\/02\/thallasitis_barrel.jpg\",\"contentUrl\":\"https:\/\/tastysailing.com\/pl\/wp-content\/uploads\/sites\/2\/2016\/02\/thallasitis_barrel.jpg\",\"width\":346,\"height\":766,\"caption\":\"Thalassitis Barrel \/ \u0398\u03b1\u03bb\u03b1\u03c3\u03c3\u03af\u03c4\u03b7\u03c2 \u0392\u03b1\u03c1\u03ad\u03bb\u03b9\"},{\"@type\":\"BreadcrumbList\",\"@id\":\"https:\/\/tastysailing.com\/pl\/produkt\/thalassitis-barrel-%ce%b8%ce%b1%ce%bb%ce%b1%cf%83%cf%83%ce%af%cf%84%ce%b7%cf%82-%ce%b2%ce%b1%cf%81%ce%ad%ce%bb%ce%b9\/#breadcrumb\",\"itemListElement\":[{\"@type\":\"ListItem\",\"position\":1,\"name\":\"Strona g\u0142\u00f3wna\",\"item\":\"https:\/\/tastysailing.com\/pl\/\"},{\"@type\":\"ListItem\",\"position\":2,\"name\":\"Produkty\",\"item\":\"https:\/\/tastysailing.com\/pl\/shop\/\"},{\"@type\":\"ListItem\",\"position\":3,\"name\":\"Thalassitis Barrel \/ \u0398\u03b1\u03bb\u03b1\u03c3\u03c3\u03af\u03c4\u03b7\u03c2 \u0392\u03b1\u03c1\u03ad\u03bb\u03b9\"}]},{\"@type\":\"WebSite\",\"@id\":\"https:\/\/tastysailing.com\/pl\/#website\",\"url\":\"https:\/\/tastysailing.com\/pl\/\",\"name\":\"Tasty Sailing - Zasmakuj w podr\u00f3\u017cy!\",\"description\":\"Kulinarne podr\u00f3\u017ce po Grecji\",\"potentialAction\":[{\"@type\":\"SearchAction\",\"target\":{\"@type\":\"EntryPoint\",\"urlTemplate\":\"https:\/\/tastysailing.com\/pl\/?s={search_term_string}\"},\"query-input\":{\"@type\":\"PropertyValueSpecification\",\"valueRequired\":true,\"valueName\":\"search_term_string\"}}],\"inLanguage\":\"pl-PL\"}]}<\/script>\n<!-- \/ Yoast SEO plugin. -->","yoast_head_json":{"title":"Thalassitis Barrel \/ \u0398\u03b1\u03bb\u03b1\u03c3\u03c3\u03af\u03c4\u03b7\u03c2 \u0392\u03b1\u03c1\u03ad\u03bb\u03b9 - Tasty Sailing - Zasmakuj w podr\u00f3\u017cy!","robots":{"index":"index","follow":"follow","max-snippet":"max-snippet:-1","max-image-preview":"max-image-preview:large","max-video-preview":"max-video-preview:-1"},"canonical":"https:\/\/tastysailing.com\/pl\/produkt\/thalassitis-barrel-\u03b8\u03b1\u03bb\u03b1\u03c3\u03c3\u03af\u03c4\u03b7\u03c2-\u03b2\u03b1\u03c1\u03ad\u03bb\u03b9\/","og_locale":"pl_PL","og_type":"article","og_title":"Thalassitis Barrel \/ \u0398\u03b1\u03bb\u03b1\u03c3\u03c3\u03af\u03c4\u03b7\u03c2 \u0392\u03b1\u03c1\u03ad\u03bb\u03b9 - Tasty Sailing - Zasmakuj w podr\u00f3\u017cy!","og_description":"Dry White Assyrtiko 100% The Thalassitis Barrel travels favorite Assyrtiko Santorini to another level. The lemon, metal aromatic character of the variety and the sharp acidity of the \u201cdressed\u201d with the spicy flavor of the oak barrel jacket and looking psarofagikous grilled delicacies to make your perfect party","og_url":"https:\/\/tastysailing.com\/pl\/produkt\/thalassitis-barrel-\u03b8\u03b1\u03bb\u03b1\u03c3\u03c3\u03af\u03c4\u03b7\u03c2-\u03b2\u03b1\u03c1\u03ad\u03bb\u03b9\/","og_site_name":"Tasty Sailing - Zasmakuj w podr\u00f3\u017cy!","article_modified_time":"2026-05-04T19:30:32+00:00","og_image":[{"width":346,"height":766,"url":"https:\/\/tastysailing.com\/pl\/wp-content\/uploads\/sites\/2\/2016\/02\/thallasitis_barrel.jpg","type":"image\/jpeg"}],"twitter_card":"summary_large_image","schema":{"@context":"https:\/\/schema.org","@graph":[{"@type":"WebPage","@id":"https:\/\/tastysailing.com\/pl\/produkt\/thalassitis-barrel-%ce%b8%ce%b1%ce%bb%ce%b1%cf%83%cf%83%ce%af%cf%84%ce%b7%cf%82-%ce%b2%ce%b1%cf%81%ce%ad%ce%bb%ce%b9\/","url":"https:\/\/tastysailing.com\/pl\/produkt\/thalassitis-barrel-%ce%b8%ce%b1%ce%bb%ce%b1%cf%83%cf%83%ce%af%cf%84%ce%b7%cf%82-%ce%b2%ce%b1%cf%81%ce%ad%ce%bb%ce%b9\/","name":"Thalassitis Barrel \/ \u0398\u03b1\u03bb\u03b1\u03c3\u03c3\u03af\u03c4\u03b7\u03c2 \u0392\u03b1\u03c1\u03ad\u03bb\u03b9 - Tasty Sailing - Zasmakuj w podr\u00f3\u017cy!","isPartOf":{"@id":"https:\/\/tastysailing.com\/pl\/#website"},"primaryImageOfPage":{"@id":"https:\/\/tastysailing.com\/pl\/produkt\/thalassitis-barrel-%ce%b8%ce%b1%ce%bb%ce%b1%cf%83%cf%83%ce%af%cf%84%ce%b7%cf%82-%ce%b2%ce%b1%cf%81%ce%ad%ce%bb%ce%b9\/#primaryimage"},"image":{"@id":"https:\/\/tastysailing.com\/pl\/produkt\/thalassitis-barrel-%ce%b8%ce%b1%ce%bb%ce%b1%cf%83%cf%83%ce%af%cf%84%ce%b7%cf%82-%ce%b2%ce%b1%cf%81%ce%ad%ce%bb%ce%b9\/#primaryimage"},"thumbnailUrl":"https:\/\/tastysailing.com\/pl\/wp-content\/uploads\/sites\/2\/2016\/02\/thallasitis_barrel.jpg","datePublished":"2016-03-31T09:57:17+00:00","dateModified":"2026-05-04T19:30:32+00:00","breadcrumb":{"@id":"https:\/\/tastysailing.com\/pl\/produkt\/thalassitis-barrel-%ce%b8%ce%b1%ce%bb%ce%b1%cf%83%cf%83%ce%af%cf%84%ce%b7%cf%82-%ce%b2%ce%b1%cf%81%ce%ad%ce%bb%ce%b9\/#breadcrumb"},"inLanguage":"pl-PL","potentialAction":[{"@type":"ReadAction","target":["https:\/\/tastysailing.com\/pl\/produkt\/thalassitis-barrel-%ce%b8%ce%b1%ce%bb%ce%b1%cf%83%cf%83%ce%af%cf%84%ce%b7%cf%82-%ce%b2%ce%b1%cf%81%ce%ad%ce%bb%ce%b9\/"]}]},{"@type":"ImageObject","inLanguage":"pl-PL","@id":"https:\/\/tastysailing.com\/pl\/produkt\/thalassitis-barrel-%ce%b8%ce%b1%ce%bb%ce%b1%cf%83%cf%83%ce%af%cf%84%ce%b7%cf%82-%ce%b2%ce%b1%cf%81%ce%ad%ce%bb%ce%b9\/#primaryimage","url":"https:\/\/tastysailing.com\/pl\/wp-content\/uploads\/sites\/2\/2016\/02\/thallasitis_barrel.jpg","contentUrl":"https:\/\/tastysailing.com\/pl\/wp-content\/uploads\/sites\/2\/2016\/02\/thallasitis_barrel.jpg","width":346,"height":766,"caption":"Thalassitis Barrel \/ \u0398\u03b1\u03bb\u03b1\u03c3\u03c3\u03af\u03c4\u03b7\u03c2 \u0392\u03b1\u03c1\u03ad\u03bb\u03b9"},{"@type":"BreadcrumbList","@id":"https:\/\/tastysailing.com\/pl\/produkt\/thalassitis-barrel-%ce%b8%ce%b1%ce%bb%ce%b1%cf%83%cf%83%ce%af%cf%84%ce%b7%cf%82-%ce%b2%ce%b1%cf%81%ce%ad%ce%bb%ce%b9\/#breadcrumb","itemListElement":[{"@type":"ListItem","position":1,"name":"Strona g\u0142\u00f3wna","item":"https:\/\/tastysailing.com\/pl\/"},{"@type":"ListItem","position":2,"name":"Produkty","item":"https:\/\/tastysailing.com\/pl\/shop\/"},{"@type":"ListItem","position":3,"name":"Thalassitis Barrel \/ \u0398\u03b1\u03bb\u03b1\u03c3\u03c3\u03af\u03c4\u03b7\u03c2 \u0392\u03b1\u03c1\u03ad\u03bb\u03b9"}]},{"@type":"WebSite","@id":"https:\/\/tastysailing.com\/pl\/#website","url":"https:\/\/tastysailing.com\/pl\/","name":"Tasty Sailing - Zasmakuj w podr\u00f3\u017cy!","description":"Kulinarne podr\u00f3\u017ce po Grecji","potentialAction":[{"@type":"SearchAction","target":{"@type":"EntryPoint","urlTemplate":"https:\/\/tastysailing.com\/pl\/?s={search_term_string}"},"query-input":{"@type":"PropertyValueSpecification","valueRequired":true,"valueName":"search_term_string"}}],"inLanguage":"pl-PL"}]}},"_links":{"self":[{"href":"https:\/\/tastysailing.com\/pl\/wp-json\/wp\/v2\/product\/987","targetHints":{"allow":["GET"]}}],"collection":[{"href":"https:\/\/tastysailing.com\/pl\/wp-json\/wp\/v2\/product"}],"about":[{"href":"https:\/\/tastysailing.com\/pl\/wp-json\/wp\/v2\/types\/product"}],"replies":[{"embeddable":true,"href":"https:\/\/tastysailing.com\/pl\/wp-json\/wp\/v2\/comments?post=987"}],"wp:featuredmedia":[{"embeddable":true,"href":"https:\/\/tastysailing.com\/pl\/wp-json\/wp\/v2\/media\/961"}],"wp:attachment":[{"href":"https:\/\/tastysailing.com\/pl\/wp-json\/wp\/v2\/media?parent=987"}],"wp:term":[{"taxonomy":"product_cat","embeddable":true,"href":"https:\/\/tastysailing.com\/pl\/wp-json\/wp\/v2\/product_cat?post=987"},{"taxonomy":"product_tag","embeddable":true,"href":"https:\/\/tastysailing.com\/pl\/wp-json\/wp\/v2\/product_tag?post=987"}],"curies":[{"name":"wp","href":"https:\/\/api.w.org\/{rel}","templated":true}]}}