{"id":981,"date":"2016-03-31T11:49:28","date_gmt":"2016-03-31T09:49:28","guid":{"rendered":"http:\/\/tastysailing.com\/pl\/?post_type=product&#038;p=981"},"modified":"2025-08-26T16:45:04","modified_gmt":"2025-08-26T14:45:04","slug":"paraga-%cf%80%ce%b1%cf%81%ce%ac%ce%b3%ce%ba%ce%b1","status":"publish","type":"product","link":"https:\/\/tastysailing.com\/pl\/produkt\/paraga-%cf%80%ce%b1%cf%81%ce%ac%ce%b3%ce%ba%ce%b1\/","title":{"rendered":"Paraga \/ \u03a0\u03b1\u03c1\u03ac\u03b3\u03ba\u03b1"},"content":{"rendered":"<p>Dry White<\/p>\n<p>Roditis 80%<br \/>\nMalagouzia 20%<\/p>\n<p>\u0397 \u03a0\u03b1\u03c1\u03ac\u03b3\u03ba\u03b1 \u03b5\u03af\u03bd\u03b1\u03b9 \u03ad\u03bd\u03b1 \u03ba\u03c1\u03b1\u03c3\u03af \u03bc\u03b5 \u03ba\u03af\u03c4\u03c1\u03b9\u03bd\u03bf \u03c7\u03c1\u03ce\u03bc\u03b1 \u03ba\u03b1\u03b9 \u03b1\u03c7\u03c5\u03c1\u03ad\u03bd\u03b9\u03b5\u03c2 \u03b1\u03bd\u03c4\u03b1\u03cd\u03b3\u03b5\u03b9\u03b5\u03c2. \u03a4\u03c1\u03b1\u03b3\u03b1\u03bd\u03cc, \u03c6\u03c1\u03ad\u03c3\u03ba\u03bf, \u03bc\u03b5 \u03bd\u03cc\u03c4\u03b5\u03c2 \u03bb\u03b5\u03bc\u03bf\u03bd\u03b9\u03bf\u03cd, \u03c6\u03bb\u03bf\u03b9\u03ce\u03bd \u03b5\u03c3\u03c0\u03b5\u03c1\u03b9\u03b4\u03bf\u03b5\u03b9\u03b4\u03ce\u03bd \u03ba\u03b1\u03b9 \u03b1\u03bd\u03bf\u03b9\u03be\u03b9\u03ac\u03c4\u03b9\u03ba\u03c9\u03bd \u03bb\u03bf\u03c5\u03bb\u03bf\u03c5\u03b4\u03b9\u03ce\u03bd \u03c3\u03c4\u03b7 \u03bc\u03cd\u03c4\u03b7, \u03c0\u03bf\u03bb\u03cd \u03ba\u03b1\u03bb\u03ae \u03bf\u03be\u03cd\u03c4\u03b7\u03c4\u03b1 \u03ba\u03b1\u03b9 \u03ad\u03bd\u03b1 \u03cc\u03bc\u03bf\u03c1\u03c6\u03bf \u03c3\u03c4\u03c1\u03bf\u03b3\u03b3\u03c5\u03bb\u03cc \u03c4\u03b5\u03bb\u03b5\u03af\u03c9\u03bc\u03b1. \u0388\u03bd\u03b1 \u03c5\u03c0\u03ad\u03c1\u03bf\u03c7\u03bf \u03ba\u03c1\u03b1\u03c3\u03af \u03b3\u03b9\u03b1 \u03cc\u03bb\u03bf \u03c4\u03bf \u03c7\u03c1\u03cc\u03bd\u03bf, \u03c0\u03af\u03bd\u03b5\u03c4\u03b1\u03b9 \u03b5\u03c5\u03c7\u03ac\u03c1\u03b9\u03c3\u03c4\u03b1 \u03bc\u03cc\u03bd\u03bf \u03c4\u03bf\u03c5, \u03b5\u03bd\u03ce \u03bc\u03c0\u03bf\u03c1\u03b5\u03af \u03bd\u03b1 \u03c3\u03c5\u03bd\u03bf\u03b4\u03b5\u03cd\u03c3\u03b5\u03b9 \u03c3\u03b1\u03bb\u03ac\u03c4\u03b5\u03c2, \u03c6\u03c1\u03ad\u03c3\u03ba\u03b1 \u03c4\u03c5\u03c1\u03b9\u03ac \u03ba\u03b1\u03b9 \u03c8\u03ac\u03c1\u03b9\u03b1.<\/p>\n","protected":false},"excerpt":{"rendered":"<p>Dry White<\/p>\n<p>Roditis 80%<br \/>\nMalagouzia 20%<\/p>\n<p>\u0397 \u03a0\u03b1\u03c1\u03ac\u03b3\u03ba\u03b1 \u03b5\u03af\u03bd\u03b1\u03b9 \u03ad\u03bd\u03b1 \u03ba\u03c1\u03b1\u03c3\u03af \u03bc\u03b5 \u03ba\u03af\u03c4\u03c1\u03b9\u03bd\u03bf \u03c7\u03c1\u03ce\u03bc\u03b1 \u03ba\u03b1\u03b9 \u03b1\u03c7\u03c5\u03c1\u03ad\u03bd\u03b9\u03b5\u03c2 \u03b1\u03bd\u03c4\u03b1\u03cd\u03b3\u03b5\u03b9\u03b5\u03c2. \u03a4\u03c1\u03b1\u03b3\u03b1\u03bd\u03cc, \u03c6\u03c1\u03ad\u03c3\u03ba\u03bf, \u03bc\u03b5 \u03bd\u03cc\u03c4\u03b5\u03c2 \u03bb\u03b5\u03bc\u03bf\u03bd\u03b9\u03bf\u03cd, \u03c6\u03bb\u03bf\u03b9\u03ce\u03bd \u03b5\u03c3\u03c0\u03b5\u03c1\u03b9\u03b4\u03bf\u03b5\u03b9\u03b4\u03ce\u03bd \u03ba\u03b1\u03b9 \u03b1\u03bd\u03bf\u03b9\u03be\u03b9\u03ac\u03c4\u03b9\u03ba\u03c9\u03bd \u03bb\u03bf\u03c5\u03bb\u03bf\u03c5\u03b4\u03b9\u03ce\u03bd \u03c3\u03c4\u03b7 \u03bc\u03cd\u03c4\u03b7, \u03c0\u03bf\u03bb\u03cd \u03ba\u03b1\u03bb\u03ae \u03bf\u03be\u03cd\u03c4\u03b7\u03c4\u03b1 \u03ba\u03b1\u03b9 \u03ad\u03bd\u03b1 \u03cc\u03bc\u03bf\u03c1\u03c6\u03bf \u03c3\u03c4\u03c1\u03bf\u03b3\u03b3\u03c5\u03bb\u03cc \u03c4\u03b5\u03bb\u03b5\u03af\u03c9\u03bc\u03b1. \u0388\u03bd\u03b1 \u03c5\u03c0\u03ad\u03c1\u03bf\u03c7\u03bf \u03ba\u03c1\u03b1\u03c3\u03af \u03b3\u03b9\u03b1 \u03cc\u03bb\u03bf \u03c4\u03bf \u03c7\u03c1\u03cc\u03bd\u03bf, \u03c0\u03af\u03bd\u03b5\u03c4\u03b1\u03b9 \u03b5\u03c5\u03c7\u03ac\u03c1\u03b9\u03c3\u03c4\u03b1 \u03bc\u03cc\u03bd\u03bf \u03c4\u03bf\u03c5, \u03b5\u03bd\u03ce \u03bc\u03c0\u03bf\u03c1\u03b5\u03af \u03bd\u03b1 \u03c3\u03c5\u03bd\u03bf\u03b4\u03b5\u03cd\u03c3\u03b5\u03b9 \u03c3\u03b1\u03bb\u03ac\u03c4\u03b5\u03c2, \u03c6\u03c1\u03ad\u03c3\u03ba\u03b1 \u03c4\u03c5\u03c1\u03b9\u03ac \u03ba\u03b1\u03b9 \u03c8\u03ac\u03c1\u03b9\u03b1.<\/p>\n","protected":false},"featured_media":982,"comment_status":"open","ping_status":"closed","template":"","meta":[],"product_cat":[16],"product_tag":[],"class_list":{"0":"post-981","1":"product","2":"type-product","3":"status-publish","4":"has-post-thumbnail","6":"product_cat-biale","8":"first","9":"instock","10":"shipping-taxable","11":"purchasable","12":"product-type-simple"},"yoast_head":"<!-- This site is optimized with the Yoast SEO plugin v23.9 - https:\/\/yoast.com\/wordpress\/plugins\/seo\/ -->\n<title>Paraga \/ \u03a0\u03b1\u03c1\u03ac\u03b3\u03ba\u03b1 - Tasty Sailing - Zasmakuj w podr\u00f3\u017cy!<\/title>\n<meta name=\"robots\" content=\"index, follow, max-snippet:-1, max-image-preview:large, max-video-preview:-1\" \/>\n<link rel=\"canonical\" href=\"https:\/\/tastysailing.com\/pl\/produkt\/paraga-\u03c0\u03b1\u03c1\u03ac\u03b3\u03ba\u03b1\/\" \/>\n<meta property=\"og:locale\" content=\"pl_PL\" \/>\n<meta property=\"og:type\" content=\"article\" \/>\n<meta property=\"og:title\" content=\"Paraga \/ \u03a0\u03b1\u03c1\u03ac\u03b3\u03ba\u03b1 - Tasty Sailing - Zasmakuj w podr\u00f3\u017cy!\" \/>\n<meta property=\"og:description\" content=\"Dry White Roditis 80% Malagouzia 20% \u0397 \u03a0\u03b1\u03c1\u03ac\u03b3\u03ba\u03b1 \u03b5\u03af\u03bd\u03b1\u03b9 \u03ad\u03bd\u03b1 \u03ba\u03c1\u03b1\u03c3\u03af \u03bc\u03b5 \u03ba\u03af\u03c4\u03c1\u03b9\u03bd\u03bf \u03c7\u03c1\u03ce\u03bc\u03b1 \u03ba\u03b1\u03b9 \u03b1\u03c7\u03c5\u03c1\u03ad\u03bd\u03b9\u03b5\u03c2 \u03b1\u03bd\u03c4\u03b1\u03cd\u03b3\u03b5\u03b9\u03b5\u03c2. \u03a4\u03c1\u03b1\u03b3\u03b1\u03bd\u03cc, \u03c6\u03c1\u03ad\u03c3\u03ba\u03bf, \u03bc\u03b5 \u03bd\u03cc\u03c4\u03b5\u03c2 \u03bb\u03b5\u03bc\u03bf\u03bd\u03b9\u03bf\u03cd, \u03c6\u03bb\u03bf\u03b9\u03ce\u03bd \u03b5\u03c3\u03c0\u03b5\u03c1\u03b9\u03b4\u03bf\u03b5\u03b9\u03b4\u03ce\u03bd \u03ba\u03b1\u03b9 \u03b1\u03bd\u03bf\u03b9\u03be\u03b9\u03ac\u03c4\u03b9\u03ba\u03c9\u03bd \u03bb\u03bf\u03c5\u03bb\u03bf\u03c5\u03b4\u03b9\u03ce\u03bd \u03c3\u03c4\u03b7 \u03bc\u03cd\u03c4\u03b7, \u03c0\u03bf\u03bb\u03cd \u03ba\u03b1\u03bb\u03ae \u03bf\u03be\u03cd\u03c4\u03b7\u03c4\u03b1 \u03ba\u03b1\u03b9 \u03ad\u03bd\u03b1 \u03cc\u03bc\u03bf\u03c1\u03c6\u03bf \u03c3\u03c4\u03c1\u03bf\u03b3\u03b3\u03c5\u03bb\u03cc \u03c4\u03b5\u03bb\u03b5\u03af\u03c9\u03bc\u03b1. \u0388\u03bd\u03b1 \u03c5\u03c0\u03ad\u03c1\u03bf\u03c7\u03bf \u03ba\u03c1\u03b1\u03c3\u03af \u03b3\u03b9\u03b1 \u03cc\u03bb\u03bf \u03c4\u03bf \u03c7\u03c1\u03cc\u03bd\u03bf, \u03c0\u03af\u03bd\u03b5\u03c4\u03b1\u03b9 \u03b5\u03c5\u03c7\u03ac\u03c1\u03b9\u03c3\u03c4\u03b1 \u03bc\u03cc\u03bd\u03bf \u03c4\u03bf\u03c5, \u03b5\u03bd\u03ce \u03bc\u03c0\u03bf\u03c1\u03b5\u03af \u03bd\u03b1 \u03c3\u03c5\u03bd\u03bf\u03b4\u03b5\u03cd\u03c3\u03b5\u03b9 \u03c3\u03b1\u03bb\u03ac\u03c4\u03b5\u03c2, \u03c6\u03c1\u03ad\u03c3\u03ba\u03b1 \u03c4\u03c5\u03c1\u03b9\u03ac \u03ba\u03b1\u03b9 \u03c8\u03ac\u03c1\u03b9\u03b1.\" \/>\n<meta property=\"og:url\" content=\"https:\/\/tastysailing.com\/pl\/produkt\/paraga-\u03c0\u03b1\u03c1\u03ac\u03b3\u03ba\u03b1\/\" \/>\n<meta property=\"og:site_name\" content=\"Tasty Sailing - Zasmakuj w podr\u00f3\u017cy!\" \/>\n<meta property=\"article:modified_time\" content=\"2025-08-26T14:45:04+00:00\" \/>\n<meta property=\"og:image\" content=\"https:\/\/tastysailing.com\/pl\/wp-content\/uploads\/sites\/2\/2016\/03\/parakia.jpg\" \/>\n\t<meta property=\"og:image:width\" content=\"346\" \/>\n\t<meta property=\"og:image:height\" content=\"766\" \/>\n\t<meta property=\"og:image:type\" content=\"image\/jpeg\" \/>\n<meta name=\"twitter:card\" content=\"summary_large_image\" \/>\n<script type=\"application\/ld+json\" class=\"yoast-schema-graph\">{\"@context\":\"https:\/\/schema.org\",\"@graph\":[{\"@type\":\"WebPage\",\"@id\":\"https:\/\/tastysailing.com\/pl\/produkt\/paraga-%cf%80%ce%b1%cf%81%ce%ac%ce%b3%ce%ba%ce%b1\/\",\"url\":\"https:\/\/tastysailing.com\/pl\/produkt\/paraga-%cf%80%ce%b1%cf%81%ce%ac%ce%b3%ce%ba%ce%b1\/\",\"name\":\"Paraga \/ \u03a0\u03b1\u03c1\u03ac\u03b3\u03ba\u03b1 - Tasty Sailing - Zasmakuj w podr\u00f3\u017cy!\",\"isPartOf\":{\"@id\":\"https:\/\/tastysailing.com\/pl\/#website\"},\"primaryImageOfPage\":{\"@id\":\"https:\/\/tastysailing.com\/pl\/produkt\/paraga-%cf%80%ce%b1%cf%81%ce%ac%ce%b3%ce%ba%ce%b1\/#primaryimage\"},\"image\":{\"@id\":\"https:\/\/tastysailing.com\/pl\/produkt\/paraga-%cf%80%ce%b1%cf%81%ce%ac%ce%b3%ce%ba%ce%b1\/#primaryimage\"},\"thumbnailUrl\":\"https:\/\/tastysailing.com\/pl\/wp-content\/uploads\/sites\/2\/2016\/03\/parakia.jpg\",\"datePublished\":\"2016-03-31T09:49:28+00:00\",\"dateModified\":\"2025-08-26T14:45:04+00:00\",\"breadcrumb\":{\"@id\":\"https:\/\/tastysailing.com\/pl\/produkt\/paraga-%cf%80%ce%b1%cf%81%ce%ac%ce%b3%ce%ba%ce%b1\/#breadcrumb\"},\"inLanguage\":\"pl-PL\",\"potentialAction\":[{\"@type\":\"ReadAction\",\"target\":[\"https:\/\/tastysailing.com\/pl\/produkt\/paraga-%cf%80%ce%b1%cf%81%ce%ac%ce%b3%ce%ba%ce%b1\/\"]}]},{\"@type\":\"ImageObject\",\"inLanguage\":\"pl-PL\",\"@id\":\"https:\/\/tastysailing.com\/pl\/produkt\/paraga-%cf%80%ce%b1%cf%81%ce%ac%ce%b3%ce%ba%ce%b1\/#primaryimage\",\"url\":\"https:\/\/tastysailing.com\/pl\/wp-content\/uploads\/sites\/2\/2016\/03\/parakia.jpg\",\"contentUrl\":\"https:\/\/tastysailing.com\/pl\/wp-content\/uploads\/sites\/2\/2016\/03\/parakia.jpg\",\"width\":346,\"height\":766,\"caption\":\"Paraga \/ \u03a0\u03b1\u03c1\u03ac\u03b3\u03ba\u03b1\"},{\"@type\":\"BreadcrumbList\",\"@id\":\"https:\/\/tastysailing.com\/pl\/produkt\/paraga-%cf%80%ce%b1%cf%81%ce%ac%ce%b3%ce%ba%ce%b1\/#breadcrumb\",\"itemListElement\":[{\"@type\":\"ListItem\",\"position\":1,\"name\":\"Strona g\u0142\u00f3wna\",\"item\":\"https:\/\/tastysailing.com\/pl\/\"},{\"@type\":\"ListItem\",\"position\":2,\"name\":\"Produkty\",\"item\":\"https:\/\/tastysailing.com\/pl\/shop\/\"},{\"@type\":\"ListItem\",\"position\":3,\"name\":\"Paraga \/ \u03a0\u03b1\u03c1\u03ac\u03b3\u03ba\u03b1\"}]},{\"@type\":\"WebSite\",\"@id\":\"https:\/\/tastysailing.com\/pl\/#website\",\"url\":\"https:\/\/tastysailing.com\/pl\/\",\"name\":\"Tasty Sailing - Zasmakuj w podr\u00f3\u017cy!\",\"description\":\"Kulinarne podr\u00f3\u017ce po Grecji\",\"potentialAction\":[{\"@type\":\"SearchAction\",\"target\":{\"@type\":\"EntryPoint\",\"urlTemplate\":\"https:\/\/tastysailing.com\/pl\/?s={search_term_string}\"},\"query-input\":{\"@type\":\"PropertyValueSpecification\",\"valueRequired\":true,\"valueName\":\"search_term_string\"}}],\"inLanguage\":\"pl-PL\"}]}<\/script>\n<!-- \/ Yoast SEO plugin. -->","yoast_head_json":{"title":"Paraga \/ \u03a0\u03b1\u03c1\u03ac\u03b3\u03ba\u03b1 - Tasty Sailing - Zasmakuj w podr\u00f3\u017cy!","robots":{"index":"index","follow":"follow","max-snippet":"max-snippet:-1","max-image-preview":"max-image-preview:large","max-video-preview":"max-video-preview:-1"},"canonical":"https:\/\/tastysailing.com\/pl\/produkt\/paraga-\u03c0\u03b1\u03c1\u03ac\u03b3\u03ba\u03b1\/","og_locale":"pl_PL","og_type":"article","og_title":"Paraga \/ \u03a0\u03b1\u03c1\u03ac\u03b3\u03ba\u03b1 - Tasty Sailing - Zasmakuj w podr\u00f3\u017cy!","og_description":"Dry White Roditis 80% Malagouzia 20% \u0397 \u03a0\u03b1\u03c1\u03ac\u03b3\u03ba\u03b1 \u03b5\u03af\u03bd\u03b1\u03b9 \u03ad\u03bd\u03b1 \u03ba\u03c1\u03b1\u03c3\u03af \u03bc\u03b5 \u03ba\u03af\u03c4\u03c1\u03b9\u03bd\u03bf \u03c7\u03c1\u03ce\u03bc\u03b1 \u03ba\u03b1\u03b9 \u03b1\u03c7\u03c5\u03c1\u03ad\u03bd\u03b9\u03b5\u03c2 \u03b1\u03bd\u03c4\u03b1\u03cd\u03b3\u03b5\u03b9\u03b5\u03c2. \u03a4\u03c1\u03b1\u03b3\u03b1\u03bd\u03cc, \u03c6\u03c1\u03ad\u03c3\u03ba\u03bf, \u03bc\u03b5 \u03bd\u03cc\u03c4\u03b5\u03c2 \u03bb\u03b5\u03bc\u03bf\u03bd\u03b9\u03bf\u03cd, \u03c6\u03bb\u03bf\u03b9\u03ce\u03bd \u03b5\u03c3\u03c0\u03b5\u03c1\u03b9\u03b4\u03bf\u03b5\u03b9\u03b4\u03ce\u03bd \u03ba\u03b1\u03b9 \u03b1\u03bd\u03bf\u03b9\u03be\u03b9\u03ac\u03c4\u03b9\u03ba\u03c9\u03bd \u03bb\u03bf\u03c5\u03bb\u03bf\u03c5\u03b4\u03b9\u03ce\u03bd \u03c3\u03c4\u03b7 \u03bc\u03cd\u03c4\u03b7, \u03c0\u03bf\u03bb\u03cd \u03ba\u03b1\u03bb\u03ae \u03bf\u03be\u03cd\u03c4\u03b7\u03c4\u03b1 \u03ba\u03b1\u03b9 \u03ad\u03bd\u03b1 \u03cc\u03bc\u03bf\u03c1\u03c6\u03bf \u03c3\u03c4\u03c1\u03bf\u03b3\u03b3\u03c5\u03bb\u03cc \u03c4\u03b5\u03bb\u03b5\u03af\u03c9\u03bc\u03b1. \u0388\u03bd\u03b1 \u03c5\u03c0\u03ad\u03c1\u03bf\u03c7\u03bf \u03ba\u03c1\u03b1\u03c3\u03af \u03b3\u03b9\u03b1 \u03cc\u03bb\u03bf \u03c4\u03bf \u03c7\u03c1\u03cc\u03bd\u03bf, \u03c0\u03af\u03bd\u03b5\u03c4\u03b1\u03b9 \u03b5\u03c5\u03c7\u03ac\u03c1\u03b9\u03c3\u03c4\u03b1 \u03bc\u03cc\u03bd\u03bf \u03c4\u03bf\u03c5, \u03b5\u03bd\u03ce \u03bc\u03c0\u03bf\u03c1\u03b5\u03af \u03bd\u03b1 \u03c3\u03c5\u03bd\u03bf\u03b4\u03b5\u03cd\u03c3\u03b5\u03b9 \u03c3\u03b1\u03bb\u03ac\u03c4\u03b5\u03c2, \u03c6\u03c1\u03ad\u03c3\u03ba\u03b1 \u03c4\u03c5\u03c1\u03b9\u03ac \u03ba\u03b1\u03b9 \u03c8\u03ac\u03c1\u03b9\u03b1.","og_url":"https:\/\/tastysailing.com\/pl\/produkt\/paraga-\u03c0\u03b1\u03c1\u03ac\u03b3\u03ba\u03b1\/","og_site_name":"Tasty Sailing - Zasmakuj w podr\u00f3\u017cy!","article_modified_time":"2025-08-26T14:45:04+00:00","og_image":[{"width":346,"height":766,"url":"https:\/\/tastysailing.com\/pl\/wp-content\/uploads\/sites\/2\/2016\/03\/parakia.jpg","type":"image\/jpeg"}],"twitter_card":"summary_large_image","schema":{"@context":"https:\/\/schema.org","@graph":[{"@type":"WebPage","@id":"https:\/\/tastysailing.com\/pl\/produkt\/paraga-%cf%80%ce%b1%cf%81%ce%ac%ce%b3%ce%ba%ce%b1\/","url":"https:\/\/tastysailing.com\/pl\/produkt\/paraga-%cf%80%ce%b1%cf%81%ce%ac%ce%b3%ce%ba%ce%b1\/","name":"Paraga \/ \u03a0\u03b1\u03c1\u03ac\u03b3\u03ba\u03b1 - Tasty Sailing - Zasmakuj w podr\u00f3\u017cy!","isPartOf":{"@id":"https:\/\/tastysailing.com\/pl\/#website"},"primaryImageOfPage":{"@id":"https:\/\/tastysailing.com\/pl\/produkt\/paraga-%cf%80%ce%b1%cf%81%ce%ac%ce%b3%ce%ba%ce%b1\/#primaryimage"},"image":{"@id":"https:\/\/tastysailing.com\/pl\/produkt\/paraga-%cf%80%ce%b1%cf%81%ce%ac%ce%b3%ce%ba%ce%b1\/#primaryimage"},"thumbnailUrl":"https:\/\/tastysailing.com\/pl\/wp-content\/uploads\/sites\/2\/2016\/03\/parakia.jpg","datePublished":"2016-03-31T09:49:28+00:00","dateModified":"2025-08-26T14:45:04+00:00","breadcrumb":{"@id":"https:\/\/tastysailing.com\/pl\/produkt\/paraga-%cf%80%ce%b1%cf%81%ce%ac%ce%b3%ce%ba%ce%b1\/#breadcrumb"},"inLanguage":"pl-PL","potentialAction":[{"@type":"ReadAction","target":["https:\/\/tastysailing.com\/pl\/produkt\/paraga-%cf%80%ce%b1%cf%81%ce%ac%ce%b3%ce%ba%ce%b1\/"]}]},{"@type":"ImageObject","inLanguage":"pl-PL","@id":"https:\/\/tastysailing.com\/pl\/produkt\/paraga-%cf%80%ce%b1%cf%81%ce%ac%ce%b3%ce%ba%ce%b1\/#primaryimage","url":"https:\/\/tastysailing.com\/pl\/wp-content\/uploads\/sites\/2\/2016\/03\/parakia.jpg","contentUrl":"https:\/\/tastysailing.com\/pl\/wp-content\/uploads\/sites\/2\/2016\/03\/parakia.jpg","width":346,"height":766,"caption":"Paraga \/ \u03a0\u03b1\u03c1\u03ac\u03b3\u03ba\u03b1"},{"@type":"BreadcrumbList","@id":"https:\/\/tastysailing.com\/pl\/produkt\/paraga-%cf%80%ce%b1%cf%81%ce%ac%ce%b3%ce%ba%ce%b1\/#breadcrumb","itemListElement":[{"@type":"ListItem","position":1,"name":"Strona g\u0142\u00f3wna","item":"https:\/\/tastysailing.com\/pl\/"},{"@type":"ListItem","position":2,"name":"Produkty","item":"https:\/\/tastysailing.com\/pl\/shop\/"},{"@type":"ListItem","position":3,"name":"Paraga \/ \u03a0\u03b1\u03c1\u03ac\u03b3\u03ba\u03b1"}]},{"@type":"WebSite","@id":"https:\/\/tastysailing.com\/pl\/#website","url":"https:\/\/tastysailing.com\/pl\/","name":"Tasty Sailing - Zasmakuj w podr\u00f3\u017cy!","description":"Kulinarne podr\u00f3\u017ce po Grecji","potentialAction":[{"@type":"SearchAction","target":{"@type":"EntryPoint","urlTemplate":"https:\/\/tastysailing.com\/pl\/?s={search_term_string}"},"query-input":{"@type":"PropertyValueSpecification","valueRequired":true,"valueName":"search_term_string"}}],"inLanguage":"pl-PL"}]}},"_links":{"self":[{"href":"https:\/\/tastysailing.com\/pl\/wp-json\/wp\/v2\/product\/981","targetHints":{"allow":["GET"]}}],"collection":[{"href":"https:\/\/tastysailing.com\/pl\/wp-json\/wp\/v2\/product"}],"about":[{"href":"https:\/\/tastysailing.com\/pl\/wp-json\/wp\/v2\/types\/product"}],"replies":[{"embeddable":true,"href":"https:\/\/tastysailing.com\/pl\/wp-json\/wp\/v2\/comments?post=981"}],"wp:featuredmedia":[{"embeddable":true,"href":"https:\/\/tastysailing.com\/pl\/wp-json\/wp\/v2\/media\/982"}],"wp:attachment":[{"href":"https:\/\/tastysailing.com\/pl\/wp-json\/wp\/v2\/media?parent=981"}],"wp:term":[{"taxonomy":"product_cat","embeddable":true,"href":"https:\/\/tastysailing.com\/pl\/wp-json\/wp\/v2\/product_cat?post=981"},{"taxonomy":"product_tag","embeddable":true,"href":"https:\/\/tastysailing.com\/pl\/wp-json\/wp\/v2\/product_tag?post=981"}],"curies":[{"name":"wp","href":"https:\/\/api.w.org\/{rel}","templated":true}]}}