{"id":980,"date":"2016-03-31T11:46:20","date_gmt":"2016-03-31T09:46:20","guid":{"rendered":"http:\/\/tastysailing.com\/pl\/?post_type=product&#038;p=980"},"modified":"2022-11-03T00:20:46","modified_gmt":"2022-11-02T23:20:46","slug":"980","status":"publish","type":"product","link":"https:\/\/tastysailing.com\/pl\/produkt\/980\/","title":{"rendered":"Orgies, Mavrodaphne \/ \u039f\u03c1\u03b3\u03af\u03c9\u03bd, \u039c\u03b1\u03c5\u03c1\u03bf\u03b4\u03ac\u03c6\u03bd\u03b7"},"content":{"rendered":"<p>Dry Red<\/p>\n<p>Organic 100%<\/p>\n<p>\u039c\u03b7\u03bd \u03c0\u03ac\u03b5\u03b9 \u03bf \u03bd\u03bf\u03c5\u03c2 \u03c3\u03b1\u03c2 \u03c3\u03c4\u03bf \u03c0\u03bf\u03bd\u03b7\u03c1\u03cc, \u03b4\u03b5\u03bd \u03c3\u03b7\u03bc\u03b1\u03af\u03bd\u03b5\u03b9 \u03b1\u03c5\u03c4\u03cc \u03c0\u03bf\u03c5 \u03c6\u03b1\u03bd\u03c4\u03ac\u03b6\u03b5\u03c3\u03c4\u03b5. \u039f \u0395\u03c5\u03c1\u03c5\u03b2\u03b9\u03ac\u03b4\u03b7\u03c2 \u03a3\u03ba\u03bb\u03ac\u03b2\u03bf\u03c2 \u03c0\u03b1\u03c1\u03ac\u03b3\u03b5\u03b9 \u03c3\u03c4\u03b7 \u039a\u03b5\u03c6\u03b1\u03bb\u03bf\u03bd\u03b9\u03ac \u03ba\u03c1\u03b1\u03c3\u03b9\u03ac \u03b1\u03c0\u03cc \u03b1\u03bc\u03c0\u03b5\u03bb\u03ce\u03bd\u03b5\u03c2 \u03b2\u03b9\u03bf\u03b4\u03c5\u03bd\u03b1\u03bc\u03b9\u03ba\u03ae\u03c2 \u03ba\u03b1\u03bb\u03bb\u03b9\u03ad\u03c1\u03b3\u03b5\u03b9\u03b1\u03c2. \u03a4\u03bf \u039f\u03c1\u03b3\u03af\u03c9\u03bd \u03c0\u03b1\u03c1\u03ac\u03b3\u03b5\u03c4\u03b1\u03b9 \u03b1\u03c0\u03cc \u039c\u03b1\u03c5\u03c1\u03bf\u03b4\u03ac\u03c6\u03bd\u03b7 \u039a\u03b5\u03c6\u03b1\u03bb\u03bf\u03bd\u03b9\u03ac\u03c2 \u03ba\u03b1\u03b9 \u03c0\u03b1\u03bb\u03b1\u03b9\u03ce\u03bd\u03b5\u03b9 \u03c3\u03b5 \u03b4\u03c1\u03cd\u03b9\u03bd\u03b1 \u03b3\u03b1\u03bb\u03bb\u03b9\u03ba\u03ac \u03b2\u03b1\u03c1\u03ad\u03bb\u03b9\u03b1. \u03a3\u03c4\u03b7 \u03bc\u03cd\u03c4\u03b7 \u03c7\u03b1\u03c1\u03b1\u03ba\u03c4\u03b7\u03c1\u03af\u03b6\u03b5\u03c4\u03b1\u03b9 \u03b1\u03c0\u03cc \u03b1\u03c1\u03ce\u03bc\u03b1\u03c4\u03b1 \u03b4\u03b1\u03bc\u03ac\u03c3\u03ba\u03b7\u03bd\u03bf\u03c5, \u03b3\u03bb\u03c5\u03ba\u03cc\u03c1\u03b9\u03b6\u03b1\u03c2, \u03b4\u03ad\u03c1\u03bc\u03b1\u03c4\u03bf\u03c2 \u03ba\u03b1\u03b9 \u03b2\u03b1\u03bd\u03af\u03bb\u03b9\u03b1\u03c2. \u03a3\u03c4\u03bf \u03c3\u03c4\u03cc\u03bc\u03b1 \u03b5\u03af\u03bd\u03b1\u03b9 \u03bc\u03b5\u03c3\u03b1\u03af\u03bf\u03c5 \u03cc\u03b3\u03ba\u03bf\u03c5, \u03bc\u03b5 \u03c3\u03c4\u03c1\u03bf\u03b3\u03b3\u03c5\u03bb\u03ad\u03c2 \u03c4\u03b1\u03bd\u03af\u03bd\u03b5\u03c2 \u03ba\u03b1\u03b9 \u03c0\u03b9\u03ba\u03ac\u03bd\u03c4\u03b9\u03ba\u03b7, \u03b5\u03bb\u03b1\u03c6\u03c1\u03ce\u03c2 \u03c1\u03bf\u03c5\u03c3\u03c4\u03af\u03ba \u03b5\u03c0\u03af\u03b3\u03b5\u03c5\u03c3\u03b7.<\/p>\n","protected":false},"excerpt":{"rendered":"<p>Dry Red<\/p>\n<p>Organic 100%<\/p>\n<p>\u039c\u03b7\u03bd \u03c0\u03ac\u03b5\u03b9 \u03bf \u03bd\u03bf\u03c5\u03c2 \u03c3\u03b1\u03c2 \u03c3\u03c4\u03bf \u03c0\u03bf\u03bd\u03b7\u03c1\u03cc, \u03b4\u03b5\u03bd \u03c3\u03b7\u03bc\u03b1\u03af\u03bd\u03b5\u03b9 \u03b1\u03c5\u03c4\u03cc \u03c0\u03bf\u03c5 \u03c6\u03b1\u03bd\u03c4\u03ac\u03b6\u03b5\u03c3\u03c4\u03b5. \u039f \u0395\u03c5\u03c1\u03c5\u03b2\u03b9\u03ac\u03b4\u03b7\u03c2 \u03a3\u03ba\u03bb\u03ac\u03b2\u03bf\u03c2 \u03c0\u03b1\u03c1\u03ac\u03b3\u03b5\u03b9 \u03c3\u03c4\u03b7 \u039a\u03b5\u03c6\u03b1\u03bb\u03bf\u03bd\u03b9\u03ac \u03ba\u03c1\u03b1\u03c3\u03b9\u03ac \u03b1\u03c0\u03cc \u03b1\u03bc\u03c0\u03b5\u03bb\u03ce\u03bd\u03b5\u03c2 \u03b2\u03b9\u03bf\u03b4\u03c5\u03bd\u03b1\u03bc\u03b9\u03ba\u03ae\u03c2 \u03ba\u03b1\u03bb\u03bb\u03b9\u03ad\u03c1\u03b3\u03b5\u03b9\u03b1\u03c2. \u03a4\u03bf \u039f\u03c1\u03b3\u03af\u03c9\u03bd \u03c0\u03b1\u03c1\u03ac\u03b3\u03b5\u03c4\u03b1\u03b9 \u03b1\u03c0\u03cc \u039c\u03b1\u03c5\u03c1\u03bf\u03b4\u03ac\u03c6\u03bd\u03b7 \u039a\u03b5\u03c6\u03b1\u03bb\u03bf\u03bd\u03b9\u03ac\u03c2 \u03ba\u03b1\u03b9 \u03c0\u03b1\u03bb\u03b1\u03b9\u03ce\u03bd\u03b5\u03b9 \u03c3\u03b5 \u03b4\u03c1\u03cd\u03b9\u03bd\u03b1 \u03b3\u03b1\u03bb\u03bb\u03b9\u03ba\u03ac \u03b2\u03b1\u03c1\u03ad\u03bb\u03b9\u03b1. \u03a3\u03c4\u03b7 \u03bc\u03cd\u03c4\u03b7 \u03c7\u03b1\u03c1\u03b1\u03ba\u03c4\u03b7\u03c1\u03af\u03b6\u03b5\u03c4\u03b1\u03b9 \u03b1\u03c0\u03cc \u03b1\u03c1\u03ce\u03bc\u03b1\u03c4\u03b1 \u03b4\u03b1\u03bc\u03ac\u03c3\u03ba\u03b7\u03bd\u03bf\u03c5, \u03b3\u03bb\u03c5\u03ba\u03cc\u03c1\u03b9\u03b6\u03b1\u03c2, \u03b4\u03ad\u03c1\u03bc\u03b1\u03c4\u03bf\u03c2 \u03ba\u03b1\u03b9 \u03b2\u03b1\u03bd\u03af\u03bb\u03b9\u03b1\u03c2. \u03a3\u03c4\u03bf \u03c3\u03c4\u03cc\u03bc\u03b1 \u03b5\u03af\u03bd\u03b1\u03b9 \u03bc\u03b5\u03c3\u03b1\u03af\u03bf\u03c5 \u03cc\u03b3\u03ba\u03bf\u03c5, \u03bc\u03b5 \u03c3\u03c4\u03c1\u03bf\u03b3\u03b3\u03c5\u03bb\u03ad\u03c2 \u03c4\u03b1\u03bd\u03af\u03bd\u03b5\u03c2 \u03ba\u03b1\u03b9 \u03c0\u03b9\u03ba\u03ac\u03bd\u03c4\u03b9\u03ba\u03b7, \u03b5\u03bb\u03b1\u03c6\u03c1\u03ce\u03c2 \u03c1\u03bf\u03c5\u03c3\u03c4\u03af\u03ba \u03b5\u03c0\u03af\u03b3\u03b5\u03c5\u03c3\u03b7.<\/p>\n","protected":false},"featured_media":953,"comment_status":"open","ping_status":"closed","template":"","meta":[],"product_cat":[17],"product_tag":[],"class_list":{"0":"post-980","1":"product","2":"type-product","3":"status-publish","4":"has-post-thumbnail","6":"product_cat-czerwone","8":"first","9":"instock","10":"shipping-taxable","11":"purchasable","12":"product-type-simple"},"yoast_head":"<!-- This site is optimized with the Yoast SEO plugin v23.9 - https:\/\/yoast.com\/wordpress\/plugins\/seo\/ -->\n<title>Orgies, Mavrodaphne \/ \u039f\u03c1\u03b3\u03af\u03c9\u03bd, \u039c\u03b1\u03c5\u03c1\u03bf\u03b4\u03ac\u03c6\u03bd\u03b7 - Tasty Sailing - Zasmakuj w podr\u00f3\u017cy!<\/title>\n<meta name=\"robots\" content=\"index, follow, max-snippet:-1, max-image-preview:large, max-video-preview:-1\" \/>\n<link rel=\"canonical\" href=\"https:\/\/tastysailing.com\/pl\/produkt\/980\/\" \/>\n<meta property=\"og:locale\" content=\"pl_PL\" \/>\n<meta property=\"og:type\" content=\"article\" \/>\n<meta property=\"og:title\" content=\"Orgies, Mavrodaphne \/ \u039f\u03c1\u03b3\u03af\u03c9\u03bd, \u039c\u03b1\u03c5\u03c1\u03bf\u03b4\u03ac\u03c6\u03bd\u03b7 - Tasty Sailing - Zasmakuj w podr\u00f3\u017cy!\" \/>\n<meta property=\"og:description\" content=\"Dry Red Organic 100% \u039c\u03b7\u03bd \u03c0\u03ac\u03b5\u03b9 \u03bf \u03bd\u03bf\u03c5\u03c2 \u03c3\u03b1\u03c2 \u03c3\u03c4\u03bf \u03c0\u03bf\u03bd\u03b7\u03c1\u03cc, \u03b4\u03b5\u03bd \u03c3\u03b7\u03bc\u03b1\u03af\u03bd\u03b5\u03b9 \u03b1\u03c5\u03c4\u03cc \u03c0\u03bf\u03c5 \u03c6\u03b1\u03bd\u03c4\u03ac\u03b6\u03b5\u03c3\u03c4\u03b5. \u039f \u0395\u03c5\u03c1\u03c5\u03b2\u03b9\u03ac\u03b4\u03b7\u03c2 \u03a3\u03ba\u03bb\u03ac\u03b2\u03bf\u03c2 \u03c0\u03b1\u03c1\u03ac\u03b3\u03b5\u03b9 \u03c3\u03c4\u03b7 \u039a\u03b5\u03c6\u03b1\u03bb\u03bf\u03bd\u03b9\u03ac \u03ba\u03c1\u03b1\u03c3\u03b9\u03ac \u03b1\u03c0\u03cc \u03b1\u03bc\u03c0\u03b5\u03bb\u03ce\u03bd\u03b5\u03c2 \u03b2\u03b9\u03bf\u03b4\u03c5\u03bd\u03b1\u03bc\u03b9\u03ba\u03ae\u03c2 \u03ba\u03b1\u03bb\u03bb\u03b9\u03ad\u03c1\u03b3\u03b5\u03b9\u03b1\u03c2. \u03a4\u03bf \u039f\u03c1\u03b3\u03af\u03c9\u03bd \u03c0\u03b1\u03c1\u03ac\u03b3\u03b5\u03c4\u03b1\u03b9 \u03b1\u03c0\u03cc \u039c\u03b1\u03c5\u03c1\u03bf\u03b4\u03ac\u03c6\u03bd\u03b7 \u039a\u03b5\u03c6\u03b1\u03bb\u03bf\u03bd\u03b9\u03ac\u03c2 \u03ba\u03b1\u03b9 \u03c0\u03b1\u03bb\u03b1\u03b9\u03ce\u03bd\u03b5\u03b9 \u03c3\u03b5 \u03b4\u03c1\u03cd\u03b9\u03bd\u03b1 \u03b3\u03b1\u03bb\u03bb\u03b9\u03ba\u03ac \u03b2\u03b1\u03c1\u03ad\u03bb\u03b9\u03b1. \u03a3\u03c4\u03b7 \u03bc\u03cd\u03c4\u03b7 \u03c7\u03b1\u03c1\u03b1\u03ba\u03c4\u03b7\u03c1\u03af\u03b6\u03b5\u03c4\u03b1\u03b9 \u03b1\u03c0\u03cc \u03b1\u03c1\u03ce\u03bc\u03b1\u03c4\u03b1 \u03b4\u03b1\u03bc\u03ac\u03c3\u03ba\u03b7\u03bd\u03bf\u03c5, \u03b3\u03bb\u03c5\u03ba\u03cc\u03c1\u03b9\u03b6\u03b1\u03c2, \u03b4\u03ad\u03c1\u03bc\u03b1\u03c4\u03bf\u03c2 \u03ba\u03b1\u03b9 \u03b2\u03b1\u03bd\u03af\u03bb\u03b9\u03b1\u03c2. \u03a3\u03c4\u03bf \u03c3\u03c4\u03cc\u03bc\u03b1 \u03b5\u03af\u03bd\u03b1\u03b9 \u03bc\u03b5\u03c3\u03b1\u03af\u03bf\u03c5 \u03cc\u03b3\u03ba\u03bf\u03c5, \u03bc\u03b5 \u03c3\u03c4\u03c1\u03bf\u03b3\u03b3\u03c5\u03bb\u03ad\u03c2 \u03c4\u03b1\u03bd\u03af\u03bd\u03b5\u03c2 \u03ba\u03b1\u03b9 \u03c0\u03b9\u03ba\u03ac\u03bd\u03c4\u03b9\u03ba\u03b7, \u03b5\u03bb\u03b1\u03c6\u03c1\u03ce\u03c2 \u03c1\u03bf\u03c5\u03c3\u03c4\u03af\u03ba \u03b5\u03c0\u03af\u03b3\u03b5\u03c5\u03c3\u03b7.\" \/>\n<meta property=\"og:url\" content=\"https:\/\/tastysailing.com\/pl\/produkt\/980\/\" \/>\n<meta property=\"og:site_name\" content=\"Tasty Sailing - Zasmakuj w podr\u00f3\u017cy!\" \/>\n<meta property=\"article:modified_time\" content=\"2022-11-02T23:20:46+00:00\" \/>\n<meta property=\"og:image\" content=\"https:\/\/tastysailing.com\/pl\/wp-content\/uploads\/sites\/2\/2016\/02\/orgion_eklavoz.jpg\" \/>\n\t<meta property=\"og:image:width\" content=\"346\" \/>\n\t<meta property=\"og:image:height\" content=\"766\" \/>\n\t<meta property=\"og:image:type\" content=\"image\/jpeg\" \/>\n<meta name=\"twitter:card\" content=\"summary_large_image\" \/>\n<script type=\"application\/ld+json\" class=\"yoast-schema-graph\">{\"@context\":\"https:\/\/schema.org\",\"@graph\":[{\"@type\":\"WebPage\",\"@id\":\"https:\/\/tastysailing.com\/pl\/produkt\/980\/\",\"url\":\"https:\/\/tastysailing.com\/pl\/produkt\/980\/\",\"name\":\"Orgies, Mavrodaphne \/ \u039f\u03c1\u03b3\u03af\u03c9\u03bd, \u039c\u03b1\u03c5\u03c1\u03bf\u03b4\u03ac\u03c6\u03bd\u03b7 - Tasty Sailing - Zasmakuj w podr\u00f3\u017cy!\",\"isPartOf\":{\"@id\":\"https:\/\/tastysailing.com\/pl\/#website\"},\"primaryImageOfPage\":{\"@id\":\"https:\/\/tastysailing.com\/pl\/produkt\/980\/#primaryimage\"},\"image\":{\"@id\":\"https:\/\/tastysailing.com\/pl\/produkt\/980\/#primaryimage\"},\"thumbnailUrl\":\"https:\/\/tastysailing.com\/pl\/wp-content\/uploads\/sites\/2\/2016\/02\/orgion_eklavoz.jpg\",\"datePublished\":\"2016-03-31T09:46:20+00:00\",\"dateModified\":\"2022-11-02T23:20:46+00:00\",\"breadcrumb\":{\"@id\":\"https:\/\/tastysailing.com\/pl\/produkt\/980\/#breadcrumb\"},\"inLanguage\":\"pl-PL\",\"potentialAction\":[{\"@type\":\"ReadAction\",\"target\":[\"https:\/\/tastysailing.com\/pl\/produkt\/980\/\"]}]},{\"@type\":\"ImageObject\",\"inLanguage\":\"pl-PL\",\"@id\":\"https:\/\/tastysailing.com\/pl\/produkt\/980\/#primaryimage\",\"url\":\"https:\/\/tastysailing.com\/pl\/wp-content\/uploads\/sites\/2\/2016\/02\/orgion_eklavoz.jpg\",\"contentUrl\":\"https:\/\/tastysailing.com\/pl\/wp-content\/uploads\/sites\/2\/2016\/02\/orgion_eklavoz.jpg\",\"width\":346,\"height\":766,\"caption\":\"Orgies, Mavrodaphne \/ \u039f\u03c1\u03b3\u03af\u03c9\u03bd, \u039c\u03b1\u03c5\u03c1\u03bf\u03b4\u03ac\u03c6\u03bd\u03b7\"},{\"@type\":\"BreadcrumbList\",\"@id\":\"https:\/\/tastysailing.com\/pl\/produkt\/980\/#breadcrumb\",\"itemListElement\":[{\"@type\":\"ListItem\",\"position\":1,\"name\":\"Strona g\u0142\u00f3wna\",\"item\":\"https:\/\/tastysailing.com\/pl\/\"},{\"@type\":\"ListItem\",\"position\":2,\"name\":\"Produkty\",\"item\":\"https:\/\/tastysailing.com\/pl\/shop\/\"},{\"@type\":\"ListItem\",\"position\":3,\"name\":\"Orgies, Mavrodaphne \/ \u039f\u03c1\u03b3\u03af\u03c9\u03bd, \u039c\u03b1\u03c5\u03c1\u03bf\u03b4\u03ac\u03c6\u03bd\u03b7\"}]},{\"@type\":\"WebSite\",\"@id\":\"https:\/\/tastysailing.com\/pl\/#website\",\"url\":\"https:\/\/tastysailing.com\/pl\/\",\"name\":\"Tasty Sailing - Zasmakuj w podr\u00f3\u017cy!\",\"description\":\"Kulinarne podr\u00f3\u017ce po Grecji\",\"potentialAction\":[{\"@type\":\"SearchAction\",\"target\":{\"@type\":\"EntryPoint\",\"urlTemplate\":\"https:\/\/tastysailing.com\/pl\/?s={search_term_string}\"},\"query-input\":{\"@type\":\"PropertyValueSpecification\",\"valueRequired\":true,\"valueName\":\"search_term_string\"}}],\"inLanguage\":\"pl-PL\"}]}<\/script>\n<!-- \/ Yoast SEO plugin. -->","yoast_head_json":{"title":"Orgies, Mavrodaphne \/ \u039f\u03c1\u03b3\u03af\u03c9\u03bd, \u039c\u03b1\u03c5\u03c1\u03bf\u03b4\u03ac\u03c6\u03bd\u03b7 - Tasty Sailing - Zasmakuj w podr\u00f3\u017cy!","robots":{"index":"index","follow":"follow","max-snippet":"max-snippet:-1","max-image-preview":"max-image-preview:large","max-video-preview":"max-video-preview:-1"},"canonical":"https:\/\/tastysailing.com\/pl\/produkt\/980\/","og_locale":"pl_PL","og_type":"article","og_title":"Orgies, Mavrodaphne \/ \u039f\u03c1\u03b3\u03af\u03c9\u03bd, \u039c\u03b1\u03c5\u03c1\u03bf\u03b4\u03ac\u03c6\u03bd\u03b7 - Tasty Sailing - Zasmakuj w podr\u00f3\u017cy!","og_description":"Dry Red Organic 100% \u039c\u03b7\u03bd \u03c0\u03ac\u03b5\u03b9 \u03bf \u03bd\u03bf\u03c5\u03c2 \u03c3\u03b1\u03c2 \u03c3\u03c4\u03bf \u03c0\u03bf\u03bd\u03b7\u03c1\u03cc, \u03b4\u03b5\u03bd \u03c3\u03b7\u03bc\u03b1\u03af\u03bd\u03b5\u03b9 \u03b1\u03c5\u03c4\u03cc \u03c0\u03bf\u03c5 \u03c6\u03b1\u03bd\u03c4\u03ac\u03b6\u03b5\u03c3\u03c4\u03b5. \u039f \u0395\u03c5\u03c1\u03c5\u03b2\u03b9\u03ac\u03b4\u03b7\u03c2 \u03a3\u03ba\u03bb\u03ac\u03b2\u03bf\u03c2 \u03c0\u03b1\u03c1\u03ac\u03b3\u03b5\u03b9 \u03c3\u03c4\u03b7 \u039a\u03b5\u03c6\u03b1\u03bb\u03bf\u03bd\u03b9\u03ac \u03ba\u03c1\u03b1\u03c3\u03b9\u03ac \u03b1\u03c0\u03cc \u03b1\u03bc\u03c0\u03b5\u03bb\u03ce\u03bd\u03b5\u03c2 \u03b2\u03b9\u03bf\u03b4\u03c5\u03bd\u03b1\u03bc\u03b9\u03ba\u03ae\u03c2 \u03ba\u03b1\u03bb\u03bb\u03b9\u03ad\u03c1\u03b3\u03b5\u03b9\u03b1\u03c2. \u03a4\u03bf \u039f\u03c1\u03b3\u03af\u03c9\u03bd \u03c0\u03b1\u03c1\u03ac\u03b3\u03b5\u03c4\u03b1\u03b9 \u03b1\u03c0\u03cc \u039c\u03b1\u03c5\u03c1\u03bf\u03b4\u03ac\u03c6\u03bd\u03b7 \u039a\u03b5\u03c6\u03b1\u03bb\u03bf\u03bd\u03b9\u03ac\u03c2 \u03ba\u03b1\u03b9 \u03c0\u03b1\u03bb\u03b1\u03b9\u03ce\u03bd\u03b5\u03b9 \u03c3\u03b5 \u03b4\u03c1\u03cd\u03b9\u03bd\u03b1 \u03b3\u03b1\u03bb\u03bb\u03b9\u03ba\u03ac \u03b2\u03b1\u03c1\u03ad\u03bb\u03b9\u03b1. \u03a3\u03c4\u03b7 \u03bc\u03cd\u03c4\u03b7 \u03c7\u03b1\u03c1\u03b1\u03ba\u03c4\u03b7\u03c1\u03af\u03b6\u03b5\u03c4\u03b1\u03b9 \u03b1\u03c0\u03cc \u03b1\u03c1\u03ce\u03bc\u03b1\u03c4\u03b1 \u03b4\u03b1\u03bc\u03ac\u03c3\u03ba\u03b7\u03bd\u03bf\u03c5, \u03b3\u03bb\u03c5\u03ba\u03cc\u03c1\u03b9\u03b6\u03b1\u03c2, \u03b4\u03ad\u03c1\u03bc\u03b1\u03c4\u03bf\u03c2 \u03ba\u03b1\u03b9 \u03b2\u03b1\u03bd\u03af\u03bb\u03b9\u03b1\u03c2. \u03a3\u03c4\u03bf \u03c3\u03c4\u03cc\u03bc\u03b1 \u03b5\u03af\u03bd\u03b1\u03b9 \u03bc\u03b5\u03c3\u03b1\u03af\u03bf\u03c5 \u03cc\u03b3\u03ba\u03bf\u03c5, \u03bc\u03b5 \u03c3\u03c4\u03c1\u03bf\u03b3\u03b3\u03c5\u03bb\u03ad\u03c2 \u03c4\u03b1\u03bd\u03af\u03bd\u03b5\u03c2 \u03ba\u03b1\u03b9 \u03c0\u03b9\u03ba\u03ac\u03bd\u03c4\u03b9\u03ba\u03b7, \u03b5\u03bb\u03b1\u03c6\u03c1\u03ce\u03c2 \u03c1\u03bf\u03c5\u03c3\u03c4\u03af\u03ba \u03b5\u03c0\u03af\u03b3\u03b5\u03c5\u03c3\u03b7.","og_url":"https:\/\/tastysailing.com\/pl\/produkt\/980\/","og_site_name":"Tasty Sailing - Zasmakuj w podr\u00f3\u017cy!","article_modified_time":"2022-11-02T23:20:46+00:00","og_image":[{"width":346,"height":766,"url":"https:\/\/tastysailing.com\/pl\/wp-content\/uploads\/sites\/2\/2016\/02\/orgion_eklavoz.jpg","type":"image\/jpeg"}],"twitter_card":"summary_large_image","schema":{"@context":"https:\/\/schema.org","@graph":[{"@type":"WebPage","@id":"https:\/\/tastysailing.com\/pl\/produkt\/980\/","url":"https:\/\/tastysailing.com\/pl\/produkt\/980\/","name":"Orgies, Mavrodaphne \/ \u039f\u03c1\u03b3\u03af\u03c9\u03bd, \u039c\u03b1\u03c5\u03c1\u03bf\u03b4\u03ac\u03c6\u03bd\u03b7 - Tasty Sailing - Zasmakuj w podr\u00f3\u017cy!","isPartOf":{"@id":"https:\/\/tastysailing.com\/pl\/#website"},"primaryImageOfPage":{"@id":"https:\/\/tastysailing.com\/pl\/produkt\/980\/#primaryimage"},"image":{"@id":"https:\/\/tastysailing.com\/pl\/produkt\/980\/#primaryimage"},"thumbnailUrl":"https:\/\/tastysailing.com\/pl\/wp-content\/uploads\/sites\/2\/2016\/02\/orgion_eklavoz.jpg","datePublished":"2016-03-31T09:46:20+00:00","dateModified":"2022-11-02T23:20:46+00:00","breadcrumb":{"@id":"https:\/\/tastysailing.com\/pl\/produkt\/980\/#breadcrumb"},"inLanguage":"pl-PL","potentialAction":[{"@type":"ReadAction","target":["https:\/\/tastysailing.com\/pl\/produkt\/980\/"]}]},{"@type":"ImageObject","inLanguage":"pl-PL","@id":"https:\/\/tastysailing.com\/pl\/produkt\/980\/#primaryimage","url":"https:\/\/tastysailing.com\/pl\/wp-content\/uploads\/sites\/2\/2016\/02\/orgion_eklavoz.jpg","contentUrl":"https:\/\/tastysailing.com\/pl\/wp-content\/uploads\/sites\/2\/2016\/02\/orgion_eklavoz.jpg","width":346,"height":766,"caption":"Orgies, Mavrodaphne \/ \u039f\u03c1\u03b3\u03af\u03c9\u03bd, \u039c\u03b1\u03c5\u03c1\u03bf\u03b4\u03ac\u03c6\u03bd\u03b7"},{"@type":"BreadcrumbList","@id":"https:\/\/tastysailing.com\/pl\/produkt\/980\/#breadcrumb","itemListElement":[{"@type":"ListItem","position":1,"name":"Strona g\u0142\u00f3wna","item":"https:\/\/tastysailing.com\/pl\/"},{"@type":"ListItem","position":2,"name":"Produkty","item":"https:\/\/tastysailing.com\/pl\/shop\/"},{"@type":"ListItem","position":3,"name":"Orgies, Mavrodaphne \/ \u039f\u03c1\u03b3\u03af\u03c9\u03bd, \u039c\u03b1\u03c5\u03c1\u03bf\u03b4\u03ac\u03c6\u03bd\u03b7"}]},{"@type":"WebSite","@id":"https:\/\/tastysailing.com\/pl\/#website","url":"https:\/\/tastysailing.com\/pl\/","name":"Tasty Sailing - Zasmakuj w podr\u00f3\u017cy!","description":"Kulinarne podr\u00f3\u017ce po Grecji","potentialAction":[{"@type":"SearchAction","target":{"@type":"EntryPoint","urlTemplate":"https:\/\/tastysailing.com\/pl\/?s={search_term_string}"},"query-input":{"@type":"PropertyValueSpecification","valueRequired":true,"valueName":"search_term_string"}}],"inLanguage":"pl-PL"}]}},"_links":{"self":[{"href":"https:\/\/tastysailing.com\/pl\/wp-json\/wp\/v2\/product\/980","targetHints":{"allow":["GET"]}}],"collection":[{"href":"https:\/\/tastysailing.com\/pl\/wp-json\/wp\/v2\/product"}],"about":[{"href":"https:\/\/tastysailing.com\/pl\/wp-json\/wp\/v2\/types\/product"}],"replies":[{"embeddable":true,"href":"https:\/\/tastysailing.com\/pl\/wp-json\/wp\/v2\/comments?post=980"}],"wp:featuredmedia":[{"embeddable":true,"href":"https:\/\/tastysailing.com\/pl\/wp-json\/wp\/v2\/media\/953"}],"wp:attachment":[{"href":"https:\/\/tastysailing.com\/pl\/wp-json\/wp\/v2\/media?parent=980"}],"wp:term":[{"taxonomy":"product_cat","embeddable":true,"href":"https:\/\/tastysailing.com\/pl\/wp-json\/wp\/v2\/product_cat?post=980"},{"taxonomy":"product_tag","embeddable":true,"href":"https:\/\/tastysailing.com\/pl\/wp-json\/wp\/v2\/product_tag?post=980"}],"curies":[{"name":"wp","href":"https:\/\/api.w.org\/{rel}","templated":true}]}}