{"id":978,"date":"2016-03-31T11:43:06","date_gmt":"2016-03-31T09:43:06","guid":{"rendered":"http:\/\/tastysailing.com\/pl\/?post_type=product&#038;p=978"},"modified":"2025-08-26T17:01:25","modified_gmt":"2025-08-26T15:01:25","slug":"lemnia-earth-%ce%bb%ce%b7%ce%bc%ce%bd%ce%af%ce%b1-%ce%b3%ce%b7","status":"publish","type":"product","link":"https:\/\/tastysailing.com\/pl\/produkt\/lemnia-earth-%ce%bb%ce%b7%ce%bc%ce%bd%ce%af%ce%b1-%ce%b3%ce%b7\/","title":{"rendered":"Lemnia Earth \/ \u039b\u03b7\u03bc\u03bd\u03af\u03b1 \u0393\u03b7"},"content":{"rendered":"<p>Dry White<\/p>\n<p>Muscat of Alexandria 100%<\/p>\n<p>A pleasant and cool white for lovers of aromatic wines. Distinguished for its floral aroma characteristics, beautiful acidity, and excellent value for money it presents.<\/p>\n","protected":false},"excerpt":{"rendered":"<p>Dry White<\/p>\n<p>Muscat of Alexandria 100%<\/p>\n<p>A pleasant and cool white for lovers of aromatic wines. Distinguished for its floral aroma characteristics, beautiful acidity, and excellent value for money it presents.<\/p>\n","protected":false},"featured_media":948,"comment_status":"open","ping_status":"closed","template":"","meta":[],"product_cat":[16],"product_tag":[],"class_list":{"0":"post-978","1":"product","2":"type-product","3":"status-publish","4":"has-post-thumbnail","6":"product_cat-biale","8":"first","9":"instock","10":"shipping-taxable","11":"purchasable","12":"product-type-simple"},"yoast_head":"<!-- This site is optimized with the Yoast SEO plugin v23.9 - https:\/\/yoast.com\/wordpress\/plugins\/seo\/ -->\n<title>Lemnia Earth \/ \u039b\u03b7\u03bc\u03bd\u03af\u03b1 \u0393\u03b7 - Tasty Sailing - Zasmakuj w podr\u00f3\u017cy!<\/title>\n<meta name=\"robots\" content=\"index, follow, max-snippet:-1, max-image-preview:large, max-video-preview:-1\" \/>\n<link rel=\"canonical\" href=\"https:\/\/tastysailing.com\/pl\/produkt\/lemnia-earth-\u03bb\u03b7\u03bc\u03bd\u03af\u03b1-\u03b3\u03b7\/\" \/>\n<meta property=\"og:locale\" content=\"pl_PL\" \/>\n<meta property=\"og:type\" content=\"article\" \/>\n<meta property=\"og:title\" content=\"Lemnia Earth \/ \u039b\u03b7\u03bc\u03bd\u03af\u03b1 \u0393\u03b7 - Tasty Sailing - Zasmakuj w podr\u00f3\u017cy!\" \/>\n<meta property=\"og:description\" content=\"Dry White Muscat of Alexandria 100% A pleasant and cool white for lovers of aromatic wines. Distinguished for its floral aroma characteristics, beautiful acidity, and excellent value for money it presents.\" \/>\n<meta property=\"og:url\" content=\"https:\/\/tastysailing.com\/pl\/produkt\/lemnia-earth-\u03bb\u03b7\u03bc\u03bd\u03af\u03b1-\u03b3\u03b7\/\" \/>\n<meta property=\"og:site_name\" content=\"Tasty Sailing - Zasmakuj w podr\u00f3\u017cy!\" \/>\n<meta property=\"article:modified_time\" content=\"2025-08-26T15:01:25+00:00\" \/>\n<meta property=\"og:image\" content=\"https:\/\/tastysailing.com\/pl\/wp-content\/uploads\/sites\/2\/2016\/02\/lamina_earth.jpg\" \/>\n\t<meta property=\"og:image:width\" content=\"346\" \/>\n\t<meta property=\"og:image:height\" content=\"766\" \/>\n\t<meta property=\"og:image:type\" content=\"image\/jpeg\" \/>\n<meta name=\"twitter:card\" content=\"summary_large_image\" \/>\n<script type=\"application\/ld+json\" class=\"yoast-schema-graph\">{\"@context\":\"https:\/\/schema.org\",\"@graph\":[{\"@type\":\"WebPage\",\"@id\":\"https:\/\/tastysailing.com\/pl\/produkt\/lemnia-earth-%ce%bb%ce%b7%ce%bc%ce%bd%ce%af%ce%b1-%ce%b3%ce%b7\/\",\"url\":\"https:\/\/tastysailing.com\/pl\/produkt\/lemnia-earth-%ce%bb%ce%b7%ce%bc%ce%bd%ce%af%ce%b1-%ce%b3%ce%b7\/\",\"name\":\"Lemnia Earth \/ \u039b\u03b7\u03bc\u03bd\u03af\u03b1 \u0393\u03b7 - Tasty Sailing - Zasmakuj w podr\u00f3\u017cy!\",\"isPartOf\":{\"@id\":\"https:\/\/tastysailing.com\/pl\/#website\"},\"primaryImageOfPage\":{\"@id\":\"https:\/\/tastysailing.com\/pl\/produkt\/lemnia-earth-%ce%bb%ce%b7%ce%bc%ce%bd%ce%af%ce%b1-%ce%b3%ce%b7\/#primaryimage\"},\"image\":{\"@id\":\"https:\/\/tastysailing.com\/pl\/produkt\/lemnia-earth-%ce%bb%ce%b7%ce%bc%ce%bd%ce%af%ce%b1-%ce%b3%ce%b7\/#primaryimage\"},\"thumbnailUrl\":\"https:\/\/tastysailing.com\/pl\/wp-content\/uploads\/sites\/2\/2016\/02\/lamina_earth.jpg\",\"datePublished\":\"2016-03-31T09:43:06+00:00\",\"dateModified\":\"2025-08-26T15:01:25+00:00\",\"breadcrumb\":{\"@id\":\"https:\/\/tastysailing.com\/pl\/produkt\/lemnia-earth-%ce%bb%ce%b7%ce%bc%ce%bd%ce%af%ce%b1-%ce%b3%ce%b7\/#breadcrumb\"},\"inLanguage\":\"pl-PL\",\"potentialAction\":[{\"@type\":\"ReadAction\",\"target\":[\"https:\/\/tastysailing.com\/pl\/produkt\/lemnia-earth-%ce%bb%ce%b7%ce%bc%ce%bd%ce%af%ce%b1-%ce%b3%ce%b7\/\"]}]},{\"@type\":\"ImageObject\",\"inLanguage\":\"pl-PL\",\"@id\":\"https:\/\/tastysailing.com\/pl\/produkt\/lemnia-earth-%ce%bb%ce%b7%ce%bc%ce%bd%ce%af%ce%b1-%ce%b3%ce%b7\/#primaryimage\",\"url\":\"https:\/\/tastysailing.com\/pl\/wp-content\/uploads\/sites\/2\/2016\/02\/lamina_earth.jpg\",\"contentUrl\":\"https:\/\/tastysailing.com\/pl\/wp-content\/uploads\/sites\/2\/2016\/02\/lamina_earth.jpg\",\"width\":346,\"height\":766,\"caption\":\"Lemnia Earth \/ \u039b\u03b7\u03bc\u03bd\u03af\u03b1 \u0393\u03b7\"},{\"@type\":\"BreadcrumbList\",\"@id\":\"https:\/\/tastysailing.com\/pl\/produkt\/lemnia-earth-%ce%bb%ce%b7%ce%bc%ce%bd%ce%af%ce%b1-%ce%b3%ce%b7\/#breadcrumb\",\"itemListElement\":[{\"@type\":\"ListItem\",\"position\":1,\"name\":\"Strona g\u0142\u00f3wna\",\"item\":\"https:\/\/tastysailing.com\/pl\/\"},{\"@type\":\"ListItem\",\"position\":2,\"name\":\"Produkty\",\"item\":\"https:\/\/tastysailing.com\/pl\/shop\/\"},{\"@type\":\"ListItem\",\"position\":3,\"name\":\"Lemnia Earth \/ \u039b\u03b7\u03bc\u03bd\u03af\u03b1 \u0393\u03b7\"}]},{\"@type\":\"WebSite\",\"@id\":\"https:\/\/tastysailing.com\/pl\/#website\",\"url\":\"https:\/\/tastysailing.com\/pl\/\",\"name\":\"Tasty Sailing - Zasmakuj w podr\u00f3\u017cy!\",\"description\":\"Kulinarne podr\u00f3\u017ce po Grecji\",\"potentialAction\":[{\"@type\":\"SearchAction\",\"target\":{\"@type\":\"EntryPoint\",\"urlTemplate\":\"https:\/\/tastysailing.com\/pl\/?s={search_term_string}\"},\"query-input\":{\"@type\":\"PropertyValueSpecification\",\"valueRequired\":true,\"valueName\":\"search_term_string\"}}],\"inLanguage\":\"pl-PL\"}]}<\/script>\n<!-- \/ Yoast SEO plugin. -->","yoast_head_json":{"title":"Lemnia Earth \/ \u039b\u03b7\u03bc\u03bd\u03af\u03b1 \u0393\u03b7 - Tasty Sailing - Zasmakuj w podr\u00f3\u017cy!","robots":{"index":"index","follow":"follow","max-snippet":"max-snippet:-1","max-image-preview":"max-image-preview:large","max-video-preview":"max-video-preview:-1"},"canonical":"https:\/\/tastysailing.com\/pl\/produkt\/lemnia-earth-\u03bb\u03b7\u03bc\u03bd\u03af\u03b1-\u03b3\u03b7\/","og_locale":"pl_PL","og_type":"article","og_title":"Lemnia Earth \/ \u039b\u03b7\u03bc\u03bd\u03af\u03b1 \u0393\u03b7 - Tasty Sailing - Zasmakuj w podr\u00f3\u017cy!","og_description":"Dry White Muscat of Alexandria 100% A pleasant and cool white for lovers of aromatic wines. Distinguished for its floral aroma characteristics, beautiful acidity, and excellent value for money it presents.","og_url":"https:\/\/tastysailing.com\/pl\/produkt\/lemnia-earth-\u03bb\u03b7\u03bc\u03bd\u03af\u03b1-\u03b3\u03b7\/","og_site_name":"Tasty Sailing - Zasmakuj w podr\u00f3\u017cy!","article_modified_time":"2025-08-26T15:01:25+00:00","og_image":[{"width":346,"height":766,"url":"https:\/\/tastysailing.com\/pl\/wp-content\/uploads\/sites\/2\/2016\/02\/lamina_earth.jpg","type":"image\/jpeg"}],"twitter_card":"summary_large_image","schema":{"@context":"https:\/\/schema.org","@graph":[{"@type":"WebPage","@id":"https:\/\/tastysailing.com\/pl\/produkt\/lemnia-earth-%ce%bb%ce%b7%ce%bc%ce%bd%ce%af%ce%b1-%ce%b3%ce%b7\/","url":"https:\/\/tastysailing.com\/pl\/produkt\/lemnia-earth-%ce%bb%ce%b7%ce%bc%ce%bd%ce%af%ce%b1-%ce%b3%ce%b7\/","name":"Lemnia Earth \/ \u039b\u03b7\u03bc\u03bd\u03af\u03b1 \u0393\u03b7 - Tasty Sailing - Zasmakuj w podr\u00f3\u017cy!","isPartOf":{"@id":"https:\/\/tastysailing.com\/pl\/#website"},"primaryImageOfPage":{"@id":"https:\/\/tastysailing.com\/pl\/produkt\/lemnia-earth-%ce%bb%ce%b7%ce%bc%ce%bd%ce%af%ce%b1-%ce%b3%ce%b7\/#primaryimage"},"image":{"@id":"https:\/\/tastysailing.com\/pl\/produkt\/lemnia-earth-%ce%bb%ce%b7%ce%bc%ce%bd%ce%af%ce%b1-%ce%b3%ce%b7\/#primaryimage"},"thumbnailUrl":"https:\/\/tastysailing.com\/pl\/wp-content\/uploads\/sites\/2\/2016\/02\/lamina_earth.jpg","datePublished":"2016-03-31T09:43:06+00:00","dateModified":"2025-08-26T15:01:25+00:00","breadcrumb":{"@id":"https:\/\/tastysailing.com\/pl\/produkt\/lemnia-earth-%ce%bb%ce%b7%ce%bc%ce%bd%ce%af%ce%b1-%ce%b3%ce%b7\/#breadcrumb"},"inLanguage":"pl-PL","potentialAction":[{"@type":"ReadAction","target":["https:\/\/tastysailing.com\/pl\/produkt\/lemnia-earth-%ce%bb%ce%b7%ce%bc%ce%bd%ce%af%ce%b1-%ce%b3%ce%b7\/"]}]},{"@type":"ImageObject","inLanguage":"pl-PL","@id":"https:\/\/tastysailing.com\/pl\/produkt\/lemnia-earth-%ce%bb%ce%b7%ce%bc%ce%bd%ce%af%ce%b1-%ce%b3%ce%b7\/#primaryimage","url":"https:\/\/tastysailing.com\/pl\/wp-content\/uploads\/sites\/2\/2016\/02\/lamina_earth.jpg","contentUrl":"https:\/\/tastysailing.com\/pl\/wp-content\/uploads\/sites\/2\/2016\/02\/lamina_earth.jpg","width":346,"height":766,"caption":"Lemnia Earth \/ \u039b\u03b7\u03bc\u03bd\u03af\u03b1 \u0393\u03b7"},{"@type":"BreadcrumbList","@id":"https:\/\/tastysailing.com\/pl\/produkt\/lemnia-earth-%ce%bb%ce%b7%ce%bc%ce%bd%ce%af%ce%b1-%ce%b3%ce%b7\/#breadcrumb","itemListElement":[{"@type":"ListItem","position":1,"name":"Strona g\u0142\u00f3wna","item":"https:\/\/tastysailing.com\/pl\/"},{"@type":"ListItem","position":2,"name":"Produkty","item":"https:\/\/tastysailing.com\/pl\/shop\/"},{"@type":"ListItem","position":3,"name":"Lemnia Earth \/ \u039b\u03b7\u03bc\u03bd\u03af\u03b1 \u0393\u03b7"}]},{"@type":"WebSite","@id":"https:\/\/tastysailing.com\/pl\/#website","url":"https:\/\/tastysailing.com\/pl\/","name":"Tasty Sailing - Zasmakuj w podr\u00f3\u017cy!","description":"Kulinarne podr\u00f3\u017ce po Grecji","potentialAction":[{"@type":"SearchAction","target":{"@type":"EntryPoint","urlTemplate":"https:\/\/tastysailing.com\/pl\/?s={search_term_string}"},"query-input":{"@type":"PropertyValueSpecification","valueRequired":true,"valueName":"search_term_string"}}],"inLanguage":"pl-PL"}]}},"_links":{"self":[{"href":"https:\/\/tastysailing.com\/pl\/wp-json\/wp\/v2\/product\/978","targetHints":{"allow":["GET"]}}],"collection":[{"href":"https:\/\/tastysailing.com\/pl\/wp-json\/wp\/v2\/product"}],"about":[{"href":"https:\/\/tastysailing.com\/pl\/wp-json\/wp\/v2\/types\/product"}],"replies":[{"embeddable":true,"href":"https:\/\/tastysailing.com\/pl\/wp-json\/wp\/v2\/comments?post=978"}],"wp:featuredmedia":[{"embeddable":true,"href":"https:\/\/tastysailing.com\/pl\/wp-json\/wp\/v2\/media\/948"}],"wp:attachment":[{"href":"https:\/\/tastysailing.com\/pl\/wp-json\/wp\/v2\/media?parent=978"}],"wp:term":[{"taxonomy":"product_cat","embeddable":true,"href":"https:\/\/tastysailing.com\/pl\/wp-json\/wp\/v2\/product_cat?post=978"},{"taxonomy":"product_tag","embeddable":true,"href":"https:\/\/tastysailing.com\/pl\/wp-json\/wp\/v2\/product_tag?post=978"}],"curies":[{"name":"wp","href":"https:\/\/api.w.org\/{rel}","templated":true}]}}