{"id":605,"date":"2016-02-27T12:09:09","date_gmt":"2016-02-27T11:09:09","guid":{"rendered":"http:\/\/tastysailing.com\/pl\/?post_type=product&#038;p=605"},"modified":"2022-12-12T22:15:27","modified_gmt":"2022-12-12T21:15:27","slug":"gerovassiliou-malagouzia-2015","status":"publish","type":"product","link":"https:\/\/tastysailing.com\/pl\/produkt\/gerovassiliou-malagouzia-2015\/","title":{"rendered":"Gerovassiliou \u2013 Malagouzia 2015"},"content":{"rendered":"<p>Wytrawne Bia\u0142e,<\/p>\n<p>Malagouzia 100%<\/p>\n<p>Malagousia is now the personification of the way Greek producers are rediscovering their\u00a0roots. Evangelos Gerovasilliou is credited with its renaissance and the estate\u2019s Malagousia is a\u00a0benchmark style, round, soft and supple, with ethereal floral and fruity aromas, coupled with\u00a0oaky undertones. More like a great Condrieu from Northern Rhone.<\/p>\n","protected":false},"excerpt":{"rendered":"<p>Wytrawne Bia\u0142e,<\/p>\n<p>Malagouzia 100%<\/p>\n<p>Malagousia is now the personification of the way Greek producers are rediscovering their\u00a0roots. Evangelos Gerovasilliou is credited with its renaissance and the estate\u2019s Malagousia is a\u00a0benchmark style, round, soft and supple, with ethereal floral and fruity aromas, coupled with\u00a0oaky undertones. More like a great Condrieu from Northern Rhone.<\/p>\n","protected":false},"featured_media":950,"comment_status":"open","ping_status":"closed","template":"","meta":[],"product_cat":[16],"product_tag":[],"class_list":{"0":"post-605","1":"product","2":"type-product","3":"status-publish","4":"has-post-thumbnail","6":"product_cat-biale","8":"first","9":"instock","10":"shipping-taxable","11":"purchasable","12":"product-type-simple"},"yoast_head":"<!-- This site is optimized with the Yoast SEO plugin v23.9 - https:\/\/yoast.com\/wordpress\/plugins\/seo\/ -->\n<title>Gerovassiliou \u2013 Malagouzia 2015 - Tasty Sailing - Zasmakuj w podr\u00f3\u017cy!<\/title>\n<meta name=\"robots\" content=\"index, follow, max-snippet:-1, max-image-preview:large, max-video-preview:-1\" \/>\n<link rel=\"canonical\" href=\"https:\/\/tastysailing.com\/pl\/produkt\/gerovassiliou-malagouzia-2015\/\" \/>\n<meta property=\"og:locale\" content=\"pl_PL\" \/>\n<meta property=\"og:type\" content=\"article\" \/>\n<meta property=\"og:title\" content=\"Gerovassiliou \u2013 Malagouzia 2015 - Tasty Sailing - Zasmakuj w podr\u00f3\u017cy!\" \/>\n<meta property=\"og:description\" content=\"Wytrawne Bia\u0142e, Malagouzia 100% Malagousia is now the personification of the way Greek producers are rediscovering their\u00a0roots. Evangelos Gerovasilliou is credited with its renaissance and the estate\u2019s Malagousia is a\u00a0benchmark style, round, soft and supple, with ethereal floral and fruity aromas, coupled with\u00a0oaky undertones. More like a great Condrieu from Northern Rhone.\" \/>\n<meta property=\"og:url\" content=\"https:\/\/tastysailing.com\/pl\/produkt\/gerovassiliou-malagouzia-2015\/\" \/>\n<meta property=\"og:site_name\" content=\"Tasty Sailing - Zasmakuj w podr\u00f3\u017cy!\" \/>\n<meta property=\"article:modified_time\" content=\"2022-12-12T21:15:27+00:00\" \/>\n<meta property=\"og:image\" content=\"https:\/\/tastysailing.com\/pl\/wp-content\/uploads\/sites\/2\/2016\/02\/malagousia.jpg\" \/>\n\t<meta property=\"og:image:width\" content=\"346\" \/>\n\t<meta property=\"og:image:height\" content=\"766\" \/>\n\t<meta property=\"og:image:type\" content=\"image\/jpeg\" \/>\n<meta name=\"twitter:card\" content=\"summary_large_image\" \/>\n<script type=\"application\/ld+json\" class=\"yoast-schema-graph\">{\"@context\":\"https:\/\/schema.org\",\"@graph\":[{\"@type\":\"WebPage\",\"@id\":\"https:\/\/tastysailing.com\/pl\/produkt\/gerovassiliou-malagouzia-2015\/\",\"url\":\"https:\/\/tastysailing.com\/pl\/produkt\/gerovassiliou-malagouzia-2015\/\",\"name\":\"Gerovassiliou \u2013 Malagouzia 2015 - Tasty Sailing - Zasmakuj w podr\u00f3\u017cy!\",\"isPartOf\":{\"@id\":\"https:\/\/tastysailing.com\/pl\/#website\"},\"primaryImageOfPage\":{\"@id\":\"https:\/\/tastysailing.com\/pl\/produkt\/gerovassiliou-malagouzia-2015\/#primaryimage\"},\"image\":{\"@id\":\"https:\/\/tastysailing.com\/pl\/produkt\/gerovassiliou-malagouzia-2015\/#primaryimage\"},\"thumbnailUrl\":\"https:\/\/tastysailing.com\/pl\/wp-content\/uploads\/sites\/2\/2016\/02\/malagousia.jpg\",\"datePublished\":\"2016-02-27T11:09:09+00:00\",\"dateModified\":\"2022-12-12T21:15:27+00:00\",\"breadcrumb\":{\"@id\":\"https:\/\/tastysailing.com\/pl\/produkt\/gerovassiliou-malagouzia-2015\/#breadcrumb\"},\"inLanguage\":\"pl-PL\",\"potentialAction\":[{\"@type\":\"ReadAction\",\"target\":[\"https:\/\/tastysailing.com\/pl\/produkt\/gerovassiliou-malagouzia-2015\/\"]}]},{\"@type\":\"ImageObject\",\"inLanguage\":\"pl-PL\",\"@id\":\"https:\/\/tastysailing.com\/pl\/produkt\/gerovassiliou-malagouzia-2015\/#primaryimage\",\"url\":\"https:\/\/tastysailing.com\/pl\/wp-content\/uploads\/sites\/2\/2016\/02\/malagousia.jpg\",\"contentUrl\":\"https:\/\/tastysailing.com\/pl\/wp-content\/uploads\/sites\/2\/2016\/02\/malagousia.jpg\",\"width\":346,\"height\":766},{\"@type\":\"BreadcrumbList\",\"@id\":\"https:\/\/tastysailing.com\/pl\/produkt\/gerovassiliou-malagouzia-2015\/#breadcrumb\",\"itemListElement\":[{\"@type\":\"ListItem\",\"position\":1,\"name\":\"Strona g\u0142\u00f3wna\",\"item\":\"https:\/\/tastysailing.com\/pl\/\"},{\"@type\":\"ListItem\",\"position\":2,\"name\":\"Produkty\",\"item\":\"https:\/\/tastysailing.com\/pl\/shop\/\"},{\"@type\":\"ListItem\",\"position\":3,\"name\":\"Gerovassiliou \u2013 Malagouzia 2015\"}]},{\"@type\":\"WebSite\",\"@id\":\"https:\/\/tastysailing.com\/pl\/#website\",\"url\":\"https:\/\/tastysailing.com\/pl\/\",\"name\":\"Tasty Sailing - Zasmakuj w podr\u00f3\u017cy!\",\"description\":\"Kulinarne podr\u00f3\u017ce po Grecji\",\"potentialAction\":[{\"@type\":\"SearchAction\",\"target\":{\"@type\":\"EntryPoint\",\"urlTemplate\":\"https:\/\/tastysailing.com\/pl\/?s={search_term_string}\"},\"query-input\":{\"@type\":\"PropertyValueSpecification\",\"valueRequired\":true,\"valueName\":\"search_term_string\"}}],\"inLanguage\":\"pl-PL\"}]}<\/script>\n<!-- \/ Yoast SEO plugin. -->","yoast_head_json":{"title":"Gerovassiliou \u2013 Malagouzia 2015 - Tasty Sailing - Zasmakuj w podr\u00f3\u017cy!","robots":{"index":"index","follow":"follow","max-snippet":"max-snippet:-1","max-image-preview":"max-image-preview:large","max-video-preview":"max-video-preview:-1"},"canonical":"https:\/\/tastysailing.com\/pl\/produkt\/gerovassiliou-malagouzia-2015\/","og_locale":"pl_PL","og_type":"article","og_title":"Gerovassiliou \u2013 Malagouzia 2015 - Tasty Sailing - Zasmakuj w podr\u00f3\u017cy!","og_description":"Wytrawne Bia\u0142e, Malagouzia 100% Malagousia is now the personification of the way Greek producers are rediscovering their\u00a0roots. Evangelos Gerovasilliou is credited with its renaissance and the estate\u2019s Malagousia is a\u00a0benchmark style, round, soft and supple, with ethereal floral and fruity aromas, coupled with\u00a0oaky undertones. More like a great Condrieu from Northern Rhone.","og_url":"https:\/\/tastysailing.com\/pl\/produkt\/gerovassiliou-malagouzia-2015\/","og_site_name":"Tasty Sailing - Zasmakuj w podr\u00f3\u017cy!","article_modified_time":"2022-12-12T21:15:27+00:00","og_image":[{"width":346,"height":766,"url":"https:\/\/tastysailing.com\/pl\/wp-content\/uploads\/sites\/2\/2016\/02\/malagousia.jpg","type":"image\/jpeg"}],"twitter_card":"summary_large_image","schema":{"@context":"https:\/\/schema.org","@graph":[{"@type":"WebPage","@id":"https:\/\/tastysailing.com\/pl\/produkt\/gerovassiliou-malagouzia-2015\/","url":"https:\/\/tastysailing.com\/pl\/produkt\/gerovassiliou-malagouzia-2015\/","name":"Gerovassiliou \u2013 Malagouzia 2015 - Tasty Sailing - Zasmakuj w podr\u00f3\u017cy!","isPartOf":{"@id":"https:\/\/tastysailing.com\/pl\/#website"},"primaryImageOfPage":{"@id":"https:\/\/tastysailing.com\/pl\/produkt\/gerovassiliou-malagouzia-2015\/#primaryimage"},"image":{"@id":"https:\/\/tastysailing.com\/pl\/produkt\/gerovassiliou-malagouzia-2015\/#primaryimage"},"thumbnailUrl":"https:\/\/tastysailing.com\/pl\/wp-content\/uploads\/sites\/2\/2016\/02\/malagousia.jpg","datePublished":"2016-02-27T11:09:09+00:00","dateModified":"2022-12-12T21:15:27+00:00","breadcrumb":{"@id":"https:\/\/tastysailing.com\/pl\/produkt\/gerovassiliou-malagouzia-2015\/#breadcrumb"},"inLanguage":"pl-PL","potentialAction":[{"@type":"ReadAction","target":["https:\/\/tastysailing.com\/pl\/produkt\/gerovassiliou-malagouzia-2015\/"]}]},{"@type":"ImageObject","inLanguage":"pl-PL","@id":"https:\/\/tastysailing.com\/pl\/produkt\/gerovassiliou-malagouzia-2015\/#primaryimage","url":"https:\/\/tastysailing.com\/pl\/wp-content\/uploads\/sites\/2\/2016\/02\/malagousia.jpg","contentUrl":"https:\/\/tastysailing.com\/pl\/wp-content\/uploads\/sites\/2\/2016\/02\/malagousia.jpg","width":346,"height":766},{"@type":"BreadcrumbList","@id":"https:\/\/tastysailing.com\/pl\/produkt\/gerovassiliou-malagouzia-2015\/#breadcrumb","itemListElement":[{"@type":"ListItem","position":1,"name":"Strona g\u0142\u00f3wna","item":"https:\/\/tastysailing.com\/pl\/"},{"@type":"ListItem","position":2,"name":"Produkty","item":"https:\/\/tastysailing.com\/pl\/shop\/"},{"@type":"ListItem","position":3,"name":"Gerovassiliou \u2013 Malagouzia 2015"}]},{"@type":"WebSite","@id":"https:\/\/tastysailing.com\/pl\/#website","url":"https:\/\/tastysailing.com\/pl\/","name":"Tasty Sailing - Zasmakuj w podr\u00f3\u017cy!","description":"Kulinarne podr\u00f3\u017ce po Grecji","potentialAction":[{"@type":"SearchAction","target":{"@type":"EntryPoint","urlTemplate":"https:\/\/tastysailing.com\/pl\/?s={search_term_string}"},"query-input":{"@type":"PropertyValueSpecification","valueRequired":true,"valueName":"search_term_string"}}],"inLanguage":"pl-PL"}]}},"_links":{"self":[{"href":"https:\/\/tastysailing.com\/pl\/wp-json\/wp\/v2\/product\/605","targetHints":{"allow":["GET"]}}],"collection":[{"href":"https:\/\/tastysailing.com\/pl\/wp-json\/wp\/v2\/product"}],"about":[{"href":"https:\/\/tastysailing.com\/pl\/wp-json\/wp\/v2\/types\/product"}],"replies":[{"embeddable":true,"href":"https:\/\/tastysailing.com\/pl\/wp-json\/wp\/v2\/comments?post=605"}],"wp:featuredmedia":[{"embeddable":true,"href":"https:\/\/tastysailing.com\/pl\/wp-json\/wp\/v2\/media\/950"}],"wp:attachment":[{"href":"https:\/\/tastysailing.com\/pl\/wp-json\/wp\/v2\/media?parent=605"}],"wp:term":[{"taxonomy":"product_cat","embeddable":true,"href":"https:\/\/tastysailing.com\/pl\/wp-json\/wp\/v2\/product_cat?post=605"},{"taxonomy":"product_tag","embeddable":true,"href":"https:\/\/tastysailing.com\/pl\/wp-json\/wp\/v2\/product_tag?post=605"}],"curies":[{"name":"wp","href":"https:\/\/api.w.org\/{rel}","templated":true}]}}