{"id":604,"date":"2016-02-27T12:08:03","date_gmt":"2016-02-27T11:08:03","guid":{"rendered":"http:\/\/tastysailing.com\/pl\/?post_type=product&#038;p=604"},"modified":"2025-08-26T16:45:40","modified_gmt":"2025-08-26T14:45:40","slug":"ktima-michaelidi-kthma-mixah%ce%bb%ce%b9%ce%b4%cf%87","status":"publish","type":"product","link":"https:\/\/tastysailing.com\/pl\/produkt\/ktima-michaelidi-kthma-mixah%ce%bb%ce%b9%ce%b4%cf%87\/","title":{"rendered":"Biblia Chora \/ \u0392\u03b9\u03b2\u03bb\u03af\u03b1 \u03a7\u03ce\u03c1\u03b1"},"content":{"rendered":"<p>Dry White<\/p>\n<p>Assyrtiko 40%<br \/>\nSauvignon Blanc 60%<\/p>\n<p><strong>Characteristics:<\/strong> A gentle, yellow-green colour of remarkable clarity. The marriage of the\u00a0cosmopolitan and fragrant Sauvignon with the Greek Assyrtiko produces a wine with a powerful\u00a0aroma redolent of exotic fruit, peach and citrus. A rich, cool and beautifully balanced flavour,\u00a0pleasant acidity and a lasting, fragrant aftertaste.<\/p>\n","protected":false},"excerpt":{"rendered":"<p>Dry White<\/p>\n<p>Assyrtiko 40%<br \/>\nSauvignon Blanc 60%<\/p>\n<p><strong>Characteristics:<\/strong> A gentle, yellow-green colour of remarkable clarity. The marriage of the\u00a0cosmopolitan and fragrant Sauvignon with the Greek Assyrtiko produces a wine with a powerful\u00a0aroma redolent of exotic fruit, peach and citrus. A rich, cool and beautifully balanced flavour,\u00a0pleasant acidity and a lasting, fragrant aftertaste.<\/p>\n","protected":false},"featured_media":945,"comment_status":"open","ping_status":"closed","template":"","meta":[],"product_cat":[16],"product_tag":[],"class_list":{"0":"post-604","1":"product","2":"type-product","3":"status-publish","4":"has-post-thumbnail","6":"product_cat-biale","8":"first","9":"instock","10":"shipping-taxable","11":"purchasable","12":"product-type-simple"},"yoast_head":"<!-- This site is optimized with the Yoast SEO plugin v23.9 - https:\/\/yoast.com\/wordpress\/plugins\/seo\/ -->\n<title>Biblia Chora \/ \u0392\u03b9\u03b2\u03bb\u03af\u03b1 \u03a7\u03ce\u03c1\u03b1 - Tasty Sailing - Zasmakuj w podr\u00f3\u017cy!<\/title>\n<meta name=\"robots\" content=\"index, follow, max-snippet:-1, max-image-preview:large, max-video-preview:-1\" \/>\n<link rel=\"canonical\" href=\"https:\/\/tastysailing.com\/pl\/produkt\/ktima-michaelidi-kthma-mixah\u03bb\u03b9\u03b4\u03c7\/\" \/>\n<meta property=\"og:locale\" content=\"pl_PL\" \/>\n<meta property=\"og:type\" content=\"article\" \/>\n<meta property=\"og:title\" content=\"Biblia Chora \/ \u0392\u03b9\u03b2\u03bb\u03af\u03b1 \u03a7\u03ce\u03c1\u03b1 - Tasty Sailing - Zasmakuj w podr\u00f3\u017cy!\" \/>\n<meta property=\"og:description\" content=\"Dry White Assyrtiko 40% Sauvignon Blanc 60% Characteristics: A gentle, yellow-green colour of remarkable clarity. The marriage of the\u00a0cosmopolitan and fragrant Sauvignon with the Greek Assyrtiko produces a wine with a powerful\u00a0aroma redolent of exotic fruit, peach and citrus. A rich, cool and beautifully balanced flavour,\u00a0pleasant acidity and a lasting, fragrant aftertaste.\" \/>\n<meta property=\"og:url\" content=\"https:\/\/tastysailing.com\/pl\/produkt\/ktima-michaelidi-kthma-mixah\u03bb\u03b9\u03b4\u03c7\/\" \/>\n<meta property=\"og:site_name\" content=\"Tasty Sailing - Zasmakuj w podr\u00f3\u017cy!\" \/>\n<meta property=\"article:modified_time\" content=\"2025-08-26T14:45:40+00:00\" \/>\n<meta property=\"og:image\" content=\"https:\/\/tastysailing.com\/pl\/wp-content\/uploads\/sites\/2\/2016\/02\/biblia_chora.jpg\" \/>\n\t<meta property=\"og:image:width\" content=\"346\" \/>\n\t<meta property=\"og:image:height\" content=\"766\" \/>\n\t<meta property=\"og:image:type\" content=\"image\/jpeg\" \/>\n<meta name=\"twitter:card\" content=\"summary_large_image\" \/>\n<script type=\"application\/ld+json\" class=\"yoast-schema-graph\">{\"@context\":\"https:\/\/schema.org\",\"@graph\":[{\"@type\":\"WebPage\",\"@id\":\"https:\/\/tastysailing.com\/pl\/produkt\/ktima-michaelidi-kthma-mixah%ce%bb%ce%b9%ce%b4%cf%87\/\",\"url\":\"https:\/\/tastysailing.com\/pl\/produkt\/ktima-michaelidi-kthma-mixah%ce%bb%ce%b9%ce%b4%cf%87\/\",\"name\":\"Biblia Chora \/ \u0392\u03b9\u03b2\u03bb\u03af\u03b1 \u03a7\u03ce\u03c1\u03b1 - Tasty Sailing - Zasmakuj w podr\u00f3\u017cy!\",\"isPartOf\":{\"@id\":\"https:\/\/tastysailing.com\/pl\/#website\"},\"primaryImageOfPage\":{\"@id\":\"https:\/\/tastysailing.com\/pl\/produkt\/ktima-michaelidi-kthma-mixah%ce%bb%ce%b9%ce%b4%cf%87\/#primaryimage\"},\"image\":{\"@id\":\"https:\/\/tastysailing.com\/pl\/produkt\/ktima-michaelidi-kthma-mixah%ce%bb%ce%b9%ce%b4%cf%87\/#primaryimage\"},\"thumbnailUrl\":\"https:\/\/tastysailing.com\/pl\/wp-content\/uploads\/sites\/2\/2016\/02\/biblia_chora.jpg\",\"datePublished\":\"2016-02-27T11:08:03+00:00\",\"dateModified\":\"2025-08-26T14:45:40+00:00\",\"breadcrumb\":{\"@id\":\"https:\/\/tastysailing.com\/pl\/produkt\/ktima-michaelidi-kthma-mixah%ce%bb%ce%b9%ce%b4%cf%87\/#breadcrumb\"},\"inLanguage\":\"pl-PL\",\"potentialAction\":[{\"@type\":\"ReadAction\",\"target\":[\"https:\/\/tastysailing.com\/pl\/produkt\/ktima-michaelidi-kthma-mixah%ce%bb%ce%b9%ce%b4%cf%87\/\"]}]},{\"@type\":\"ImageObject\",\"inLanguage\":\"pl-PL\",\"@id\":\"https:\/\/tastysailing.com\/pl\/produkt\/ktima-michaelidi-kthma-mixah%ce%bb%ce%b9%ce%b4%cf%87\/#primaryimage\",\"url\":\"https:\/\/tastysailing.com\/pl\/wp-content\/uploads\/sites\/2\/2016\/02\/biblia_chora.jpg\",\"contentUrl\":\"https:\/\/tastysailing.com\/pl\/wp-content\/uploads\/sites\/2\/2016\/02\/biblia_chora.jpg\",\"width\":346,\"height\":766,\"caption\":\"biblia_chora\"},{\"@type\":\"BreadcrumbList\",\"@id\":\"https:\/\/tastysailing.com\/pl\/produkt\/ktima-michaelidi-kthma-mixah%ce%bb%ce%b9%ce%b4%cf%87\/#breadcrumb\",\"itemListElement\":[{\"@type\":\"ListItem\",\"position\":1,\"name\":\"Strona g\u0142\u00f3wna\",\"item\":\"https:\/\/tastysailing.com\/pl\/\"},{\"@type\":\"ListItem\",\"position\":2,\"name\":\"Produkty\",\"item\":\"https:\/\/tastysailing.com\/pl\/shop\/\"},{\"@type\":\"ListItem\",\"position\":3,\"name\":\"Biblia Chora \/ \u0392\u03b9\u03b2\u03bb\u03af\u03b1 \u03a7\u03ce\u03c1\u03b1\"}]},{\"@type\":\"WebSite\",\"@id\":\"https:\/\/tastysailing.com\/pl\/#website\",\"url\":\"https:\/\/tastysailing.com\/pl\/\",\"name\":\"Tasty Sailing - Zasmakuj w podr\u00f3\u017cy!\",\"description\":\"Kulinarne podr\u00f3\u017ce po Grecji\",\"potentialAction\":[{\"@type\":\"SearchAction\",\"target\":{\"@type\":\"EntryPoint\",\"urlTemplate\":\"https:\/\/tastysailing.com\/pl\/?s={search_term_string}\"},\"query-input\":{\"@type\":\"PropertyValueSpecification\",\"valueRequired\":true,\"valueName\":\"search_term_string\"}}],\"inLanguage\":\"pl-PL\"}]}<\/script>\n<!-- \/ Yoast SEO plugin. -->","yoast_head_json":{"title":"Biblia Chora \/ \u0392\u03b9\u03b2\u03bb\u03af\u03b1 \u03a7\u03ce\u03c1\u03b1 - Tasty Sailing - Zasmakuj w podr\u00f3\u017cy!","robots":{"index":"index","follow":"follow","max-snippet":"max-snippet:-1","max-image-preview":"max-image-preview:large","max-video-preview":"max-video-preview:-1"},"canonical":"https:\/\/tastysailing.com\/pl\/produkt\/ktima-michaelidi-kthma-mixah\u03bb\u03b9\u03b4\u03c7\/","og_locale":"pl_PL","og_type":"article","og_title":"Biblia Chora \/ \u0392\u03b9\u03b2\u03bb\u03af\u03b1 \u03a7\u03ce\u03c1\u03b1 - Tasty Sailing - Zasmakuj w podr\u00f3\u017cy!","og_description":"Dry White Assyrtiko 40% Sauvignon Blanc 60% Characteristics: A gentle, yellow-green colour of remarkable clarity. The marriage of the\u00a0cosmopolitan and fragrant Sauvignon with the Greek Assyrtiko produces a wine with a powerful\u00a0aroma redolent of exotic fruit, peach and citrus. A rich, cool and beautifully balanced flavour,\u00a0pleasant acidity and a lasting, fragrant aftertaste.","og_url":"https:\/\/tastysailing.com\/pl\/produkt\/ktima-michaelidi-kthma-mixah\u03bb\u03b9\u03b4\u03c7\/","og_site_name":"Tasty Sailing - Zasmakuj w podr\u00f3\u017cy!","article_modified_time":"2025-08-26T14:45:40+00:00","og_image":[{"width":346,"height":766,"url":"https:\/\/tastysailing.com\/pl\/wp-content\/uploads\/sites\/2\/2016\/02\/biblia_chora.jpg","type":"image\/jpeg"}],"twitter_card":"summary_large_image","schema":{"@context":"https:\/\/schema.org","@graph":[{"@type":"WebPage","@id":"https:\/\/tastysailing.com\/pl\/produkt\/ktima-michaelidi-kthma-mixah%ce%bb%ce%b9%ce%b4%cf%87\/","url":"https:\/\/tastysailing.com\/pl\/produkt\/ktima-michaelidi-kthma-mixah%ce%bb%ce%b9%ce%b4%cf%87\/","name":"Biblia Chora \/ \u0392\u03b9\u03b2\u03bb\u03af\u03b1 \u03a7\u03ce\u03c1\u03b1 - Tasty Sailing - Zasmakuj w podr\u00f3\u017cy!","isPartOf":{"@id":"https:\/\/tastysailing.com\/pl\/#website"},"primaryImageOfPage":{"@id":"https:\/\/tastysailing.com\/pl\/produkt\/ktima-michaelidi-kthma-mixah%ce%bb%ce%b9%ce%b4%cf%87\/#primaryimage"},"image":{"@id":"https:\/\/tastysailing.com\/pl\/produkt\/ktima-michaelidi-kthma-mixah%ce%bb%ce%b9%ce%b4%cf%87\/#primaryimage"},"thumbnailUrl":"https:\/\/tastysailing.com\/pl\/wp-content\/uploads\/sites\/2\/2016\/02\/biblia_chora.jpg","datePublished":"2016-02-27T11:08:03+00:00","dateModified":"2025-08-26T14:45:40+00:00","breadcrumb":{"@id":"https:\/\/tastysailing.com\/pl\/produkt\/ktima-michaelidi-kthma-mixah%ce%bb%ce%b9%ce%b4%cf%87\/#breadcrumb"},"inLanguage":"pl-PL","potentialAction":[{"@type":"ReadAction","target":["https:\/\/tastysailing.com\/pl\/produkt\/ktima-michaelidi-kthma-mixah%ce%bb%ce%b9%ce%b4%cf%87\/"]}]},{"@type":"ImageObject","inLanguage":"pl-PL","@id":"https:\/\/tastysailing.com\/pl\/produkt\/ktima-michaelidi-kthma-mixah%ce%bb%ce%b9%ce%b4%cf%87\/#primaryimage","url":"https:\/\/tastysailing.com\/pl\/wp-content\/uploads\/sites\/2\/2016\/02\/biblia_chora.jpg","contentUrl":"https:\/\/tastysailing.com\/pl\/wp-content\/uploads\/sites\/2\/2016\/02\/biblia_chora.jpg","width":346,"height":766,"caption":"biblia_chora"},{"@type":"BreadcrumbList","@id":"https:\/\/tastysailing.com\/pl\/produkt\/ktima-michaelidi-kthma-mixah%ce%bb%ce%b9%ce%b4%cf%87\/#breadcrumb","itemListElement":[{"@type":"ListItem","position":1,"name":"Strona g\u0142\u00f3wna","item":"https:\/\/tastysailing.com\/pl\/"},{"@type":"ListItem","position":2,"name":"Produkty","item":"https:\/\/tastysailing.com\/pl\/shop\/"},{"@type":"ListItem","position":3,"name":"Biblia Chora \/ \u0392\u03b9\u03b2\u03bb\u03af\u03b1 \u03a7\u03ce\u03c1\u03b1"}]},{"@type":"WebSite","@id":"https:\/\/tastysailing.com\/pl\/#website","url":"https:\/\/tastysailing.com\/pl\/","name":"Tasty Sailing - Zasmakuj w podr\u00f3\u017cy!","description":"Kulinarne podr\u00f3\u017ce po Grecji","potentialAction":[{"@type":"SearchAction","target":{"@type":"EntryPoint","urlTemplate":"https:\/\/tastysailing.com\/pl\/?s={search_term_string}"},"query-input":{"@type":"PropertyValueSpecification","valueRequired":true,"valueName":"search_term_string"}}],"inLanguage":"pl-PL"}]}},"_links":{"self":[{"href":"https:\/\/tastysailing.com\/pl\/wp-json\/wp\/v2\/product\/604","targetHints":{"allow":["GET"]}}],"collection":[{"href":"https:\/\/tastysailing.com\/pl\/wp-json\/wp\/v2\/product"}],"about":[{"href":"https:\/\/tastysailing.com\/pl\/wp-json\/wp\/v2\/types\/product"}],"replies":[{"embeddable":true,"href":"https:\/\/tastysailing.com\/pl\/wp-json\/wp\/v2\/comments?post=604"}],"wp:featuredmedia":[{"embeddable":true,"href":"https:\/\/tastysailing.com\/pl\/wp-json\/wp\/v2\/media\/945"}],"wp:attachment":[{"href":"https:\/\/tastysailing.com\/pl\/wp-json\/wp\/v2\/media?parent=604"}],"wp:term":[{"taxonomy":"product_cat","embeddable":true,"href":"https:\/\/tastysailing.com\/pl\/wp-json\/wp\/v2\/product_cat?post=604"},{"taxonomy":"product_tag","embeddable":true,"href":"https:\/\/tastysailing.com\/pl\/wp-json\/wp\/v2\/product_tag?post=604"}],"curies":[{"name":"wp","href":"https:\/\/api.w.org\/{rel}","templated":true}]}}