{"id":557,"date":"2016-02-27T10:58:34","date_gmt":"2016-02-27T09:58:34","guid":{"rendered":"http:\/\/tastysailing.com\/pl\/?page_id=557"},"modified":"2017-12-05T11:10:14","modified_gmt":"2017-12-05T10:10:14","slug":"jedzenie-i-wino","status":"publish","type":"page","link":"https:\/\/tastysailing.com\/pl\/jedzenie-i-wino\/","title":{"rendered":"Jedzenie i wino"},"content":{"rendered":"<p>[et_pb_section admin_label=&#8221;Sekcja&#8221; global_module=&#8221;596&#8243; fullwidth=&#8221;off&#8221; specialty=&#8221;off&#8221; transparent_background=&#8221;off&#8221; allow_player_pause=&#8221;off&#8221; inner_shadow=&#8221;off&#8221; parallax=&#8221;off&#8221; parallax_method=&#8221;off&#8221; padding_mobile=&#8221;off&#8221; make_fullwidth=&#8221;off&#8221; use_custom_width=&#8221;off&#8221; width_unit=&#8221;on&#8221; make_equal=&#8221;off&#8221; use_custom_gutter=&#8221;off&#8221;][et_pb_row global_parent=&#8221;596&#8243; admin_label=&#8221;Wiersz&#8221;][et_pb_column type=&#8221;4_4&#8243;][et_pb_text global_parent=&#8221;596&#8243; admin_label=&#8221;Tekst&#8221; background_layout=&#8221;light&#8221; text_orientation=&#8221;center&#8221; use_border_color=&#8221;off&#8221; border_color=&#8221;#ffffff&#8221; border_style=&#8221;solid&#8221;]<\/p>\n<h2>Jedzenie i wino<\/h2>\n<p><strong>Oferta dedykowana smakoszom i mi\u0142o\u015bnikom wina. <\/strong>Jachty i apartamenty zaopatrzone w najlepsze greckie produkty. [\/et_pb_text][et_pb_pricing_tables global_parent=&#8221;596&#8243; admin_label=&#8221;Tablice cennika&#8221; show_bullet=&#8221;on&#8221; center_list_items=&#8221;off&#8221; use_border_color=&#8221;off&#8221; border_color=&#8221;#ffffff&#8221; border_style=&#8221;solid&#8221; custom_button=&#8221;off&#8221; button_letter_spacing=&#8221;0&#8243; button_use_icon=&#8221;default&#8221; button_icon_placement=&#8221;right&#8221; button_on_hover=&#8221;on&#8221; button_letter_spacing_hover=&#8221;0&#8243; remove_featured_drop_shadow=&#8221;off&#8221; header_font_size=&#8221;20&#8243;] [et_pb_pricing_table featured=&#8221;off&#8221; title=&#8221;Na dobry pocz\u0105tek&#8221; currency=&#8221;\u20ac&#8221; per=&#8221;4-6 os\u00f3b&#8221; sum=&#8221;150&#8243; button_url=&#8221;http:\/\/tastysailing.com\/pl\/product\/na-dobry-poczatek\/&#8221; button_text=&#8221;Wybieram&#8221; header_font_select=&#8221;default&#8221; header_font=&#8221;||||&#8221; subheader_font_select=&#8221;default&#8221; subheader_font=&#8221;||||&#8221; currency_frequency_font_select=&#8221;default&#8221; currency_frequency_font=&#8221;||||&#8221; price_font_select=&#8221;default&#8221; price_font=&#8221;||||&#8221; body_font_select=&#8221;default&#8221; body_font=&#8221;||||&#8221; custom_button=&#8221;off&#8221; button_font_select=&#8221;default&#8221; button_font=&#8221;||||&#8221; button_use_icon=&#8221;default&#8221; button_icon_placement=&#8221;right&#8221; button_on_hover=&#8221;on&#8221; subtitle=&#8221;Pierwsza kolacja na \u0142odzi?&#8221; header_font_size=&#8221;18&#8243; header_font_size_tablet=&#8221;18&#8243; header_font_size_phone=&#8221;18&#8243;]<\/p>\n<p>Selekcja najlepszych greckich ser\u00f3w Wino bia\u0142e (2 butelki) Wino czerwone (1 butelka) Chleb Wyb\u00f3r w\u0119dlin Sezonowe owoce Woda Piwo L\u00f3d Herbata, kawa<\/p>\n<p>[\/et_pb_pricing_table][et_pb_pricing_table featured=&#8221;on&#8221; title=&#8221;Selekcja najleszych greckich smako\u0142yk\u00f3w&#8221; subtitle=&#8221;opracowana przez do\u015bwiadczonych skipper\u00f3w i smakoszy&#8221; currency=&#8221;\u20ac&#8221; per=&#8221;4-6 os\u00f3b&#8221; sum=&#8221;150&#8243; button_url=&#8221;http:\/\/tastysailing.com\/pl\/product\/zakupy-na-tydzien\/&#8221; button_text=&#8221;Wybieram&#8221; header_font_select=&#8221;default&#8221; header_font=&#8221;||||&#8221; subheader_font_select=&#8221;default&#8221; subheader_font=&#8221;||||&#8221; currency_frequency_font_select=&#8221;default&#8221; currency_frequency_font=&#8221;||||&#8221; price_font_select=&#8221;default&#8221; price_font=&#8221;||||&#8221; body_font_select=&#8221;default&#8221; body_font=&#8221;||||&#8221; custom_button=&#8221;off&#8221; button_font_select=&#8221;default&#8221; button_font=&#8221;||||&#8221; button_use_icon=&#8221;default&#8221; button_icon_placement=&#8221;right&#8221; button_on_hover=&#8221;on&#8221;]<\/p>\n<p>Selekcja najlepszych greckich ser\u00f3w Wino bia\u0142e (5 butelka) Wino czerwone (2 butelka) Chleb Wyb\u00f3r w\u0119dlin Sezonowe owoce Woda Piwo L\u00f3d Herbata, kawa<\/p>\n<p>[\/et_pb_pricing_table][et_pb_pricing_table featured=&#8221;off&#8221; title=&#8221;Nie tra\u0107 czasu na zakupy&#8221; subtitle=&#8221;dostarczymy je na \u0142\u00f3d\u017a&#8221; currency=&#8221;\u20ac&#8221; sum=&#8221;200&#8243; button_url=&#8221;http:\/\/tastysailing.com\/pl\/product\/nie-masz-czasu-na-zakupy\/&#8221; header_font_select=&#8221;default&#8221; header_font=&#8221;||||&#8221; subheader_font_select=&#8221;default&#8221; subheader_font=&#8221;||||&#8221; currency_frequency_font_select=&#8221;default&#8221; currency_frequency_font=&#8221;||||&#8221; price_font_select=&#8221;default&#8221; price_font=&#8221;||||&#8221; body_font_select=&#8221;default&#8221; body_font=&#8221;||||&#8221; custom_button=&#8221;off&#8221; button_font_select=&#8221;default&#8221; button_font=&#8221;||||&#8221; button_use_icon=&#8221;default&#8221; button_icon_placement=&#8221;right&#8221; button_on_hover=&#8221;on&#8221; button_text=&#8221;Pobierz&#8221;]<\/p>\n<p>Zr\u00f3b swoj\u0105 list\u0119 zakup\u00f3w<\/p>\n<p>[\/et_pb_pricing_table][et_pb_pricing_table featured=&#8221;off&#8221; title=&#8221;Greckie wina i alkohole &#8221; subtitle=&#8221;najlepsze jakie mo\u017cesz znale\u017a\u0107 w Grecji &#8221; currency=&#8221;\u20ac&#8221; sum=&#8221;5&lt;&#8221; button_text=&#8221;Zobacz ni\u017cej&#8221; header_font_select=&#8221;default&#8221; header_font=&#8221;||||&#8221; subheader_font_select=&#8221;default&#8221; subheader_font=&#8221;||||&#8221; currency_frequency_font_select=&#8221;default&#8221; currency_frequency_font=&#8221;||||&#8221; price_font_select=&#8221;default&#8221; price_font=&#8221;||||&#8221; body_font_select=&#8221;default&#8221; body_font=&#8221;||||&#8221; custom_button=&#8221;off&#8221; button_font_select=&#8221;default&#8221; button_font=&#8221;||||&#8221; button_use_icon=&#8221;default&#8221; button_icon_placement=&#8221;right&#8221; button_on_hover=&#8221;on&#8221; button_url=&#8221;http:\/\/tastysailing.com\/pl\/jedzenie-i-wino\/&#8221;]<\/p>\n<p>Najlepsze wina i alkohole wybrali dla nas greccy smakosze. Zaufaj ich do\u015bwiadczeniu.<\/p>\n<p>[\/et_pb_pricing_table] [\/et_pb_pricing_tables][\/et_pb_column][\/et_pb_row][\/et_pb_section][et_pb_section admin_label=&#8221;Sekcja&#8221; fullwidth=&#8221;off&#8221; specialty=&#8221;off&#8221;][et_pb_row admin_label=&#8221;Wiersz&#8221;][et_pb_column type=&#8221;4_4&#8243;][et_pb_shop admin_label=&#8221;Sklep&#8221; type=&#8221;product_category&#8221; posts_number=&#8221;100&#8243; include_categories=&#8221;szampan,wino,biale,czerwone&#8221; columns_number=&#8221;3&#8243; orderby=&#8221;menu_order&#8221;] [\/et_pb_shop][\/et_pb_column][\/et_pb_row][\/et_pb_section]<\/p>\n","protected":false},"excerpt":{"rendered":"<p>[et_pb_section admin_label=&#8221;Sekcja&#8221; global_module=&#8221;596&#8243; fullwidth=&#8221;off&#8221; specialty=&#8221;off&#8221; transparent_background=&#8221;off&#8221; allow_player_pause=&#8221;off&#8221; inner_shadow=&#8221;off&#8221; parallax=&#8221;off&#8221; parallax_method=&#8221;off&#8221; padding_mobile=&#8221;off&#8221; make_fullwidth=&#8221;off&#8221; use_custom_width=&#8221;off&#8221; width_unit=&#8221;on&#8221; make_equal=&#8221;off&#8221; use_custom_gutter=&#8221;off&#8221;][et_pb_row global_parent=&#8221;596&#8243; admin_label=&#8221;Wiersz&#8221;][et_pb_column type=&#8221;4_4&#8243;][et_pb_text global_parent=&#8221;596&#8243; admin_label=&#8221;Tekst&#8221; background_layout=&#8221;light&#8221; text_orientation=&#8221;center&#8221; use_border_color=&#8221;off&#8221; border_color=&#8221;#ffffff&#8221; border_style=&#8221;solid&#8221;] Jedzenie i wino Oferta dedykowana smakoszom i mi\u0142o\u015bnikom wina. Jachty i apartamenty zaopatrzone w najlepsze greckie produkty. [\/et_pb_text][et_pb_pricing_tables global_parent=&#8221;596&#8243; admin_label=&#8221;Tablice cennika&#8221; show_bullet=&#8221;on&#8221; center_list_items=&#8221;off&#8221; use_border_color=&#8221;off&#8221; border_color=&#8221;#ffffff&#8221; border_style=&#8221;solid&#8221; custom_button=&#8221;off&#8221; button_letter_spacing=&#8221;0&#8243; button_use_icon=&#8221;default&#8221; [&hellip;]<\/p>\n","protected":false},"author":1,"featured_media":0,"parent":0,"menu_order":0,"comment_status":"closed","ping_status":"closed","template":"","meta":{"footnotes":""},"class_list":["post-557","page","type-page","status-publish","hentry"],"yoast_head":"<!-- This site is optimized with the Yoast SEO plugin v23.9 - https:\/\/yoast.com\/wordpress\/plugins\/seo\/ -->\n<title>Jedzenie i wino - Tasty Sailing - Zasmakuj w podr\u00f3\u017cy!<\/title>\n<meta name=\"robots\" content=\"index, follow, max-snippet:-1, max-image-preview:large, max-video-preview:-1\" \/>\n<link rel=\"canonical\" href=\"https:\/\/tastysailing.com\/pl\/jedzenie-i-wino\/\" \/>\n<meta property=\"og:locale\" content=\"pl_PL\" \/>\n<meta property=\"og:type\" content=\"article\" \/>\n<meta property=\"og:title\" content=\"Jedzenie i wino - Tasty Sailing - Zasmakuj w podr\u00f3\u017cy!\" \/>\n<meta property=\"og:description\" content=\"[et_pb_section admin_label=&#8221;Sekcja&#8221; global_module=&#8221;596&#8243; fullwidth=&#8221;off&#8221; specialty=&#8221;off&#8221; transparent_background=&#8221;off&#8221; allow_player_pause=&#8221;off&#8221; inner_shadow=&#8221;off&#8221; parallax=&#8221;off&#8221; parallax_method=&#8221;off&#8221; padding_mobile=&#8221;off&#8221; make_fullwidth=&#8221;off&#8221; use_custom_width=&#8221;off&#8221; width_unit=&#8221;on&#8221; make_equal=&#8221;off&#8221; use_custom_gutter=&#8221;off&#8221;][et_pb_row global_parent=&#8221;596&#8243; admin_label=&#8221;Wiersz&#8221;][et_pb_column type=&#8221;4_4&#8243;][et_pb_text global_parent=&#8221;596&#8243; admin_label=&#8221;Tekst&#8221; background_layout=&#8221;light&#8221; text_orientation=&#8221;center&#8221; use_border_color=&#8221;off&#8221; border_color=&#8221;#ffffff&#8221; border_style=&#8221;solid&#8221;] Jedzenie i wino Oferta dedykowana smakoszom i mi\u0142o\u015bnikom wina. Jachty i apartamenty zaopatrzone w najlepsze greckie produkty. [\/et_pb_text][et_pb_pricing_tables global_parent=&#8221;596&#8243; admin_label=&#8221;Tablice cennika&#8221; show_bullet=&#8221;on&#8221; center_list_items=&#8221;off&#8221; use_border_color=&#8221;off&#8221; border_color=&#8221;#ffffff&#8221; border_style=&#8221;solid&#8221; custom_button=&#8221;off&#8221; button_letter_spacing=&#8221;0&#8243; button_use_icon=&#8221;default&#8221; [&hellip;]\" \/>\n<meta property=\"og:url\" content=\"https:\/\/tastysailing.com\/pl\/jedzenie-i-wino\/\" \/>\n<meta property=\"og:site_name\" content=\"Tasty Sailing - Zasmakuj w podr\u00f3\u017cy!\" \/>\n<meta property=\"article:modified_time\" content=\"2017-12-05T10:10:14+00:00\" \/>\n<meta name=\"twitter:card\" content=\"summary_large_image\" \/>\n<meta name=\"twitter:label1\" content=\"Szacowany czas czytania\" \/>\n\t<meta name=\"twitter:data1\" content=\"3 minuty\" \/>\n<script type=\"application\/ld+json\" class=\"yoast-schema-graph\">{\"@context\":\"https:\/\/schema.org\",\"@graph\":[{\"@type\":\"WebPage\",\"@id\":\"https:\/\/tastysailing.com\/pl\/jedzenie-i-wino\/\",\"url\":\"https:\/\/tastysailing.com\/pl\/jedzenie-i-wino\/\",\"name\":\"Jedzenie i wino - Tasty Sailing - Zasmakuj w podr\u00f3\u017cy!\",\"isPartOf\":{\"@id\":\"https:\/\/tastysailing.com\/pl\/#website\"},\"datePublished\":\"2016-02-27T09:58:34+00:00\",\"dateModified\":\"2017-12-05T10:10:14+00:00\",\"breadcrumb\":{\"@id\":\"https:\/\/tastysailing.com\/pl\/jedzenie-i-wino\/#breadcrumb\"},\"inLanguage\":\"pl-PL\",\"potentialAction\":[{\"@type\":\"ReadAction\",\"target\":[\"https:\/\/tastysailing.com\/pl\/jedzenie-i-wino\/\"]}]},{\"@type\":\"BreadcrumbList\",\"@id\":\"https:\/\/tastysailing.com\/pl\/jedzenie-i-wino\/#breadcrumb\",\"itemListElement\":[{\"@type\":\"ListItem\",\"position\":1,\"name\":\"Strona g\u0142\u00f3wna\",\"item\":\"https:\/\/tastysailing.com\/pl\/\"},{\"@type\":\"ListItem\",\"position\":2,\"name\":\"Jedzenie i wino\"}]},{\"@type\":\"WebSite\",\"@id\":\"https:\/\/tastysailing.com\/pl\/#website\",\"url\":\"https:\/\/tastysailing.com\/pl\/\",\"name\":\"Tasty Sailing - Zasmakuj w podr\u00f3\u017cy!\",\"description\":\"Kulinarne podr\u00f3\u017ce po Grecji\",\"potentialAction\":[{\"@type\":\"SearchAction\",\"target\":{\"@type\":\"EntryPoint\",\"urlTemplate\":\"https:\/\/tastysailing.com\/pl\/?s={search_term_string}\"},\"query-input\":{\"@type\":\"PropertyValueSpecification\",\"valueRequired\":true,\"valueName\":\"search_term_string\"}}],\"inLanguage\":\"pl-PL\"}]}<\/script>\n<!-- \/ Yoast SEO plugin. -->","yoast_head_json":{"title":"Jedzenie i wino - Tasty Sailing - Zasmakuj w podr\u00f3\u017cy!","robots":{"index":"index","follow":"follow","max-snippet":"max-snippet:-1","max-image-preview":"max-image-preview:large","max-video-preview":"max-video-preview:-1"},"canonical":"https:\/\/tastysailing.com\/pl\/jedzenie-i-wino\/","og_locale":"pl_PL","og_type":"article","og_title":"Jedzenie i wino - Tasty Sailing - Zasmakuj w podr\u00f3\u017cy!","og_description":"[et_pb_section admin_label=&#8221;Sekcja&#8221; global_module=&#8221;596&#8243; fullwidth=&#8221;off&#8221; specialty=&#8221;off&#8221; transparent_background=&#8221;off&#8221; allow_player_pause=&#8221;off&#8221; inner_shadow=&#8221;off&#8221; parallax=&#8221;off&#8221; parallax_method=&#8221;off&#8221; padding_mobile=&#8221;off&#8221; make_fullwidth=&#8221;off&#8221; use_custom_width=&#8221;off&#8221; width_unit=&#8221;on&#8221; make_equal=&#8221;off&#8221; use_custom_gutter=&#8221;off&#8221;][et_pb_row global_parent=&#8221;596&#8243; admin_label=&#8221;Wiersz&#8221;][et_pb_column type=&#8221;4_4&#8243;][et_pb_text global_parent=&#8221;596&#8243; admin_label=&#8221;Tekst&#8221; background_layout=&#8221;light&#8221; text_orientation=&#8221;center&#8221; use_border_color=&#8221;off&#8221; border_color=&#8221;#ffffff&#8221; border_style=&#8221;solid&#8221;] Jedzenie i wino Oferta dedykowana smakoszom i mi\u0142o\u015bnikom wina. Jachty i apartamenty zaopatrzone w najlepsze greckie produkty. [\/et_pb_text][et_pb_pricing_tables global_parent=&#8221;596&#8243; admin_label=&#8221;Tablice cennika&#8221; show_bullet=&#8221;on&#8221; center_list_items=&#8221;off&#8221; use_border_color=&#8221;off&#8221; border_color=&#8221;#ffffff&#8221; border_style=&#8221;solid&#8221; custom_button=&#8221;off&#8221; button_letter_spacing=&#8221;0&#8243; button_use_icon=&#8221;default&#8221; [&hellip;]","og_url":"https:\/\/tastysailing.com\/pl\/jedzenie-i-wino\/","og_site_name":"Tasty Sailing - Zasmakuj w podr\u00f3\u017cy!","article_modified_time":"2017-12-05T10:10:14+00:00","twitter_card":"summary_large_image","twitter_misc":{"Szacowany czas czytania":"3 minuty"},"schema":{"@context":"https:\/\/schema.org","@graph":[{"@type":"WebPage","@id":"https:\/\/tastysailing.com\/pl\/jedzenie-i-wino\/","url":"https:\/\/tastysailing.com\/pl\/jedzenie-i-wino\/","name":"Jedzenie i wino - Tasty Sailing - Zasmakuj w podr\u00f3\u017cy!","isPartOf":{"@id":"https:\/\/tastysailing.com\/pl\/#website"},"datePublished":"2016-02-27T09:58:34+00:00","dateModified":"2017-12-05T10:10:14+00:00","breadcrumb":{"@id":"https:\/\/tastysailing.com\/pl\/jedzenie-i-wino\/#breadcrumb"},"inLanguage":"pl-PL","potentialAction":[{"@type":"ReadAction","target":["https:\/\/tastysailing.com\/pl\/jedzenie-i-wino\/"]}]},{"@type":"BreadcrumbList","@id":"https:\/\/tastysailing.com\/pl\/jedzenie-i-wino\/#breadcrumb","itemListElement":[{"@type":"ListItem","position":1,"name":"Strona g\u0142\u00f3wna","item":"https:\/\/tastysailing.com\/pl\/"},{"@type":"ListItem","position":2,"name":"Jedzenie i wino"}]},{"@type":"WebSite","@id":"https:\/\/tastysailing.com\/pl\/#website","url":"https:\/\/tastysailing.com\/pl\/","name":"Tasty Sailing - Zasmakuj w podr\u00f3\u017cy!","description":"Kulinarne podr\u00f3\u017ce po Grecji","potentialAction":[{"@type":"SearchAction","target":{"@type":"EntryPoint","urlTemplate":"https:\/\/tastysailing.com\/pl\/?s={search_term_string}"},"query-input":{"@type":"PropertyValueSpecification","valueRequired":true,"valueName":"search_term_string"}}],"inLanguage":"pl-PL"}]}},"_links":{"self":[{"href":"https:\/\/tastysailing.com\/pl\/wp-json\/wp\/v2\/pages\/557","targetHints":{"allow":["GET"]}}],"collection":[{"href":"https:\/\/tastysailing.com\/pl\/wp-json\/wp\/v2\/pages"}],"about":[{"href":"https:\/\/tastysailing.com\/pl\/wp-json\/wp\/v2\/types\/page"}],"author":[{"embeddable":true,"href":"https:\/\/tastysailing.com\/pl\/wp-json\/wp\/v2\/users\/1"}],"replies":[{"embeddable":true,"href":"https:\/\/tastysailing.com\/pl\/wp-json\/wp\/v2\/comments?post=557"}],"version-history":[{"count":4,"href":"https:\/\/tastysailing.com\/pl\/wp-json\/wp\/v2\/pages\/557\/revisions"}],"predecessor-version":[{"id":1455,"href":"https:\/\/tastysailing.com\/pl\/wp-json\/wp\/v2\/pages\/557\/revisions\/1455"}],"wp:attachment":[{"href":"https:\/\/tastysailing.com\/pl\/wp-json\/wp\/v2\/media?parent=557"}],"curies":[{"name":"wp","href":"https:\/\/api.w.org\/{rel}","templated":true}]}}