{"id":555,"date":"2016-02-27T10:58:01","date_gmt":"2016-02-27T09:58:01","guid":{"rendered":"http:\/\/tastysailing.com\/pl\/?page_id=555"},"modified":"2017-04-20T14:39:53","modified_gmt":"2017-04-20T12:39:53","slug":"lodz-motorowa-mekling-27-6-osob","status":"publish","type":"page","link":"https:\/\/tastysailing.com\/pl\/lodzie\/lodz-motorowa-mekling-27-6-osob\/","title":{"rendered":"Jacht  motorowy &#8211; 4\/6 os\u00f3b"},"content":{"rendered":"<p>[et_pb_section admin_label=&#8221;section&#8221; transparent_background=&#8221;off&#8221; allow_player_pause=&#8221;off&#8221; inner_shadow=&#8221;off&#8221; parallax=&#8221;off&#8221; parallax_method=&#8221;off&#8221; padding_mobile=&#8221;off&#8221; make_fullwidth=&#8221;off&#8221; use_custom_width=&#8221;off&#8221; width_unit=&#8221;on&#8221; make_equal=&#8221;off&#8221; use_custom_gutter=&#8221;off&#8221; custom_padding=&#8221;||0px|&#8221;][et_pb_row admin_label=&#8221;row&#8221;][et_pb_column type=&#8221;1_2&#8243;][et_pb_image admin_label=&#8221;Image&#8221; src=&#8221;http:\/\/tastysailing.com\/wp-content\/uploads\/2016\/02\/contact.jpg&#8221; show_in_lightbox=&#8221;on&#8221; url_new_window=&#8221;off&#8221; use_overlay=&#8221;off&#8221; animation=&#8221;left&#8221; sticky=&#8221;off&#8221; align=&#8221;left&#8221; force_fullwidth=&#8221;off&#8221; always_center_on_mobile=&#8221;on&#8221; use_border_color=&#8221;off&#8221; border_color=&#8221;#ffffff&#8221; border_style=&#8221;solid&#8221;] [\/et_pb_image][\/et_pb_column][et_pb_column type=&#8221;1_2&#8243;][et_pb_text admin_label=&#8221;Text&#8221; background_layout=&#8221;light&#8221; text_orientation=&#8221;left&#8221; use_border_color=&#8221;off&#8221; border_color=&#8221;#ffffff&#8221; border_style=&#8221;solid&#8221; module_class=&#8221;text-right&#8221;]<\/p>\n<h1>\u0141\u00f3d\u017a motorowa Mekling 27<\/h1>\n<p>Start: Lavrio\/Kea\/Athens<\/p>\n<p>Plan podr\u00f3\u017cy: wycieczki do Kea, Egina, Kithnos etc.<\/p>\n<p>D\u0142ugo\u015b\u0107: <strong>8.23 metra<\/strong><\/p>\n<p>D\u0142ugo\u015b\u0107 podr\u00f3\u017cy: <strong>dzienne wycieczki<br \/>\n<\/strong><\/p>\n<p>Liczba go\u015bci:<strong> max. 6<\/strong><\/p>\n<p>Typ kabin:<strong> 2 podw\u00f3jne<\/strong><\/p>\n<div class='et-box et-shadow'>\n\t\t\t\t\t<div class='et-box-content'><table>\n<tbody>\n<tr>\n<td>Dzienna stawka<\/td>\n<td>Kwiecie\u0144<\/p>\n<p>Pa\u017adziernik<\/td>\n<td>Maj, Czerwiec<\/p>\n<p>Wrzesie\u0144<\/td>\n<td>Lipiec<\/p>\n<p>Sierpie\u0144<\/td>\n<\/tr>\n<tr>\n<td><strong>per boat<\/strong><\/td>\n<td><strong>650 \u20ac<\/strong><\/td>\n<td><strong>650 \u20ac<\/strong><\/td>\n<td><strong>650 \u20ac<\/strong><\/td>\n<\/tr>\n<\/tbody>\n<\/table>\n<p>Zni\u017cki: 5% wczesne rezerwacje do 31 stycznia<\/p>\n<p>W cenie zawarte wynagrodzenie skippera<\/p><\/div><\/div> [\/et_pb_text][\/et_pb_column][\/et_pb_row][et_pb_row admin_label=&#8221;Row&#8221;][et_pb_column type=&#8221;4_4&#8243;][et_pb_gallery admin_label=&#8221;Gallery&#8221; fullwidth=&#8221;off&#8221; posts_number=&#8221;6&#8243; show_title_and_caption=&#8221;off&#8221; show_pagination=&#8221;on&#8221; background_layout=&#8221;light&#8221; auto=&#8221;off&#8221; hover_overlay_color=&#8221;rgba(255,255,255,0.9)&#8221; use_border_color=&#8221;off&#8221; border_color=&#8221;#ffffff&#8221; border_style=&#8221;solid&#8221; gallery_ids=&#8221;718,722,720,721,719,723&#8243; custom_css_main_element=&#8221;height:115px;||margin:0px;||overflow:hidden;&#8221;] [\/et_pb_gallery][\/et_pb_column][\/et_pb_row][\/et_pb_section][et_pb_section admin_label=&#8221;Sekcja&#8221; global_module=&#8221;861&#8243; transparent_background=&#8221;off&#8221; allow_player_pause=&#8221;off&#8221; inner_shadow=&#8221;off&#8221; parallax=&#8221;off&#8221; parallax_method=&#8221;off&#8221; custom_padding=&#8221;0px||0px|&#8221; padding_mobile=&#8221;off&#8221; make_fullwidth=&#8221;off&#8221; use_custom_width=&#8221;off&#8221; width_unit=&#8221;on&#8221; make_equal=&#8221;off&#8221; use_custom_gutter=&#8221;off&#8221; fullwidth=&#8221;off&#8221; specialty=&#8221;off&#8221; disabled=&#8221;off&#8221;][et_pb_row global_parent=&#8221;861&#8243; admin_label=&#8221;Wiersz&#8221; make_fullwidth=&#8221;off&#8221; use_custom_width=&#8221;off&#8221; width_unit=&#8221;on&#8221; custom_width_px=&#8221;1080px&#8221; custom_width_percent=&#8221;80%&#8221; use_custom_gutter=&#8221;off&#8221; gutter_width=&#8221;3&#8243; custom_padding=&#8221;0px||0px|&#8221; padding_mobile=&#8221;off&#8221; custom_margin=&#8221;0px||0px|&#8221; allow_player_pause=&#8221;off&#8221; parallax=&#8221;off&#8221; parallax_method=&#8221;off&#8221; make_equal=&#8221;off&#8221; column_padding_mobile=&#8221;on&#8221; padding_top_1=&#8221;0px&#8221; padding_bottom_1=&#8221;0px&#8221; parallax_1=&#8221;off&#8221; parallax_method_1=&#8221;off&#8221; parallax_2=&#8221;off&#8221; parallax_method_2=&#8221;on&#8221; parallax_3=&#8221;off&#8221; parallax_method_3=&#8221;on&#8221; parallax_4=&#8221;off&#8221; parallax_method_4=&#8221;on&#8221; disabled=&#8221;off&#8221;][et_pb_column type=&#8221;4_4&#8243;][et_pb_code global_parent=&#8221;861&#8243; admin_label=&#8221;Social Share&#8221; disabled=&#8221;off&#8221;]&lt;!&#8211; Go to www.addthis.com\/dashboard to customize your tools &#8211;&gt; &lt;div class=&#8221;addthis_sharing_toolbox&#8221;&gt;&lt;\/div&gt;[\/et_pb_code][\/et_pb_column][\/et_pb_row][\/et_pb_section][et_pb_section admin_label=&#8221;Sekcja&#8221; fullwidth=&#8221;off&#8221; specialty=&#8221;off&#8221; transparent_background=&#8221;off&#8221; allow_player_pause=&#8221;off&#8221; inner_shadow=&#8221;off&#8221; parallax=&#8221;off&#8221; parallax_method=&#8221;off&#8221; padding_mobile=&#8221;off&#8221; make_fullwidth=&#8221;off&#8221; use_custom_width=&#8221;off&#8221; width_unit=&#8221;on&#8221; make_equal=&#8221;off&#8221; use_custom_gutter=&#8221;off&#8221; custom_padding=&#8221;0px||0px|&#8221;][et_pb_row admin_label=&#8221;Wiersz&#8221; make_fullwidth=&#8221;off&#8221; use_custom_width=&#8221;off&#8221; width_unit=&#8221;on&#8221; use_custom_gutter=&#8221;off&#8221; custom_padding=&#8221;-3cm|||&#8221; padding_mobile=&#8221;off&#8221; allow_player_pause=&#8221;off&#8221; parallax=&#8221;off&#8221; parallax_method=&#8221;off&#8221; make_equal=&#8221;off&#8221; parallax_1=&#8221;off&#8221; parallax_method_1=&#8221;off&#8221; parallax_2=&#8221;off&#8221; parallax_method_2=&#8221;off&#8221; column_padding_mobile=&#8221;on&#8221;][et_pb_column type=&#8221;3_4&#8243;][et_pb_tabs admin_label=&#8221;Tabs&#8221; use_border_color=&#8221;off&#8221; border_color=&#8221;#ffffff&#8221; border_style=&#8221;solid&#8221;] [et_pb_tab title=&#8221;TECHNICAL DATA&#8221; tab_font_select=&#8221;default&#8221; tab_font=&#8221;||||&#8221; tab_line_height=&#8221;2em&#8221; tab_line_height_tablet=&#8221;2em&#8221; tab_line_height_phone=&#8221;2em&#8221; body_font_select=&#8221;default&#8221; body_font=&#8221;||||&#8221; body_line_height=&#8221;2em&#8221; body_line_height_tablet=&#8221;2em&#8221; body_line_height_phone=&#8221;2em&#8221;]<\/p>\n<h3><strong>Mekling 27 &#8211;\u00a0 jacht motorowy<br \/>\n<\/strong><\/h3>\n<p>Pi\u0119kny, k<span id=\"result_box\" class=\"\" lang=\"pl\"><span class=\"hps\">lasyczny<\/span> jacht motorowy, <span class=\"hps\">ca\u0142kowicie<\/span> <span class=\"hps\">odnowiony w<\/span> <span class=\"hps\">2016 roku<\/span><br \/>\n<span class=\"hps\">W pe\u0142ni wyposa\u017cona<\/span> <span class=\"hps\">kuchnia z lod\u00f3wk\u0105<\/span>, itp<br \/>\n<span class=\"hps\">Zbiornik wody:<\/span> <span class=\"hps\">100 litr\u00f3w<\/span><br \/>\n<span class=\"hps\">Zu\u017cycie paliwa<\/span>: ~ <span class=\"hps\">32-35<\/span> <span class=\"hps\">litr\u00f3w<\/span> <span class=\"hps atn\">\/ godzin\u0119 (<\/span>benzyna)<\/span><\/p>\n<h3>SILNIK<\/h3>\n<p><span id=\"result_box\" class=\"\" lang=\"pl\"><span class=\"hps\">2x<\/span> <span class=\"hps\">190hp<\/span> <span class=\"hps\">Nowe Volvo<\/span> <span class=\"hps\">Turbo Diesel<\/span><br \/>\n<span class=\"hps\">Pr\u0119dko\u015b\u0107<\/span> <span class=\"hps\">przelotowa:<\/span> <span class=\"hps\">22-25<\/span> <span class=\"hps\">w\u0119z\u0142\u00f3w<\/span> <span class=\"hps\">\/ godzin\u0119<\/span><br \/>\n<span class=\"hps\">Pr\u0119dko\u015b\u0107<\/span> <span class=\"hps\">maksymalna:<\/span> <span class=\"hps\">~<\/span> <span class=\"hps\">33<\/span> <span class=\"hps\">w\u0119z\u0142\u00f3w<\/span> <span class=\"hps\">\/ godzin\u0119.<\/span><\/span><\/p>\n<h3>NOCLEG<\/h3>\n<p><span id=\"result_box\" class=\"\" lang=\"pl\"><span class=\"hps\">Mo\u017ce<\/span> <span class=\"hps\">pomie\u015bci\u0107 dwie<\/span> <span class=\"hps\">pary<\/span>, <span class=\"hps\">w dw\u00f3ch oddzielnych<\/span> <span class=\"hps\">pomieszczeniach<\/span>.<br \/>\n<span class=\"hps\">Jeden<\/span> <span class=\"hps\">w.c<\/span> <span class=\"hps\">\/ prysznic<\/span>.<br \/>\n<span class=\"hps\">\u0141\u00f3d\u017a<\/span> <span class=\"hps\">b\u0119dzie<\/span> <span class=\"hps\">dost\u0119pny na czartery<\/span> <span class=\"hps\">(wy\u0142\u0105cznie ze<\/span> <span class=\"hps\">Skipperem<\/span><span class=\"hps\">)<\/span> <span class=\"hps\">z wyspy<\/span> <span class=\"hps\">Kea<\/span> <span class=\"hps atn\">(<\/span>Cyklady) dla <span class=\"hps\">ca\u0142odniowych<\/span> <span class=\"hps\">rejs\u00f3w<\/span> <span class=\"hps\">(lub<\/span> <span class=\"hps\">2-3 dni<\/span><span class=\"\">) w<\/span> <span class=\"hps\">okolicy<\/span> <span class=\"hps atn\">(<\/span>Kea, <span class=\"hps\">Kithnos<\/span>, <span class=\"hps\">Serifos<\/span>, Sifnos)<br \/>\n<span class=\"hps\">Cena:<\/span> <span class=\"hps\">650<\/span> <span class=\"hps\">euro \/<\/span> <span class=\"hps\">dzie\u0144<\/span> <span class=\"hps atn\">(<\/span>Yacht <span class=\"hps\">i<\/span> <span class=\"hps\">Skipper<\/span><span class=\"\">)<\/span><br \/>\n<span class=\"hps\">Paliwo<\/span> <span class=\"hps\">nie jest wliczone<\/span>.<\/span><\/p>\n<p>[\/et_pb_tab][et_pb_tab title=&#8221;BOAT LAYOUT&#8221; tab_font_select=&#8221;default&#8221; tab_font=&#8221;||||&#8221; tab_line_height=&#8221;2em&#8221; tab_line_height_tablet=&#8221;2em&#8221; tab_line_height_phone=&#8221;2em&#8221; body_font_select=&#8221;default&#8221; body_font=&#8221;||||&#8221; body_line_height=&#8221;2em&#8221; body_line_height_tablet=&#8221;2em&#8221; body_line_height_phone=&#8221;2em&#8221;] [\/et_pb_tab][et_pb_tab title=&#8221;EQUIPMENT&#8221; tab_font_select=&#8221;default&#8221; tab_font=&#8221;||||&#8221; tab_line_height=&#8221;2em&#8221; tab_line_height_tablet=&#8221;2em&#8221; tab_line_height_phone=&#8221;2em&#8221; body_font_select=&#8221;default&#8221; body_font=&#8221;||||&#8221; body_line_height=&#8221;2em&#8221; body_line_height_tablet=&#8221;2em&#8221; body_line_height_phone=&#8221;2em&#8221;] [\/et_pb_tab] [\/et_pb_tabs][\/et_pb_column][et_pb_column type=&#8221;1_4&#8243;][et_pb_contact_form admin_label=&#8221;Formularz kontaktowy&#8221; global_module=&#8221;631&#8243; saved_tabs=&#8221;all&#8221; captcha=&#8221;off&#8221; email=&#8221;hello@tastysailing.com&#8221; title=&#8221;Napisz do nas!&#8221; use_redirect=&#8221;off&#8221; input_border_radius=&#8221;0&#8243; use_border_color=&#8221;off&#8221; border_color=&#8221;#ffffff&#8221; border_style=&#8221;solid&#8221; custom_button=&#8221;off&#8221; button_letter_spacing=&#8221;0&#8243; button_use_icon=&#8221;default&#8221; button_icon_placement=&#8221;right&#8221; button_on_hover=&#8221;on&#8221; button_letter_spacing_hover=&#8221;0&#8243; module_class=&#8221;contact-box&#8221;] [et_pb_contact_field field_title=&#8221;Imi\u0119&#8221; field_type=&#8221;input&#8221; field_id=&#8221;Name&#8221; required_mark=&#8221;on&#8221; fullwidth_field=&#8221;off&#8221; form_field_font_select=&#8221;default&#8221; form_field_font=&#8221;||||&#8221; use_border_color=&#8221;off&#8221; border_style=&#8221;solid&#8221;] [\/et_pb_contact_field][et_pb_contact_field field_title=&#8221;Email&#8221; field_type=&#8221;email&#8221; field_id=&#8221;Email&#8221; required_mark=&#8221;on&#8221; fullwidth_field=&#8221;off&#8221; form_field_font_select=&#8221;default&#8221; form_field_font=&#8221;||||&#8221; use_border_color=&#8221;off&#8221; border_style=&#8221;solid&#8221;] [\/et_pb_contact_field][et_pb_contact_field field_title=&#8221;Wpisz liczb\u0119 os\u00f3b i preferowan\u0105 dat\u0119 rejsu&#8221; field_type=&#8221;text&#8221; field_id=&#8221;Message&#8221; required_mark=&#8221;on&#8221; fullwidth_field=&#8221;on&#8221; form_field_font_select=&#8221;default&#8221; form_field_font=&#8221;||||&#8221; use_border_color=&#8221;off&#8221; border_style=&#8221;solid&#8221;] [\/et_pb_contact_field] [\/et_pb_contact_form][\/et_pb_column][\/et_pb_row][\/et_pb_section][et_pb_section admin_label=&#8221;Sekcja&#8221; fullwidth=&#8221;off&#8221; specialty=&#8221;off&#8221; transparent_background=&#8221;off&#8221; allow_player_pause=&#8221;off&#8221; inner_shadow=&#8221;off&#8221; parallax=&#8221;off&#8221; parallax_method=&#8221;off&#8221; custom_padding=&#8221;0px|||&#8221; padding_mobile=&#8221;off&#8221; make_fullwidth=&#8221;off&#8221; use_custom_width=&#8221;off&#8221; width_unit=&#8221;on&#8221; make_equal=&#8221;off&#8221; use_custom_gutter=&#8221;off&#8221;][et_pb_row admin_label=&#8221;Wiersz&#8221;][et_pb_column type=&#8221;4_4&#8243;][et_pb_testimonial admin_label=&#8221;Testimonial&#8221; author=&#8221;Bronis\u0142aw Miazgowski&#8221; url_new_window=&#8221;off&#8221; quote_icon=&#8221;on&#8221; use_background_color=&#8221;on&#8221; background_color=&#8221;#f5f5f5&#8243; background_layout=&#8221;light&#8221; text_orientation=&#8221;center&#8221; use_border_color=&#8221;off&#8221; border_color=&#8221;#ffffff&#8221; border_style=&#8221;solid&#8221;]<\/p>\n<h4>&#8222;P\u0142ywa\u0142em pod pr\u0105d, \u017ceglowa\u0142em pod wiatr, przeto wierz\u0119 w rzeczy niemo\u017cliwe.&#8221;<\/h4>\n<p>[\/et_pb_testimonial][\/et_pb_column][\/et_pb_row][\/et_pb_section]<\/p>\n","protected":false},"excerpt":{"rendered":"<p>[et_pb_section admin_label=&#8221;section&#8221; transparent_background=&#8221;off&#8221; allow_player_pause=&#8221;off&#8221; inner_shadow=&#8221;off&#8221; parallax=&#8221;off&#8221; parallax_method=&#8221;off&#8221; padding_mobile=&#8221;off&#8221; make_fullwidth=&#8221;off&#8221; use_custom_width=&#8221;off&#8221; width_unit=&#8221;on&#8221; make_equal=&#8221;off&#8221; use_custom_gutter=&#8221;off&#8221; custom_padding=&#8221;||0px|&#8221;][et_pb_row admin_label=&#8221;row&#8221;][et_pb_column type=&#8221;1_2&#8243;][et_pb_image admin_label=&#8221;Image&#8221; src=&#8221;http:\/\/tastysailing.com\/wp-content\/uploads\/2016\/02\/contact.jpg&#8221; show_in_lightbox=&#8221;on&#8221; url_new_window=&#8221;off&#8221; use_overlay=&#8221;off&#8221; animation=&#8221;left&#8221; sticky=&#8221;off&#8221; align=&#8221;left&#8221; force_fullwidth=&#8221;off&#8221; always_center_on_mobile=&#8221;on&#8221; use_border_color=&#8221;off&#8221; border_color=&#8221;#ffffff&#8221; border_style=&#8221;solid&#8221;] [\/et_pb_image][\/et_pb_column][et_pb_column type=&#8221;1_2&#8243;][et_pb_text admin_label=&#8221;Text&#8221; background_layout=&#8221;light&#8221; text_orientation=&#8221;left&#8221; use_border_color=&#8221;off&#8221; border_color=&#8221;#ffffff&#8221; border_style=&#8221;solid&#8221; module_class=&#8221;text-right&#8221;] \u0141\u00f3d\u017a motorowa Mekling 27 Start: Lavrio\/Kea\/Athens Plan podr\u00f3\u017cy: wycieczki do Kea, Egina, Kithnos etc. D\u0142ugo\u015b\u0107: 8.23 metra [&hellip;]<\/p>\n","protected":false},"author":1,"featured_media":0,"parent":545,"menu_order":0,"comment_status":"closed","ping_status":"closed","template":"","meta":{"footnotes":""},"class_list":["post-555","page","type-page","status-publish","hentry"],"yoast_head":"<!-- This site is optimized with the Yoast SEO plugin v23.9 - https:\/\/yoast.com\/wordpress\/plugins\/seo\/ -->\n<title>Jacht motorowy - 4\/6 os\u00f3b - Tasty Sailing - Zasmakuj w podr\u00f3\u017cy!<\/title>\n<meta name=\"robots\" content=\"index, follow, max-snippet:-1, max-image-preview:large, max-video-preview:-1\" \/>\n<link rel=\"canonical\" href=\"https:\/\/tastysailing.com\/pl\/lodzie\/lodz-motorowa-mekling-27-6-osob\/\" \/>\n<meta property=\"og:locale\" content=\"pl_PL\" \/>\n<meta property=\"og:type\" content=\"article\" \/>\n<meta property=\"og:title\" content=\"Jacht motorowy - 4\/6 os\u00f3b - Tasty Sailing - Zasmakuj w podr\u00f3\u017cy!\" \/>\n<meta property=\"og:description\" content=\"[et_pb_section admin_label=&#8221;section&#8221; transparent_background=&#8221;off&#8221; allow_player_pause=&#8221;off&#8221; inner_shadow=&#8221;off&#8221; parallax=&#8221;off&#8221; parallax_method=&#8221;off&#8221; padding_mobile=&#8221;off&#8221; make_fullwidth=&#8221;off&#8221; use_custom_width=&#8221;off&#8221; width_unit=&#8221;on&#8221; make_equal=&#8221;off&#8221; use_custom_gutter=&#8221;off&#8221; custom_padding=&#8221;||0px|&#8221;][et_pb_row admin_label=&#8221;row&#8221;][et_pb_column type=&#8221;1_2&#8243;][et_pb_image admin_label=&#8221;Image&#8221; src=&#8221;http:\/\/tastysailing.com\/wp-content\/uploads\/2016\/02\/contact.jpg&#8221; show_in_lightbox=&#8221;on&#8221; url_new_window=&#8221;off&#8221; use_overlay=&#8221;off&#8221; animation=&#8221;left&#8221; sticky=&#8221;off&#8221; align=&#8221;left&#8221; force_fullwidth=&#8221;off&#8221; always_center_on_mobile=&#8221;on&#8221; use_border_color=&#8221;off&#8221; border_color=&#8221;#ffffff&#8221; border_style=&#8221;solid&#8221;] [\/et_pb_image][\/et_pb_column][et_pb_column type=&#8221;1_2&#8243;][et_pb_text admin_label=&#8221;Text&#8221; background_layout=&#8221;light&#8221; text_orientation=&#8221;left&#8221; use_border_color=&#8221;off&#8221; border_color=&#8221;#ffffff&#8221; border_style=&#8221;solid&#8221; module_class=&#8221;text-right&#8221;] \u0141\u00f3d\u017a motorowa Mekling 27 Start: Lavrio\/Kea\/Athens Plan podr\u00f3\u017cy: wycieczki do Kea, Egina, Kithnos etc. D\u0142ugo\u015b\u0107: 8.23 metra [&hellip;]\" \/>\n<meta property=\"og:url\" content=\"https:\/\/tastysailing.com\/pl\/lodzie\/lodz-motorowa-mekling-27-6-osob\/\" \/>\n<meta property=\"og:site_name\" content=\"Tasty Sailing - Zasmakuj w podr\u00f3\u017cy!\" \/>\n<meta property=\"article:modified_time\" content=\"2017-04-20T12:39:53+00:00\" \/>\n<meta name=\"twitter:card\" content=\"summary_large_image\" \/>\n<meta name=\"twitter:label1\" content=\"Szacowany czas czytania\" \/>\n\t<meta name=\"twitter:data1\" content=\"6 minut\" \/>\n<script type=\"application\/ld+json\" class=\"yoast-schema-graph\">{\"@context\":\"https:\/\/schema.org\",\"@graph\":[{\"@type\":\"WebPage\",\"@id\":\"https:\/\/tastysailing.com\/pl\/lodzie\/lodz-motorowa-mekling-27-6-osob\/\",\"url\":\"https:\/\/tastysailing.com\/pl\/lodzie\/lodz-motorowa-mekling-27-6-osob\/\",\"name\":\"Jacht motorowy - 4\/6 os\u00f3b - Tasty Sailing - Zasmakuj w podr\u00f3\u017cy!\",\"isPartOf\":{\"@id\":\"https:\/\/tastysailing.com\/pl\/#website\"},\"datePublished\":\"2016-02-27T09:58:01+00:00\",\"dateModified\":\"2017-04-20T12:39:53+00:00\",\"breadcrumb\":{\"@id\":\"https:\/\/tastysailing.com\/pl\/lodzie\/lodz-motorowa-mekling-27-6-osob\/#breadcrumb\"},\"inLanguage\":\"pl-PL\",\"potentialAction\":[{\"@type\":\"ReadAction\",\"target\":[\"https:\/\/tastysailing.com\/pl\/lodzie\/lodz-motorowa-mekling-27-6-osob\/\"]}]},{\"@type\":\"BreadcrumbList\",\"@id\":\"https:\/\/tastysailing.com\/pl\/lodzie\/lodz-motorowa-mekling-27-6-osob\/#breadcrumb\",\"itemListElement\":[{\"@type\":\"ListItem\",\"position\":1,\"name\":\"Strona g\u0142\u00f3wna\",\"item\":\"https:\/\/tastysailing.com\/pl\/\"},{\"@type\":\"ListItem\",\"position\":2,\"name\":\"Jachty\",\"item\":\"https:\/\/tastysailing.com\/pl\/lodzie\/\"},{\"@type\":\"ListItem\",\"position\":3,\"name\":\"Jacht motorowy &#8211; 4\/6 os\u00f3b\"}]},{\"@type\":\"WebSite\",\"@id\":\"https:\/\/tastysailing.com\/pl\/#website\",\"url\":\"https:\/\/tastysailing.com\/pl\/\",\"name\":\"Tasty Sailing - Zasmakuj w podr\u00f3\u017cy!\",\"description\":\"Kulinarne podr\u00f3\u017ce po Grecji\",\"potentialAction\":[{\"@type\":\"SearchAction\",\"target\":{\"@type\":\"EntryPoint\",\"urlTemplate\":\"https:\/\/tastysailing.com\/pl\/?s={search_term_string}\"},\"query-input\":{\"@type\":\"PropertyValueSpecification\",\"valueRequired\":true,\"valueName\":\"search_term_string\"}}],\"inLanguage\":\"pl-PL\"}]}<\/script>\n<!-- \/ Yoast SEO plugin. -->","yoast_head_json":{"title":"Jacht motorowy - 4\/6 os\u00f3b - Tasty Sailing - Zasmakuj w podr\u00f3\u017cy!","robots":{"index":"index","follow":"follow","max-snippet":"max-snippet:-1","max-image-preview":"max-image-preview:large","max-video-preview":"max-video-preview:-1"},"canonical":"https:\/\/tastysailing.com\/pl\/lodzie\/lodz-motorowa-mekling-27-6-osob\/","og_locale":"pl_PL","og_type":"article","og_title":"Jacht motorowy - 4\/6 os\u00f3b - Tasty Sailing - Zasmakuj w podr\u00f3\u017cy!","og_description":"[et_pb_section admin_label=&#8221;section&#8221; transparent_background=&#8221;off&#8221; allow_player_pause=&#8221;off&#8221; inner_shadow=&#8221;off&#8221; parallax=&#8221;off&#8221; parallax_method=&#8221;off&#8221; padding_mobile=&#8221;off&#8221; make_fullwidth=&#8221;off&#8221; use_custom_width=&#8221;off&#8221; width_unit=&#8221;on&#8221; make_equal=&#8221;off&#8221; use_custom_gutter=&#8221;off&#8221; custom_padding=&#8221;||0px|&#8221;][et_pb_row admin_label=&#8221;row&#8221;][et_pb_column type=&#8221;1_2&#8243;][et_pb_image admin_label=&#8221;Image&#8221; src=&#8221;http:\/\/tastysailing.com\/wp-content\/uploads\/2016\/02\/contact.jpg&#8221; show_in_lightbox=&#8221;on&#8221; url_new_window=&#8221;off&#8221; use_overlay=&#8221;off&#8221; animation=&#8221;left&#8221; sticky=&#8221;off&#8221; align=&#8221;left&#8221; force_fullwidth=&#8221;off&#8221; always_center_on_mobile=&#8221;on&#8221; use_border_color=&#8221;off&#8221; border_color=&#8221;#ffffff&#8221; border_style=&#8221;solid&#8221;] [\/et_pb_image][\/et_pb_column][et_pb_column type=&#8221;1_2&#8243;][et_pb_text admin_label=&#8221;Text&#8221; background_layout=&#8221;light&#8221; text_orientation=&#8221;left&#8221; use_border_color=&#8221;off&#8221; border_color=&#8221;#ffffff&#8221; border_style=&#8221;solid&#8221; module_class=&#8221;text-right&#8221;] \u0141\u00f3d\u017a motorowa Mekling 27 Start: Lavrio\/Kea\/Athens Plan podr\u00f3\u017cy: wycieczki do Kea, Egina, Kithnos etc. D\u0142ugo\u015b\u0107: 8.23 metra [&hellip;]","og_url":"https:\/\/tastysailing.com\/pl\/lodzie\/lodz-motorowa-mekling-27-6-osob\/","og_site_name":"Tasty Sailing - Zasmakuj w podr\u00f3\u017cy!","article_modified_time":"2017-04-20T12:39:53+00:00","twitter_card":"summary_large_image","twitter_misc":{"Szacowany czas czytania":"6 minut"},"schema":{"@context":"https:\/\/schema.org","@graph":[{"@type":"WebPage","@id":"https:\/\/tastysailing.com\/pl\/lodzie\/lodz-motorowa-mekling-27-6-osob\/","url":"https:\/\/tastysailing.com\/pl\/lodzie\/lodz-motorowa-mekling-27-6-osob\/","name":"Jacht motorowy - 4\/6 os\u00f3b - Tasty Sailing - Zasmakuj w podr\u00f3\u017cy!","isPartOf":{"@id":"https:\/\/tastysailing.com\/pl\/#website"},"datePublished":"2016-02-27T09:58:01+00:00","dateModified":"2017-04-20T12:39:53+00:00","breadcrumb":{"@id":"https:\/\/tastysailing.com\/pl\/lodzie\/lodz-motorowa-mekling-27-6-osob\/#breadcrumb"},"inLanguage":"pl-PL","potentialAction":[{"@type":"ReadAction","target":["https:\/\/tastysailing.com\/pl\/lodzie\/lodz-motorowa-mekling-27-6-osob\/"]}]},{"@type":"BreadcrumbList","@id":"https:\/\/tastysailing.com\/pl\/lodzie\/lodz-motorowa-mekling-27-6-osob\/#breadcrumb","itemListElement":[{"@type":"ListItem","position":1,"name":"Strona g\u0142\u00f3wna","item":"https:\/\/tastysailing.com\/pl\/"},{"@type":"ListItem","position":2,"name":"Jachty","item":"https:\/\/tastysailing.com\/pl\/lodzie\/"},{"@type":"ListItem","position":3,"name":"Jacht motorowy &#8211; 4\/6 os\u00f3b"}]},{"@type":"WebSite","@id":"https:\/\/tastysailing.com\/pl\/#website","url":"https:\/\/tastysailing.com\/pl\/","name":"Tasty Sailing - Zasmakuj w podr\u00f3\u017cy!","description":"Kulinarne podr\u00f3\u017ce po Grecji","potentialAction":[{"@type":"SearchAction","target":{"@type":"EntryPoint","urlTemplate":"https:\/\/tastysailing.com\/pl\/?s={search_term_string}"},"query-input":{"@type":"PropertyValueSpecification","valueRequired":true,"valueName":"search_term_string"}}],"inLanguage":"pl-PL"}]}},"_links":{"self":[{"href":"https:\/\/tastysailing.com\/pl\/wp-json\/wp\/v2\/pages\/555","targetHints":{"allow":["GET"]}}],"collection":[{"href":"https:\/\/tastysailing.com\/pl\/wp-json\/wp\/v2\/pages"}],"about":[{"href":"https:\/\/tastysailing.com\/pl\/wp-json\/wp\/v2\/types\/page"}],"author":[{"embeddable":true,"href":"https:\/\/tastysailing.com\/pl\/wp-json\/wp\/v2\/users\/1"}],"replies":[{"embeddable":true,"href":"https:\/\/tastysailing.com\/pl\/wp-json\/wp\/v2\/comments?post=555"}],"version-history":[{"count":9,"href":"https:\/\/tastysailing.com\/pl\/wp-json\/wp\/v2\/pages\/555\/revisions"}],"predecessor-version":[{"id":1436,"href":"https:\/\/tastysailing.com\/pl\/wp-json\/wp\/v2\/pages\/555\/revisions\/1436"}],"up":[{"embeddable":true,"href":"https:\/\/tastysailing.com\/pl\/wp-json\/wp\/v2\/pages\/545"}],"wp:attachment":[{"href":"https:\/\/tastysailing.com\/pl\/wp-json\/wp\/v2\/media?parent=555"}],"curies":[{"name":"wp","href":"https:\/\/api.w.org\/{rel}","templated":true}]}}