{"id":553,"date":"2016-02-27T10:57:25","date_gmt":"2016-02-27T09:57:25","guid":{"rendered":"http:\/\/tastysailing.com\/pl\/?page_id=553"},"modified":"2017-04-20T11:05:34","modified_gmt":"2017-04-20T09:05:34","slug":"jacht-beneteau-oceanis-43-8-9-osob","status":"publish","type":"page","link":"https:\/\/tastysailing.com\/pl\/lodzie\/jacht-beneteau-oceanis-43-8-9-osob\/","title":{"rendered":"Jacht Beneteau 43 &#8211; 8\/9 os\u00f3b"},"content":{"rendered":"<p>[et_pb_section admin_label=&#8221;section&#8221; transparent_background=&#8221;off&#8221; allow_player_pause=&#8221;off&#8221; inner_shadow=&#8221;off&#8221; parallax=&#8221;off&#8221; parallax_method=&#8221;off&#8221; custom_padding=&#8221;||0px|&#8221; padding_mobile=&#8221;off&#8221; make_fullwidth=&#8221;off&#8221; use_custom_width=&#8221;off&#8221; width_unit=&#8221;on&#8221; make_equal=&#8221;off&#8221; use_custom_gutter=&#8221;off&#8221;][et_pb_row admin_label=&#8221;Wiersz&#8221;][et_pb_column type=&#8221;1_2&#8243;][et_pb_image admin_label=&#8221;Obraz&#8221; src=&#8221;http:\/\/tastysailing.com\/pl\/wp-content\/uploads\/sites\/2\/2016\/02\/2.jpg&#8221; show_in_lightbox=&#8221;on&#8221; url_new_window=&#8221;off&#8221; use_overlay=&#8221;off&#8221; animation=&#8221;left&#8221; sticky=&#8221;off&#8221; align=&#8221;left&#8221; force_fullwidth=&#8221;off&#8221; always_center_on_mobile=&#8221;on&#8221; use_border_color=&#8221;off&#8221; border_color=&#8221;#ffffff&#8221; border_style=&#8221;solid&#8221;] [\/et_pb_image][\/et_pb_column][et_pb_column type=&#8221;1_2&#8243;][et_pb_text admin_label=&#8221;Tekst&#8221; background_layout=&#8221;light&#8221; text_orientation=&#8221;left&#8221; use_border_color=&#8221;off&#8221; border_color=&#8221;#ffffff&#8221; border_style=&#8221;solid&#8221; module_class=&#8221;text-right&#8221;]<\/p>\n<h2>Jacht Beneteau Oceanis 43<\/h2>\n<p>Rok: <b>2008<\/b><\/p>\n<p>D\u0142ugo\u015b\u0107 : <b>13.10 metr\u00f3w<\/b><\/p>\n<p>Za\u0142oga: <strong>ze skipperem \/ lub bez<\/strong><\/p>\n<p>Start :<b> Ateny<\/b><\/p>\n<p>Ilo\u015b\u0107 kabin :<b> 4 <\/b><\/p>\n<p>Prysznic \/ WC :<b> 2<\/b><\/p>\n<p>Ilo\u015b\u0107 koi :<b> maksymalnie do 10 os\u00f3b<\/b><\/p>\n<div class='et-box et-shadow'>\n\t\t\t\t\t<div class='et-box-content'><table>\n<tbody>\n<tr>\n<td>Stawki tygodniowe<\/td>\n<td>Kwiecie\u0144 Pa\u017adziernik<\/td>\n<td>Maj, Czerwiec Wrzesie\u0144<\/td>\n<td>Lipiec Sierpie\u0144<\/td>\n<\/tr>\n<tr>\n<td><strong>za jacht\n<\/strong><\/td>\n<td><strong>2550 \u20ac<\/strong><\/td>\n<td colspan=\"2\"><strong><a title=\"zapytaj o indywidualn\u0105 ofert\u0119\" href=\"http:\/\/tastysailing.com\/pl\/kontakt\/\">zapytaj o indywidualn\u0105 ofert\u0119<\/a><\/strong><\/td>\n<\/tr>\n<\/tbody>\n<\/table>\n<p>Rabat: 5% wczesna rezerwacja przed 31 stycznia \/ 10% stali klienci<\/p>\n<p>+ Skipper 150 \u20ac\/dzie\u0144<\/p><\/div><\/div> [\/et_pb_text][\/et_pb_column][\/et_pb_row][et_pb_row admin_label=&#8221;row&#8221;][et_pb_column type=&#8221;4_4&#8243;][et_pb_gallery admin_label=&#8221;Galeria&#8221; gallery_ids=&#8221;800,805,802,801,804,817,818,803,806,808,807,816,815,814,813,812,811,810,809&#8243; fullwidth=&#8221;off&#8221; show_title_and_caption=&#8221;off&#8221; show_pagination=&#8221;on&#8221; background_layout=&#8221;light&#8221; auto=&#8221;off&#8221; hover_overlay_color=&#8221;rgba(255,255,255,0.9)&#8221; caption_all_caps=&#8221;off&#8221; use_border_color=&#8221;off&#8221; border_color=&#8221;#ffffff&#8221; border_style=&#8221;solid&#8221; posts_number=&#8221;6&#8243;] [\/et_pb_gallery][\/et_pb_column][\/et_pb_row][\/et_pb_section][et_pb_section admin_label=&#8221;Sekcja&#8221; global_module=&#8221;861&#8243; transparent_background=&#8221;off&#8221; allow_player_pause=&#8221;off&#8221; inner_shadow=&#8221;off&#8221; parallax=&#8221;off&#8221; parallax_method=&#8221;off&#8221; custom_padding=&#8221;0px||0px|&#8221; padding_mobile=&#8221;off&#8221; make_fullwidth=&#8221;off&#8221; use_custom_width=&#8221;off&#8221; width_unit=&#8221;on&#8221; make_equal=&#8221;off&#8221; use_custom_gutter=&#8221;off&#8221; fullwidth=&#8221;off&#8221; specialty=&#8221;off&#8221; disabled=&#8221;off&#8221;][et_pb_row global_parent=&#8221;861&#8243; admin_label=&#8221;Wiersz&#8221; make_fullwidth=&#8221;off&#8221; use_custom_width=&#8221;off&#8221; width_unit=&#8221;on&#8221; custom_width_px=&#8221;1080px&#8221; custom_width_percent=&#8221;80%&#8221; use_custom_gutter=&#8221;off&#8221; gutter_width=&#8221;3&#8243; custom_padding=&#8221;0px||0px|&#8221; padding_mobile=&#8221;off&#8221; custom_margin=&#8221;0px||0px|&#8221; allow_player_pause=&#8221;off&#8221; parallax=&#8221;off&#8221; parallax_method=&#8221;off&#8221; make_equal=&#8221;off&#8221; column_padding_mobile=&#8221;on&#8221; padding_top_1=&#8221;0px&#8221; padding_bottom_1=&#8221;0px&#8221; parallax_1=&#8221;off&#8221; parallax_method_1=&#8221;off&#8221; parallax_2=&#8221;off&#8221; parallax_method_2=&#8221;on&#8221; parallax_3=&#8221;off&#8221; parallax_method_3=&#8221;on&#8221; parallax_4=&#8221;off&#8221; parallax_method_4=&#8221;on&#8221; disabled=&#8221;off&#8221;][et_pb_column type=&#8221;4_4&#8243;][et_pb_code global_parent=&#8221;861&#8243; admin_label=&#8221;Social Share&#8221; disabled=&#8221;off&#8221;]&lt;!&#8211; Go to www.addthis.com\/dashboard to customize your tools &#8211;&gt; &lt;div class=&#8221;addthis_sharing_toolbox&#8221;&gt;&lt;\/div&gt;[\/et_pb_code][\/et_pb_column][\/et_pb_row][\/et_pb_section][et_pb_section admin_label=&#8221;Sekcja&#8221; fullwidth=&#8221;off&#8221; specialty=&#8221;off&#8221; transparent_background=&#8221;off&#8221; allow_player_pause=&#8221;off&#8221; inner_shadow=&#8221;off&#8221; parallax=&#8221;off&#8221; parallax_method=&#8221;off&#8221; custom_padding=&#8221;0px|||&#8221; padding_mobile=&#8221;off&#8221; make_fullwidth=&#8221;off&#8221; use_custom_width=&#8221;off&#8221; width_unit=&#8221;on&#8221; make_equal=&#8221;off&#8221; use_custom_gutter=&#8221;off&#8221;][et_pb_row admin_label=&#8221;Wiersz&#8221;][et_pb_column type=&#8221;3_4&#8243;][et_pb_tabs admin_label=&#8221;Zak\u0142adki&#8221; use_border_color=&#8221;off&#8221; border_color=&#8221;#ffffff&#8221; border_style=&#8221;solid&#8221;] [et_pb_tab title=&#8221;PLAN JACHTU&#8221; tab_font_select=&#8221;default&#8221; tab_font=&#8221;||||&#8221; tab_line_height=&#8221;2em&#8221; tab_line_height_tablet=&#8221;2em&#8221; tab_line_height_phone=&#8221;2em&#8221; body_font_select=&#8221;default&#8221; body_font=&#8221;||||&#8221; body_line_height=&#8221;2em&#8221; body_line_height_tablet=&#8221;2em&#8221; body_line_height_phone=&#8221;2em&#8221;]<img loading=\"lazy\" decoding=\"async\" class=\"alignnone size-full wp-image-288\" src=\"http:\/\/tastysailing.com\/wp-content\/uploads\/2016\/02\/Gilda-Plan-1.jpg\" alt=\"Beneteau Oceanis 43-Plan\" width=\"759\" height=\"418\" \/>[\/et_pb_tab][et_pb_tab title=&#8221;DANE TECHNICZNE&#8221; tab_font_select=&#8221;default&#8221; tab_font=&#8221;||||&#8221; tab_line_height=&#8221;2em&#8221; tab_line_height_tablet=&#8221;2em&#8221; tab_line_height_phone=&#8221;2em&#8221; body_font_select=&#8221;default&#8221; body_font=&#8221;||||&#8221; body_line_height=&#8221;2em&#8221; body_line_height_tablet=&#8221;2em&#8221; body_line_height_phone=&#8221;2em&#8221;]<\/p>\n<h3><strong>Jacht Beneteau Oceanis 43<\/strong><\/h3>\n<div class='one_half'>\n\t\t\t\t\t<ul>\n<li>Rok: 2008<\/li>\n<li>Max.Pasa\u017cerowie: 10<\/li>\n<li>Rekomendowana ilo\u015b\u0107: 8 os\u00f3b (3 podw\u00f3jne \/ 2 pi\u0119trowe \u0142\u00f3\u017cka)<\/li>\n<li>D\u0142ugo\u015b\u0107 ca\u0142kowita: 13.10 m<\/li>\n<li>Szeroko\u015b\u0107: 4,12 m<\/li>\n<li>Zanurzenie: 2,00 m<\/li>\n<li>Zbiornik wodny: 360L<\/li>\n<li>Zbiornik paliwa: 200L<\/li>\n<\/ul>\n<h3>SILNIK<\/h3>\n<ul>\n<ul>\n<li>Yanmar<\/li>\n<li>Moc silnika: 54Hp<\/li>\n<li>Driving: Sail drive rebuild 2015<\/li>\n<li>Zu\u017cycie paliwa: 5-6 l\/h<\/li>\n<li>Pr\u0119dko\u015b\u0107 marszowa: 8.2 knots przy 2100 R.P.M.<\/li>\n<\/ul>\n<\/ul>\n\t\t\t\t<\/div>\n<h3>\u017bAGLE<\/h3>\n<ul>\n<ul>\n<ul>\n<li>Roler grota: 39.00 m2 (2015)<\/li>\n<li>Genua: 43.50 m2 (2015)<\/li>\n<\/ul>\n<\/ul>\n<\/ul>\n<h3>ZAKWATEROWANIE<\/h3>\n<ul>\n<ul>\n<li>3 podw\u00f3jne \u0142\u00f3\u017cka<\/li>\n<li>2 Pi\u0119trowe \u0142\u00f3\u017cka<\/li>\n<li>1 St\u00f3\u0142 w salonie przekszta\u0142cany w podw\u00f3jne \u0142\u00f3\u017cko<\/li>\n<li>2 Prysznice<\/li>\n<li>2 Toalety<\/li>\n<li>10 Pasa\u017cer\u00f3w<\/li>\n<\/ul>\n<\/ul>\n<p>[\/et_pb_tab][et_pb_tab title=&#8221;WYPOSA\u017bENIE&#8221; tab_font_select=&#8221;default&#8221; tab_font=&#8221;||||&#8221; tab_line_height=&#8221;2em&#8221; tab_line_height_tablet=&#8221;2em&#8221; tab_line_height_phone=&#8221;2em&#8221; body_font_select=&#8221;default&#8221; body_font=&#8221;||||&#8221; body_line_height=&#8221;2em&#8221; body_line_height_tablet=&#8221;2em&#8221; body_line_height_phone=&#8221;2em&#8221;]<\/p>\n<h3>UDOGODNIENIA<\/h3>\n<div class='one_half'>\n\t\t\t\t\t<ul style=\"padding: 20px;\">\n<li>Gas Stove Oven<\/li>\n<li>2 Steering Wheel<\/li>\n<li>Full Set of Charts<\/li>\n<\/ul>\n<h3>POK\u0141AD<\/h3>\n<ul>\n<li>Bimini<\/li>\n<li>Cockpit Cushions<\/li>\n<li>Cockpit Speakers<\/li>\n<li>Cockpit Ice Box<\/li>\n<li>Cockpit Table<\/li>\n<li>Cockpit Shower<\/li>\n<li>Electric Anchor Windlass<\/li>\n<li>Dinghy<\/li>\n<li>Outboard Engine<\/li>\n<li>Gangway plank<\/li>\n<li>Swimming ladder<\/li>\n<li>Navigation<\/li>\n<li>GPS Plotter<\/li>\n<li>Auto Pilot<\/li>\n<li>Wind Instruments<\/li>\n<li>Speed Log<\/li>\n<li>Depth Sounder<\/li>\n<li>VHF<\/li>\n<li>Epirb<\/li>\n<\/ul>\n\t\t\t\t<\/div>\n<ul>\n<li>Navigation Aids<\/li>\n<li>Greek Waters Pilot<\/li>\n<li>List of lights<\/li>\n<li>Facilities<\/li>\n<li>Hot Water<\/li>\n<li>Radio<\/li>\n<li>CD player<\/li>\n<li>Galley<\/li>\n<li>Galley Fully Equipped<\/li>\n<li>Electric Fridge 12V<\/li>\n<li>Ice box<\/li>\n<\/ul>\n<h3>ELECTRIC<\/h3>\n<ul>\n<li>Shore Power 220 V<\/li>\n<li>Battery Charger<\/li>\n<li>Inverter<\/li>\n<li>12 V Socket<\/li>\n<li>220 V Socket<\/li>\n<\/ul>\n<p>[\/et_pb_tab] [\/et_pb_tabs][\/et_pb_column][et_pb_column type=&#8221;1_4&#8243;][et_pb_contact_form admin_label=&#8221;Formularz kontaktowy&#8221; global_module=&#8221;631&#8243; saved_tabs=&#8221;all&#8221; captcha=&#8221;off&#8221; email=&#8221;hello@tastysailing.com&#8221; title=&#8221;Napisz do nas!&#8221; use_redirect=&#8221;off&#8221; input_border_radius=&#8221;0&#8243; use_border_color=&#8221;off&#8221; border_color=&#8221;#ffffff&#8221; border_style=&#8221;solid&#8221; custom_button=&#8221;off&#8221; button_letter_spacing=&#8221;0&#8243; button_use_icon=&#8221;default&#8221; button_icon_placement=&#8221;right&#8221; button_on_hover=&#8221;on&#8221; button_letter_spacing_hover=&#8221;0&#8243; module_class=&#8221;contact-box&#8221;] [et_pb_contact_field field_title=&#8221;Imi\u0119&#8221; field_type=&#8221;input&#8221; field_id=&#8221;Name&#8221; required_mark=&#8221;on&#8221; fullwidth_field=&#8221;off&#8221; form_field_font_select=&#8221;default&#8221; form_field_font=&#8221;||||&#8221; use_border_color=&#8221;off&#8221; border_style=&#8221;solid&#8221;][\/et_pb_contact_field][et_pb_contact_field field_title=&#8221;Email&#8221; field_type=&#8221;email&#8221; field_id=&#8221;Email&#8221; required_mark=&#8221;on&#8221; fullwidth_field=&#8221;off&#8221; form_field_font_select=&#8221;default&#8221; form_field_font=&#8221;||||&#8221; use_border_color=&#8221;off&#8221; border_style=&#8221;solid&#8221;][\/et_pb_contact_field][et_pb_contact_field field_title=&#8221;Wpisz liczb\u0119 os\u00f3b i preferowan\u0105 dat\u0119 rejsu&#8221; field_type=&#8221;text&#8221; field_id=&#8221;Message&#8221; required_mark=&#8221;on&#8221; fullwidth_field=&#8221;on&#8221; form_field_font_select=&#8221;default&#8221; form_field_font=&#8221;||||&#8221; use_border_color=&#8221;off&#8221; border_style=&#8221;solid&#8221;][\/et_pb_contact_field] [\/et_pb_contact_form][\/et_pb_column][\/et_pb_row][et_pb_row admin_label=&#8221;Wiersz&#8221;][et_pb_column type=&#8221;4_4&#8243;][et_pb_testimonial admin_label=&#8221;Opinia&#8221; author=&#8221;Axel Liffner&#8221; url_new_window=&#8221;off&#8221; quote_icon=&#8221;on&#8221; use_background_color=&#8221;on&#8221; background_color=&#8221;#f5f5f5&#8243; background_layout=&#8221;light&#8221; text_orientation=&#8221;center&#8221; use_border_color=&#8221;off&#8221; border_color=&#8221;#ffffff&#8221; border_style=&#8221;solid&#8221;]<\/p>\n<h3>\u201eDop\u00f3ki s\u0142ysz\u0119 morze &#8211; \u017cyj\u0119. Lecz z ka\u017cdym rokiem musz\u0119 podchodzi\u0107 bli\u017cej&#8230;\u201d<\/h3>\n<p>[\/et_pb_testimonial][\/et_pb_column][\/et_pb_row][\/et_pb_section]<\/p>\n","protected":false},"excerpt":{"rendered":"<p>[et_pb_section admin_label=&#8221;section&#8221; transparent_background=&#8221;off&#8221; allow_player_pause=&#8221;off&#8221; inner_shadow=&#8221;off&#8221; parallax=&#8221;off&#8221; parallax_method=&#8221;off&#8221; custom_padding=&#8221;||0px|&#8221; padding_mobile=&#8221;off&#8221; make_fullwidth=&#8221;off&#8221; use_custom_width=&#8221;off&#8221; width_unit=&#8221;on&#8221; make_equal=&#8221;off&#8221; use_custom_gutter=&#8221;off&#8221;][et_pb_row admin_label=&#8221;Wiersz&#8221;][et_pb_column type=&#8221;1_2&#8243;][et_pb_image admin_label=&#8221;Obraz&#8221; src=&#8221;http:\/\/tastysailing.com\/pl\/wp-content\/uploads\/sites\/2\/2016\/02\/2.jpg&#8221; show_in_lightbox=&#8221;on&#8221; url_new_window=&#8221;off&#8221; use_overlay=&#8221;off&#8221; animation=&#8221;left&#8221; sticky=&#8221;off&#8221; align=&#8221;left&#8221; force_fullwidth=&#8221;off&#8221; always_center_on_mobile=&#8221;on&#8221; use_border_color=&#8221;off&#8221; border_color=&#8221;#ffffff&#8221; border_style=&#8221;solid&#8221;] [\/et_pb_image][\/et_pb_column][et_pb_column type=&#8221;1_2&#8243;][et_pb_text admin_label=&#8221;Tekst&#8221; background_layout=&#8221;light&#8221; text_orientation=&#8221;left&#8221; use_border_color=&#8221;off&#8221; border_color=&#8221;#ffffff&#8221; border_style=&#8221;solid&#8221; module_class=&#8221;text-right&#8221;] Jacht Beneteau Oceanis 43 Rok: 2008 D\u0142ugo\u015b\u0107 : 13.10 metr\u00f3w Za\u0142oga: ze skipperem \/ lub bez Start [&hellip;]<\/p>\n","protected":false},"author":1,"featured_media":0,"parent":545,"menu_order":0,"comment_status":"closed","ping_status":"closed","template":"","meta":{"footnotes":""},"class_list":["post-553","page","type-page","status-publish","hentry"],"yoast_head":"<!-- This site is optimized with the Yoast SEO plugin v23.9 - https:\/\/yoast.com\/wordpress\/plugins\/seo\/ -->\n<title>Jacht Beneteau 43 - 8\/9 os\u00f3b - Tasty Sailing - Zasmakuj w podr\u00f3\u017cy!<\/title>\n<meta name=\"robots\" content=\"index, follow, max-snippet:-1, max-image-preview:large, max-video-preview:-1\" \/>\n<link rel=\"canonical\" href=\"https:\/\/tastysailing.com\/pl\/lodzie\/jacht-beneteau-oceanis-43-8-9-osob\/\" \/>\n<meta property=\"og:locale\" content=\"pl_PL\" \/>\n<meta property=\"og:type\" content=\"article\" \/>\n<meta property=\"og:title\" content=\"Jacht Beneteau 43 - 8\/9 os\u00f3b - Tasty Sailing - Zasmakuj w podr\u00f3\u017cy!\" \/>\n<meta property=\"og:description\" content=\"[et_pb_section admin_label=&#8221;section&#8221; transparent_background=&#8221;off&#8221; allow_player_pause=&#8221;off&#8221; inner_shadow=&#8221;off&#8221; parallax=&#8221;off&#8221; parallax_method=&#8221;off&#8221; custom_padding=&#8221;||0px|&#8221; padding_mobile=&#8221;off&#8221; make_fullwidth=&#8221;off&#8221; use_custom_width=&#8221;off&#8221; width_unit=&#8221;on&#8221; make_equal=&#8221;off&#8221; use_custom_gutter=&#8221;off&#8221;][et_pb_row admin_label=&#8221;Wiersz&#8221;][et_pb_column type=&#8221;1_2&#8243;][et_pb_image admin_label=&#8221;Obraz&#8221; src=&#8221;http:\/\/tastysailing.com\/pl\/wp-content\/uploads\/sites\/2\/2016\/02\/2.jpg&#8221; show_in_lightbox=&#8221;on&#8221; url_new_window=&#8221;off&#8221; use_overlay=&#8221;off&#8221; animation=&#8221;left&#8221; sticky=&#8221;off&#8221; align=&#8221;left&#8221; force_fullwidth=&#8221;off&#8221; always_center_on_mobile=&#8221;on&#8221; use_border_color=&#8221;off&#8221; border_color=&#8221;#ffffff&#8221; border_style=&#8221;solid&#8221;] [\/et_pb_image][\/et_pb_column][et_pb_column type=&#8221;1_2&#8243;][et_pb_text admin_label=&#8221;Tekst&#8221; background_layout=&#8221;light&#8221; text_orientation=&#8221;left&#8221; use_border_color=&#8221;off&#8221; border_color=&#8221;#ffffff&#8221; border_style=&#8221;solid&#8221; module_class=&#8221;text-right&#8221;] Jacht Beneteau Oceanis 43 Rok: 2008 D\u0142ugo\u015b\u0107 : 13.10 metr\u00f3w Za\u0142oga: ze skipperem \/ lub bez Start [&hellip;]\" \/>\n<meta property=\"og:url\" content=\"https:\/\/tastysailing.com\/pl\/lodzie\/jacht-beneteau-oceanis-43-8-9-osob\/\" \/>\n<meta property=\"og:site_name\" content=\"Tasty Sailing - Zasmakuj w podr\u00f3\u017cy!\" \/>\n<meta property=\"article:modified_time\" content=\"2017-04-20T09:05:34+00:00\" \/>\n<meta property=\"og:image\" content=\"http:\/\/tastysailing.com\/wp-content\/uploads\/2016\/02\/Gilda-Plan-1.jpg\" \/>\n<meta name=\"twitter:card\" content=\"summary_large_image\" \/>\n<meta name=\"twitter:label1\" content=\"Szacowany czas czytania\" \/>\n\t<meta name=\"twitter:data1\" content=\"6 minut\" \/>\n<script type=\"application\/ld+json\" class=\"yoast-schema-graph\">{\"@context\":\"https:\/\/schema.org\",\"@graph\":[{\"@type\":\"WebPage\",\"@id\":\"https:\/\/tastysailing.com\/pl\/lodzie\/jacht-beneteau-oceanis-43-8-9-osob\/\",\"url\":\"https:\/\/tastysailing.com\/pl\/lodzie\/jacht-beneteau-oceanis-43-8-9-osob\/\",\"name\":\"Jacht Beneteau 43 - 8\/9 os\u00f3b - Tasty Sailing - Zasmakuj w podr\u00f3\u017cy!\",\"isPartOf\":{\"@id\":\"https:\/\/tastysailing.com\/pl\/#website\"},\"primaryImageOfPage\":{\"@id\":\"https:\/\/tastysailing.com\/pl\/lodzie\/jacht-beneteau-oceanis-43-8-9-osob\/#primaryimage\"},\"image\":{\"@id\":\"https:\/\/tastysailing.com\/pl\/lodzie\/jacht-beneteau-oceanis-43-8-9-osob\/#primaryimage\"},\"thumbnailUrl\":\"http:\/\/tastysailing.com\/wp-content\/uploads\/2016\/02\/Gilda-Plan-1.jpg\",\"datePublished\":\"2016-02-27T09:57:25+00:00\",\"dateModified\":\"2017-04-20T09:05:34+00:00\",\"breadcrumb\":{\"@id\":\"https:\/\/tastysailing.com\/pl\/lodzie\/jacht-beneteau-oceanis-43-8-9-osob\/#breadcrumb\"},\"inLanguage\":\"pl-PL\",\"potentialAction\":[{\"@type\":\"ReadAction\",\"target\":[\"https:\/\/tastysailing.com\/pl\/lodzie\/jacht-beneteau-oceanis-43-8-9-osob\/\"]}]},{\"@type\":\"ImageObject\",\"inLanguage\":\"pl-PL\",\"@id\":\"https:\/\/tastysailing.com\/pl\/lodzie\/jacht-beneteau-oceanis-43-8-9-osob\/#primaryimage\",\"url\":\"http:\/\/tastysailing.com\/wp-content\/uploads\/2016\/02\/Gilda-Plan-1.jpg\",\"contentUrl\":\"http:\/\/tastysailing.com\/wp-content\/uploads\/2016\/02\/Gilda-Plan-1.jpg\"},{\"@type\":\"BreadcrumbList\",\"@id\":\"https:\/\/tastysailing.com\/pl\/lodzie\/jacht-beneteau-oceanis-43-8-9-osob\/#breadcrumb\",\"itemListElement\":[{\"@type\":\"ListItem\",\"position\":1,\"name\":\"Strona g\u0142\u00f3wna\",\"item\":\"https:\/\/tastysailing.com\/pl\/\"},{\"@type\":\"ListItem\",\"position\":2,\"name\":\"Jachty\",\"item\":\"https:\/\/tastysailing.com\/pl\/lodzie\/\"},{\"@type\":\"ListItem\",\"position\":3,\"name\":\"Jacht Beneteau 43 &#8211; 8\/9 os\u00f3b\"}]},{\"@type\":\"WebSite\",\"@id\":\"https:\/\/tastysailing.com\/pl\/#website\",\"url\":\"https:\/\/tastysailing.com\/pl\/\",\"name\":\"Tasty Sailing - Zasmakuj w podr\u00f3\u017cy!\",\"description\":\"Kulinarne podr\u00f3\u017ce po Grecji\",\"potentialAction\":[{\"@type\":\"SearchAction\",\"target\":{\"@type\":\"EntryPoint\",\"urlTemplate\":\"https:\/\/tastysailing.com\/pl\/?s={search_term_string}\"},\"query-input\":{\"@type\":\"PropertyValueSpecification\",\"valueRequired\":true,\"valueName\":\"search_term_string\"}}],\"inLanguage\":\"pl-PL\"}]}<\/script>\n<!-- \/ Yoast SEO plugin. -->","yoast_head_json":{"title":"Jacht Beneteau 43 - 8\/9 os\u00f3b - Tasty Sailing - Zasmakuj w podr\u00f3\u017cy!","robots":{"index":"index","follow":"follow","max-snippet":"max-snippet:-1","max-image-preview":"max-image-preview:large","max-video-preview":"max-video-preview:-1"},"canonical":"https:\/\/tastysailing.com\/pl\/lodzie\/jacht-beneteau-oceanis-43-8-9-osob\/","og_locale":"pl_PL","og_type":"article","og_title":"Jacht Beneteau 43 - 8\/9 os\u00f3b - Tasty Sailing - Zasmakuj w podr\u00f3\u017cy!","og_description":"[et_pb_section admin_label=&#8221;section&#8221; transparent_background=&#8221;off&#8221; allow_player_pause=&#8221;off&#8221; inner_shadow=&#8221;off&#8221; parallax=&#8221;off&#8221; parallax_method=&#8221;off&#8221; custom_padding=&#8221;||0px|&#8221; padding_mobile=&#8221;off&#8221; make_fullwidth=&#8221;off&#8221; use_custom_width=&#8221;off&#8221; width_unit=&#8221;on&#8221; make_equal=&#8221;off&#8221; use_custom_gutter=&#8221;off&#8221;][et_pb_row admin_label=&#8221;Wiersz&#8221;][et_pb_column type=&#8221;1_2&#8243;][et_pb_image admin_label=&#8221;Obraz&#8221; src=&#8221;http:\/\/tastysailing.com\/pl\/wp-content\/uploads\/sites\/2\/2016\/02\/2.jpg&#8221; show_in_lightbox=&#8221;on&#8221; url_new_window=&#8221;off&#8221; use_overlay=&#8221;off&#8221; animation=&#8221;left&#8221; sticky=&#8221;off&#8221; align=&#8221;left&#8221; force_fullwidth=&#8221;off&#8221; always_center_on_mobile=&#8221;on&#8221; use_border_color=&#8221;off&#8221; border_color=&#8221;#ffffff&#8221; border_style=&#8221;solid&#8221;] [\/et_pb_image][\/et_pb_column][et_pb_column type=&#8221;1_2&#8243;][et_pb_text admin_label=&#8221;Tekst&#8221; background_layout=&#8221;light&#8221; text_orientation=&#8221;left&#8221; use_border_color=&#8221;off&#8221; border_color=&#8221;#ffffff&#8221; border_style=&#8221;solid&#8221; module_class=&#8221;text-right&#8221;] Jacht Beneteau Oceanis 43 Rok: 2008 D\u0142ugo\u015b\u0107 : 13.10 metr\u00f3w Za\u0142oga: ze skipperem \/ lub bez Start [&hellip;]","og_url":"https:\/\/tastysailing.com\/pl\/lodzie\/jacht-beneteau-oceanis-43-8-9-osob\/","og_site_name":"Tasty Sailing - Zasmakuj w podr\u00f3\u017cy!","article_modified_time":"2017-04-20T09:05:34+00:00","og_image":[{"url":"http:\/\/tastysailing.com\/wp-content\/uploads\/2016\/02\/Gilda-Plan-1.jpg"}],"twitter_card":"summary_large_image","twitter_misc":{"Szacowany czas czytania":"6 minut"},"schema":{"@context":"https:\/\/schema.org","@graph":[{"@type":"WebPage","@id":"https:\/\/tastysailing.com\/pl\/lodzie\/jacht-beneteau-oceanis-43-8-9-osob\/","url":"https:\/\/tastysailing.com\/pl\/lodzie\/jacht-beneteau-oceanis-43-8-9-osob\/","name":"Jacht Beneteau 43 - 8\/9 os\u00f3b - Tasty Sailing - Zasmakuj w podr\u00f3\u017cy!","isPartOf":{"@id":"https:\/\/tastysailing.com\/pl\/#website"},"primaryImageOfPage":{"@id":"https:\/\/tastysailing.com\/pl\/lodzie\/jacht-beneteau-oceanis-43-8-9-osob\/#primaryimage"},"image":{"@id":"https:\/\/tastysailing.com\/pl\/lodzie\/jacht-beneteau-oceanis-43-8-9-osob\/#primaryimage"},"thumbnailUrl":"http:\/\/tastysailing.com\/wp-content\/uploads\/2016\/02\/Gilda-Plan-1.jpg","datePublished":"2016-02-27T09:57:25+00:00","dateModified":"2017-04-20T09:05:34+00:00","breadcrumb":{"@id":"https:\/\/tastysailing.com\/pl\/lodzie\/jacht-beneteau-oceanis-43-8-9-osob\/#breadcrumb"},"inLanguage":"pl-PL","potentialAction":[{"@type":"ReadAction","target":["https:\/\/tastysailing.com\/pl\/lodzie\/jacht-beneteau-oceanis-43-8-9-osob\/"]}]},{"@type":"ImageObject","inLanguage":"pl-PL","@id":"https:\/\/tastysailing.com\/pl\/lodzie\/jacht-beneteau-oceanis-43-8-9-osob\/#primaryimage","url":"http:\/\/tastysailing.com\/wp-content\/uploads\/2016\/02\/Gilda-Plan-1.jpg","contentUrl":"http:\/\/tastysailing.com\/wp-content\/uploads\/2016\/02\/Gilda-Plan-1.jpg"},{"@type":"BreadcrumbList","@id":"https:\/\/tastysailing.com\/pl\/lodzie\/jacht-beneteau-oceanis-43-8-9-osob\/#breadcrumb","itemListElement":[{"@type":"ListItem","position":1,"name":"Strona g\u0142\u00f3wna","item":"https:\/\/tastysailing.com\/pl\/"},{"@type":"ListItem","position":2,"name":"Jachty","item":"https:\/\/tastysailing.com\/pl\/lodzie\/"},{"@type":"ListItem","position":3,"name":"Jacht Beneteau 43 &#8211; 8\/9 os\u00f3b"}]},{"@type":"WebSite","@id":"https:\/\/tastysailing.com\/pl\/#website","url":"https:\/\/tastysailing.com\/pl\/","name":"Tasty Sailing - Zasmakuj w podr\u00f3\u017cy!","description":"Kulinarne podr\u00f3\u017ce po Grecji","potentialAction":[{"@type":"SearchAction","target":{"@type":"EntryPoint","urlTemplate":"https:\/\/tastysailing.com\/pl\/?s={search_term_string}"},"query-input":{"@type":"PropertyValueSpecification","valueRequired":true,"valueName":"search_term_string"}}],"inLanguage":"pl-PL"}]}},"_links":{"self":[{"href":"https:\/\/tastysailing.com\/pl\/wp-json\/wp\/v2\/pages\/553","targetHints":{"allow":["GET"]}}],"collection":[{"href":"https:\/\/tastysailing.com\/pl\/wp-json\/wp\/v2\/pages"}],"about":[{"href":"https:\/\/tastysailing.com\/pl\/wp-json\/wp\/v2\/types\/page"}],"author":[{"embeddable":true,"href":"https:\/\/tastysailing.com\/pl\/wp-json\/wp\/v2\/users\/1"}],"replies":[{"embeddable":true,"href":"https:\/\/tastysailing.com\/pl\/wp-json\/wp\/v2\/comments?post=553"}],"version-history":[{"count":1,"href":"https:\/\/tastysailing.com\/pl\/wp-json\/wp\/v2\/pages\/553\/revisions"}],"predecessor-version":[{"id":1424,"href":"https:\/\/tastysailing.com\/pl\/wp-json\/wp\/v2\/pages\/553\/revisions\/1424"}],"up":[{"embeddable":true,"href":"https:\/\/tastysailing.com\/pl\/wp-json\/wp\/v2\/pages\/545"}],"wp:attachment":[{"href":"https:\/\/tastysailing.com\/pl\/wp-json\/wp\/v2\/media?parent=553"}],"curies":[{"name":"wp","href":"https:\/\/api.w.org\/{rel}","templated":true}]}}