{"id":541,"date":"2016-02-27T10:46:43","date_gmt":"2016-02-27T09:46:43","guid":{"rendered":"http:\/\/tastysailing.com\/pl\/?page_id=541"},"modified":"2016-02-27T10:46:43","modified_gmt":"2016-02-27T09:46:43","slug":"zakwaterowanie","status":"publish","type":"page","link":"https:\/\/tastysailing.com\/pl\/zakwaterowanie\/","title":{"rendered":"Ekoturystyka \u2013 z 3 oddzielnymi domami Kea, Cyklady, Grecja."},"content":{"rendered":"<p>[et_pb_section admin_label=&#8221;section&#8221; transparent_background=&#8221;off&#8221; allow_player_pause=&#8221;off&#8221; inner_shadow=&#8221;off&#8221; parallax=&#8221;off&#8221; parallax_method=&#8221;off&#8221; custom_padding=&#8221;||0px|&#8221; padding_mobile=&#8221;off&#8221; make_fullwidth=&#8221;off&#8221; use_custom_width=&#8221;off&#8221; width_unit=&#8221;on&#8221; make_equal=&#8221;off&#8221; use_custom_gutter=&#8221;off&#8221;][et_pb_row admin_label=&#8221;row&#8221;][et_pb_column type=&#8221;1_2&#8243;][et_pb_image admin_label=&#8221;Obraz&#8221; src=&#8221;http:\/\/tastysailing.com\/wp-content\/uploads\/2016\/02\/IMAG1305-1.jpg&#8221; show_in_lightbox=&#8221;off&#8221; url_new_window=&#8221;off&#8221; use_overlay=&#8221;off&#8221; animation=&#8221;left&#8221; sticky=&#8221;off&#8221; align=&#8221;left&#8221; force_fullwidth=&#8221;off&#8221; always_center_on_mobile=&#8221;on&#8221; use_border_color=&#8221;off&#8221; border_color=&#8221;#ffffff&#8221; border_style=&#8221;solid&#8221;] [\/et_pb_image][\/et_pb_column][et_pb_column type=&#8221;1_2&#8243;][et_pb_text admin_label=&#8221;Tekst&#8221; background_layout=&#8221;light&#8221; text_orientation=&#8221;left&#8221; use_border_color=&#8221;off&#8221; border_color=&#8221;#ffffff&#8221; border_style=&#8221;solid&#8221;]<\/p>\n<h3 style=\"line-height: 1.4em\">Ekoturystyka \u2013 dzia\u0142ka 12 000 m<sup>2<\/sup>, z 3 oddzielnymi domami na wyspie Kea, Cyklady, Grecja.<\/h3>\n<p><strong>Ukryty raj w samym \u015brodku wyspy Kea \u2013 to rejon \u201eSklavonikola\u201d, nazywany r\u00f3wnie\u017c \u201eObserwatorium\u201d, bo to wysoko po\u0142o\u017cone miejsce jest idealne do obserwowania ca\u0142ej wyspy!\u00a0<\/strong><\/p>\n<p>Dost\u0119p z Aten jest \u0142atwy i wygodny. Podr\u00f3\u017c taks\u00f3wk\u0105 lub \u015brodkami transportu publicznego z ate\u0144skiego lotniska do portu w Lavrion, sk\u0105d odp\u0142ywaj\u0105 promy, zajmie oko\u0142o 20 minut. Na wysp\u0119 Kea \u2013 do urokliwego portu Korrisia \u2013 p\u0142ynie si\u0119 godzin\u0119. O\u015brodek znajduje si\u0119 9 km od portu i bez k\u0142opotu dojedziesz tam np. taks\u00f3wk\u0105 lub samochodem, kt\u00f3ry mo\u017cna wypo\u017cyczy\u0107 na wyspie.<br \/>\nTeren, na kt\u00f3rym znajduj\u0105 si\u0119 nieruchomo\u015bci ma powierzchni\u0119 12 000 m<sup>2<\/sup> i znajduje si\u0119 w odleg\u0142o\u015bci 3,5 km od stolicy wyspy \u2013 Ioulida. Warto si\u0119 do niej wybra\u0107, ze wzgl\u0119du na spektakularne widoki, jakie si\u0119 stamt\u0105d roztaczaj\u0105 na rozci\u0105gaj\u0105ce si\u0119 wok\u00f3\u0142 morze. Urokliwe s\u0105 tak\u017ce tradycyjne domy z charakterystycznymi tarasami i dachami, tworz\u0105ce niezwyk\u0142y kompleks. Niemal nic si\u0119 nie zmieni\u0142o od wiek\u00f3w\u2026 Tawerny, ma\u0142e kawiarnie, ko\u015bcio\u0142y, wszystko to razem tworzy niepowtarzaln\u0105 atmosfer\u0119.<br \/>\nNa tej pi\u0119knej wyspie mo\u017cesz te\u017c korzysta\u0107 z malowniczych pla\u017c, zapewniaj\u0105cych przyjemny relaks. Natomiast w okolicy, w kt\u00f3rej po\u0142o\u017cony jest o\u015brodek, skorzystasz z urok\u00f3w tego, co Grecy nazywaj\u0105 \u201eTzia\u201d (to tak\u017ce popularna nazwa wyspy Kea) czyli wsi, z widokiem na g\u00f3ry poro\u015bni\u0119te lasami d\u0119bowymi. Po\u0142o\u017cona na ma\u0142ym p\u0142askowy\u017cu w samym centrum wyspy jest \u015bwietnym punktem wypadowym do wielu ciekawych miejsc.<br \/>\nCzy jeszcze czego\u015b potrzeba? Chyba tylko \u015bwie\u017cego powiewu powietrza, nocy pod rozgwie\u017cd\u017conym niebem, absolutnego spokoju i naturalnego pi\u0119kna \u2013 i to wszystko tu znajdziecie.<\/p>\n<p>[\/et_pb_text][\/et_pb_column][\/et_pb_row][\/et_pb_section][et_pb_section admin_label=&#8221;Sekcja&#8221; fullwidth=&#8221;off&#8221; specialty=&#8221;off&#8221; transparent_background=&#8221;off&#8221; allow_player_pause=&#8221;off&#8221; inner_shadow=&#8221;off&#8221; parallax=&#8221;off&#8221; parallax_method=&#8221;off&#8221; custom_padding=&#8221;0px|||&#8221; padding_mobile=&#8221;off&#8221; make_fullwidth=&#8221;off&#8221; use_custom_width=&#8221;off&#8221; width_unit=&#8221;on&#8221; make_equal=&#8221;off&#8221; use_custom_gutter=&#8221;off&#8221;][et_pb_row admin_label=&#8221;Wiersz&#8221;][et_pb_column type=&#8221;1_2&#8243;][et_pb_text admin_label=&#8221;Tekst&#8221; background_layout=&#8221;light&#8221; text_orientation=&#8221;left&#8221; use_border_color=&#8221;off&#8221; border_color=&#8221;#ffffff&#8221; border_style=&#8221;solid&#8221;]<\/p>\n<h3>Dom 1 (dla\u00a04 os\u00f3b)<\/h3>\n<h5>Powierzchnia u\u017cytkowa: 140m<sup>2<\/sup><\/h5>\n<p>Dom sk\u0142ada si\u0119 z: pokoju dziennego, 2 sypialni, gabinetu, kuchni, 1 \u0142azienki, dodatkowej toalety oraz niewielkiego schowka.<br \/>\nG\u0142\u00f3wne drzwi wej\u015bciowe prowadz\u0105 do przestronnego salonu z kominkiem wykonanym z lokalnego kamienia (\u0142upek) przez miejscowych rzemie\u015blnik\u00f3w. Dom zapewnia wygodne oddzielne funkcjonowanie 2 parom, a nawet wi\u0119kszej liczbie os\u00f3b.<br \/>\n<strong>UWAGA:<\/strong> : istnieje r\u00f3wnie\u017c mo\u017cliwo\u015b\u0107 korzystania z dodatkowej niezale\u017cnej sypialni (20m<sup>2<\/sup>) z \u0142azienk\u0105.<br \/>\nCena:<strong>120 \u20ac<\/strong>\/dzie\u0144<\/p>\n<h3>Dom 2\u00a0pi\u0119tro\u00a0(dla\u00a04 os\u00f3b)<\/h3>\n<h5>Powierzchnia u\u017cytkowa: 80m<sup>2<\/sup><\/h5>\n<p>Dom sk\u0142ada si\u0119 z: salonu, sypialni, pomieszczenia gospodarczego, kuchni i \u0142azienki. Pomie\u015bci dwie pary. Do salonu wchodzimy z dziedzi\u0144ca zacienionego d\u0119bem, sk\u0105d rozci\u0105ga si\u0119 widok na g\u00f3ry.<br \/>\nCena: <strong>90 \u20ac<\/strong>\/dzie\u0144<\/p>\n<h3>Dom 3\u00a0(dla\u00a04 os\u00f3b)<\/h3>\n<h5>Powierzchnia u\u017cytkowa: 60m<sup>2<\/sup><\/h5>\n<p>Urocza przestrze\u0144, z podw\u00f3jnym \u0142\u00f3\u017ckiem, otwart\u0105 kuchni\u0105 i du\u017c\u0105 \u0142azienk\u0105. Drewniany strych z podw\u00f3jnym \u0142\u00f3\u017ckiem tworzy przytuln\u0105 atmosfer\u0119<br \/>\nCena: <strong>70 \u20ac<\/strong>\/dzie\u0144<\/p>\n<p>[\/et_pb_text][\/et_pb_column][et_pb_column type=&#8221;1_2&#8243;][et_pb_image admin_label=&#8221;Obraz&#8221; src=&#8221;http:\/\/tastysailing.com\/wp-content\/uploads\/2016\/02\/IMAG1346.jpg&#8221; show_in_lightbox=&#8221;off&#8221; url_new_window=&#8221;off&#8221; use_overlay=&#8221;off&#8221; animation=&#8221;right&#8221; sticky=&#8221;off&#8221; align=&#8221;left&#8221; force_fullwidth=&#8221;off&#8221; always_center_on_mobile=&#8221;on&#8221; use_border_color=&#8221;off&#8221; border_color=&#8221;#ffffff&#8221; border_style=&#8221;solid&#8221;] [\/et_pb_image][\/et_pb_column][\/et_pb_row][\/et_pb_section][et_pb_section admin_label=&#8221;Sekcja&#8221; global_module=&#8221;861&#8243; fullwidth=&#8221;off&#8221; specialty=&#8221;off&#8221; transparent_background=&#8221;off&#8221; allow_player_pause=&#8221;off&#8221; inner_shadow=&#8221;off&#8221; parallax=&#8221;off&#8221; parallax_method=&#8221;off&#8221; padding_mobile=&#8221;off&#8221; make_fullwidth=&#8221;off&#8221; use_custom_width=&#8221;off&#8221; width_unit=&#8221;on&#8221; make_equal=&#8221;off&#8221; use_custom_gutter=&#8221;off&#8221; custom_padding=&#8221;0px||0px|&#8221;][et_pb_row global_parent=&#8221;861&#8243; admin_label=&#8221;Wiersz&#8221; make_fullwidth=&#8221;off&#8221; use_custom_width=&#8221;off&#8221; width_unit=&#8221;on&#8221; use_custom_gutter=&#8221;off&#8221; custom_padding=&#8221;0px||0px|&#8221; padding_mobile=&#8221;off&#8221; custom_margin=&#8221;0px||0px|&#8221; allow_player_pause=&#8221;off&#8221; parallax=&#8221;off&#8221; parallax_method=&#8221;off&#8221; make_equal=&#8221;off&#8221; parallax_1=&#8221;off&#8221; parallax_method_1=&#8221;off&#8221; padding_top_1=&#8221;0px&#8221; padding_bottom_1=&#8221;0px&#8221; column_padding_mobile=&#8221;on&#8221;][et_pb_column type=&#8221;4_4&#8243;][et_pb_code global_parent=&#8221;861&#8243; admin_label=&#8221;Social Share&#8221;]&lt;!&#8211; Go to www.addthis.com\/dashboard to customize your tools &#8211;&gt; &lt;div class=&#8221;addthis_sharing_toolbox&#8221;&gt;&lt;\/div&gt;[\/et_pb_code][\/et_pb_column][\/et_pb_row][\/et_pb_section][et_pb_section admin_label=&#8221;Sekcja&#8221; fullwidth=&#8221;off&#8221; specialty=&#8221;off&#8221; transparent_background=&#8221;off&#8221; allow_player_pause=&#8221;off&#8221; inner_shadow=&#8221;off&#8221; parallax=&#8221;off&#8221; parallax_method=&#8221;off&#8221; custom_padding=&#8221;0px|||&#8221; padding_mobile=&#8221;off&#8221; make_fullwidth=&#8221;off&#8221; use_custom_width=&#8221;off&#8221; width_unit=&#8221;on&#8221; make_equal=&#8221;off&#8221; use_custom_gutter=&#8221;off&#8221;][et_pb_row admin_label=&#8221;Wiersz&#8221; make_fullwidth=&#8221;off&#8221; use_custom_width=&#8221;off&#8221; width_unit=&#8221;on&#8221; use_custom_gutter=&#8221;off&#8221; padding_mobile=&#8221;off&#8221; allow_player_pause=&#8221;off&#8221; parallax=&#8221;off&#8221; parallax_method=&#8221;off&#8221; make_equal=&#8221;off&#8221; parallax_1=&#8221;off&#8221; parallax_method_1=&#8221;off&#8221; column_padding_mobile=&#8221;on&#8221;][et_pb_column type=&#8221;4_4&#8243;][et_pb_gallery admin_label=&#8221;Galeria&#8221; gallery_ids=&#8221;921,911,909,932,919,910,928,913,914,912,916,917,918,920,922,923,924,925,926,927,929,931,933,934,930,935&#8243; fullwidth=&#8221;off&#8221; posts_number=&#8221;6&#8243; show_title_and_caption=&#8221;off&#8221; show_pagination=&#8221;on&#8221; background_layout=&#8221;light&#8221; auto=&#8221;off&#8221; hover_overlay_color=&#8221;rgba(255,255,255,0.9)&#8221; caption_all_caps=&#8221;off&#8221; use_border_color=&#8221;off&#8221; border_color=&#8221;#ffffff&#8221; border_style=&#8221;solid&#8221;] [\/et_pb_gallery][\/et_pb_column][\/et_pb_row][\/et_pb_section]<\/p>\n","protected":false},"excerpt":{"rendered":"<p>[et_pb_section admin_label=&#8221;section&#8221; transparent_background=&#8221;off&#8221; allow_player_pause=&#8221;off&#8221; inner_shadow=&#8221;off&#8221; parallax=&#8221;off&#8221; parallax_method=&#8221;off&#8221; custom_padding=&#8221;||0px|&#8221; padding_mobile=&#8221;off&#8221; make_fullwidth=&#8221;off&#8221; use_custom_width=&#8221;off&#8221; width_unit=&#8221;on&#8221; make_equal=&#8221;off&#8221; use_custom_gutter=&#8221;off&#8221;][et_pb_row admin_label=&#8221;row&#8221;][et_pb_column type=&#8221;1_2&#8243;][et_pb_image admin_label=&#8221;Obraz&#8221; src=&#8221;http:\/\/tastysailing.com\/wp-content\/uploads\/2016\/02\/IMAG1305-1.jpg&#8221; show_in_lightbox=&#8221;off&#8221; url_new_window=&#8221;off&#8221; use_overlay=&#8221;off&#8221; animation=&#8221;left&#8221; sticky=&#8221;off&#8221; align=&#8221;left&#8221; force_fullwidth=&#8221;off&#8221; always_center_on_mobile=&#8221;on&#8221; use_border_color=&#8221;off&#8221; border_color=&#8221;#ffffff&#8221; border_style=&#8221;solid&#8221;] [\/et_pb_image][\/et_pb_column][et_pb_column type=&#8221;1_2&#8243;][et_pb_text admin_label=&#8221;Tekst&#8221; background_layout=&#8221;light&#8221; text_orientation=&#8221;left&#8221; use_border_color=&#8221;off&#8221; border_color=&#8221;#ffffff&#8221; border_style=&#8221;solid&#8221;] Ekoturystyka \u2013 dzia\u0142ka 12 000 m2, z 3 oddzielnymi domami na wyspie Kea, Cyklady, Grecja. Ukryty raj w [&hellip;]<\/p>\n","protected":false},"author":1,"featured_media":0,"parent":0,"menu_order":0,"comment_status":"closed","ping_status":"closed","template":"","meta":{"footnotes":""},"class_list":["post-541","page","type-page","status-publish","hentry"],"yoast_head":"<!-- This site is optimized with the Yoast SEO plugin v23.9 - https:\/\/yoast.com\/wordpress\/plugins\/seo\/ -->\n<title>Ekoturystyka \u2013 z 3 oddzielnymi domami Kea, Cyklady, Grecja. - Tasty Sailing - Zasmakuj w podr\u00f3\u017cy!<\/title>\n<meta name=\"robots\" content=\"index, follow, max-snippet:-1, max-image-preview:large, max-video-preview:-1\" \/>\n<link rel=\"canonical\" href=\"https:\/\/tastysailing.com\/pl\/zakwaterowanie\/\" \/>\n<meta property=\"og:locale\" content=\"pl_PL\" \/>\n<meta property=\"og:type\" content=\"article\" \/>\n<meta property=\"og:title\" content=\"Ekoturystyka \u2013 z 3 oddzielnymi domami Kea, Cyklady, Grecja. - Tasty Sailing - Zasmakuj w podr\u00f3\u017cy!\" \/>\n<meta property=\"og:description\" content=\"[et_pb_section admin_label=&#8221;section&#8221; transparent_background=&#8221;off&#8221; allow_player_pause=&#8221;off&#8221; inner_shadow=&#8221;off&#8221; parallax=&#8221;off&#8221; parallax_method=&#8221;off&#8221; custom_padding=&#8221;||0px|&#8221; padding_mobile=&#8221;off&#8221; make_fullwidth=&#8221;off&#8221; use_custom_width=&#8221;off&#8221; width_unit=&#8221;on&#8221; make_equal=&#8221;off&#8221; use_custom_gutter=&#8221;off&#8221;][et_pb_row admin_label=&#8221;row&#8221;][et_pb_column type=&#8221;1_2&#8243;][et_pb_image admin_label=&#8221;Obraz&#8221; src=&#8221;http:\/\/tastysailing.com\/wp-content\/uploads\/2016\/02\/IMAG1305-1.jpg&#8221; show_in_lightbox=&#8221;off&#8221; url_new_window=&#8221;off&#8221; use_overlay=&#8221;off&#8221; animation=&#8221;left&#8221; sticky=&#8221;off&#8221; align=&#8221;left&#8221; force_fullwidth=&#8221;off&#8221; always_center_on_mobile=&#8221;on&#8221; use_border_color=&#8221;off&#8221; border_color=&#8221;#ffffff&#8221; border_style=&#8221;solid&#8221;] [\/et_pb_image][\/et_pb_column][et_pb_column type=&#8221;1_2&#8243;][et_pb_text admin_label=&#8221;Tekst&#8221; background_layout=&#8221;light&#8221; text_orientation=&#8221;left&#8221; use_border_color=&#8221;off&#8221; border_color=&#8221;#ffffff&#8221; border_style=&#8221;solid&#8221;] Ekoturystyka \u2013 dzia\u0142ka 12 000 m2, z 3 oddzielnymi domami na wyspie Kea, Cyklady, Grecja. Ukryty raj w [&hellip;]\" \/>\n<meta property=\"og:url\" content=\"https:\/\/tastysailing.com\/pl\/zakwaterowanie\/\" \/>\n<meta property=\"og:site_name\" content=\"Tasty Sailing - Zasmakuj w podr\u00f3\u017cy!\" \/>\n<meta name=\"twitter:card\" content=\"summary_large_image\" \/>\n<meta name=\"twitter:label1\" content=\"Szacowany czas czytania\" \/>\n\t<meta name=\"twitter:data1\" content=\"5 minut\" \/>\n<script type=\"application\/ld+json\" class=\"yoast-schema-graph\">{\"@context\":\"https:\/\/schema.org\",\"@graph\":[{\"@type\":\"WebPage\",\"@id\":\"https:\/\/tastysailing.com\/pl\/zakwaterowanie\/\",\"url\":\"https:\/\/tastysailing.com\/pl\/zakwaterowanie\/\",\"name\":\"Ekoturystyka \u2013 z 3 oddzielnymi domami Kea, Cyklady, Grecja. - Tasty Sailing - Zasmakuj w podr\u00f3\u017cy!\",\"isPartOf\":{\"@id\":\"https:\/\/tastysailing.com\/pl\/#website\"},\"datePublished\":\"2016-02-27T09:46:43+00:00\",\"dateModified\":\"2016-02-27T09:46:43+00:00\",\"breadcrumb\":{\"@id\":\"https:\/\/tastysailing.com\/pl\/zakwaterowanie\/#breadcrumb\"},\"inLanguage\":\"pl-PL\",\"potentialAction\":[{\"@type\":\"ReadAction\",\"target\":[\"https:\/\/tastysailing.com\/pl\/zakwaterowanie\/\"]}]},{\"@type\":\"BreadcrumbList\",\"@id\":\"https:\/\/tastysailing.com\/pl\/zakwaterowanie\/#breadcrumb\",\"itemListElement\":[{\"@type\":\"ListItem\",\"position\":1,\"name\":\"Strona g\u0142\u00f3wna\",\"item\":\"https:\/\/tastysailing.com\/pl\/\"},{\"@type\":\"ListItem\",\"position\":2,\"name\":\"Ekoturystyka \u2013 z 3 oddzielnymi domami Kea, Cyklady, Grecja.\"}]},{\"@type\":\"WebSite\",\"@id\":\"https:\/\/tastysailing.com\/pl\/#website\",\"url\":\"https:\/\/tastysailing.com\/pl\/\",\"name\":\"Tasty Sailing - Zasmakuj w podr\u00f3\u017cy!\",\"description\":\"Kulinarne podr\u00f3\u017ce po Grecji\",\"potentialAction\":[{\"@type\":\"SearchAction\",\"target\":{\"@type\":\"EntryPoint\",\"urlTemplate\":\"https:\/\/tastysailing.com\/pl\/?s={search_term_string}\"},\"query-input\":{\"@type\":\"PropertyValueSpecification\",\"valueRequired\":true,\"valueName\":\"search_term_string\"}}],\"inLanguage\":\"pl-PL\"}]}<\/script>\n<!-- \/ Yoast SEO plugin. -->","yoast_head_json":{"title":"Ekoturystyka \u2013 z 3 oddzielnymi domami Kea, Cyklady, Grecja. - Tasty Sailing - Zasmakuj w podr\u00f3\u017cy!","robots":{"index":"index","follow":"follow","max-snippet":"max-snippet:-1","max-image-preview":"max-image-preview:large","max-video-preview":"max-video-preview:-1"},"canonical":"https:\/\/tastysailing.com\/pl\/zakwaterowanie\/","og_locale":"pl_PL","og_type":"article","og_title":"Ekoturystyka \u2013 z 3 oddzielnymi domami Kea, Cyklady, Grecja. - Tasty Sailing - Zasmakuj w podr\u00f3\u017cy!","og_description":"[et_pb_section admin_label=&#8221;section&#8221; transparent_background=&#8221;off&#8221; allow_player_pause=&#8221;off&#8221; inner_shadow=&#8221;off&#8221; parallax=&#8221;off&#8221; parallax_method=&#8221;off&#8221; custom_padding=&#8221;||0px|&#8221; padding_mobile=&#8221;off&#8221; make_fullwidth=&#8221;off&#8221; use_custom_width=&#8221;off&#8221; width_unit=&#8221;on&#8221; make_equal=&#8221;off&#8221; use_custom_gutter=&#8221;off&#8221;][et_pb_row admin_label=&#8221;row&#8221;][et_pb_column type=&#8221;1_2&#8243;][et_pb_image admin_label=&#8221;Obraz&#8221; src=&#8221;http:\/\/tastysailing.com\/wp-content\/uploads\/2016\/02\/IMAG1305-1.jpg&#8221; show_in_lightbox=&#8221;off&#8221; url_new_window=&#8221;off&#8221; use_overlay=&#8221;off&#8221; animation=&#8221;left&#8221; sticky=&#8221;off&#8221; align=&#8221;left&#8221; force_fullwidth=&#8221;off&#8221; always_center_on_mobile=&#8221;on&#8221; use_border_color=&#8221;off&#8221; border_color=&#8221;#ffffff&#8221; border_style=&#8221;solid&#8221;] [\/et_pb_image][\/et_pb_column][et_pb_column type=&#8221;1_2&#8243;][et_pb_text admin_label=&#8221;Tekst&#8221; background_layout=&#8221;light&#8221; text_orientation=&#8221;left&#8221; use_border_color=&#8221;off&#8221; border_color=&#8221;#ffffff&#8221; border_style=&#8221;solid&#8221;] Ekoturystyka \u2013 dzia\u0142ka 12 000 m2, z 3 oddzielnymi domami na wyspie Kea, Cyklady, Grecja. Ukryty raj w [&hellip;]","og_url":"https:\/\/tastysailing.com\/pl\/zakwaterowanie\/","og_site_name":"Tasty Sailing - Zasmakuj w podr\u00f3\u017cy!","twitter_card":"summary_large_image","twitter_misc":{"Szacowany czas czytania":"5 minut"},"schema":{"@context":"https:\/\/schema.org","@graph":[{"@type":"WebPage","@id":"https:\/\/tastysailing.com\/pl\/zakwaterowanie\/","url":"https:\/\/tastysailing.com\/pl\/zakwaterowanie\/","name":"Ekoturystyka \u2013 z 3 oddzielnymi domami Kea, Cyklady, Grecja. - Tasty Sailing - Zasmakuj w podr\u00f3\u017cy!","isPartOf":{"@id":"https:\/\/tastysailing.com\/pl\/#website"},"datePublished":"2016-02-27T09:46:43+00:00","dateModified":"2016-02-27T09:46:43+00:00","breadcrumb":{"@id":"https:\/\/tastysailing.com\/pl\/zakwaterowanie\/#breadcrumb"},"inLanguage":"pl-PL","potentialAction":[{"@type":"ReadAction","target":["https:\/\/tastysailing.com\/pl\/zakwaterowanie\/"]}]},{"@type":"BreadcrumbList","@id":"https:\/\/tastysailing.com\/pl\/zakwaterowanie\/#breadcrumb","itemListElement":[{"@type":"ListItem","position":1,"name":"Strona g\u0142\u00f3wna","item":"https:\/\/tastysailing.com\/pl\/"},{"@type":"ListItem","position":2,"name":"Ekoturystyka \u2013 z 3 oddzielnymi domami Kea, Cyklady, Grecja."}]},{"@type":"WebSite","@id":"https:\/\/tastysailing.com\/pl\/#website","url":"https:\/\/tastysailing.com\/pl\/","name":"Tasty Sailing - Zasmakuj w podr\u00f3\u017cy!","description":"Kulinarne podr\u00f3\u017ce po Grecji","potentialAction":[{"@type":"SearchAction","target":{"@type":"EntryPoint","urlTemplate":"https:\/\/tastysailing.com\/pl\/?s={search_term_string}"},"query-input":{"@type":"PropertyValueSpecification","valueRequired":true,"valueName":"search_term_string"}}],"inLanguage":"pl-PL"}]}},"_links":{"self":[{"href":"https:\/\/tastysailing.com\/pl\/wp-json\/wp\/v2\/pages\/541","targetHints":{"allow":["GET"]}}],"collection":[{"href":"https:\/\/tastysailing.com\/pl\/wp-json\/wp\/v2\/pages"}],"about":[{"href":"https:\/\/tastysailing.com\/pl\/wp-json\/wp\/v2\/types\/page"}],"author":[{"embeddable":true,"href":"https:\/\/tastysailing.com\/pl\/wp-json\/wp\/v2\/users\/1"}],"replies":[{"embeddable":true,"href":"https:\/\/tastysailing.com\/pl\/wp-json\/wp\/v2\/comments?post=541"}],"version-history":[{"count":0,"href":"https:\/\/tastysailing.com\/pl\/wp-json\/wp\/v2\/pages\/541\/revisions"}],"wp:attachment":[{"href":"https:\/\/tastysailing.com\/pl\/wp-json\/wp\/v2\/media?parent=541"}],"curies":[{"name":"wp","href":"https:\/\/api.w.org\/{rel}","templated":true}]}}