{"id":1166,"date":"2017-02-02T16:53:19","date_gmt":"2017-02-02T15:53:19","guid":{"rendered":"http:\/\/tastysailing.com\/pl\/?page_id=1166"},"modified":"2017-04-19T23:12:57","modified_gmt":"2017-04-19T21:12:57","slug":"jacht-ocean-star-51-2-910-osob","status":"publish","type":"page","link":"https:\/\/tastysailing.com\/pl\/lodzie\/jacht-ocean-star-51-2-910-osob\/","title":{"rendered":"Jacht Ocean Star 51.2 &#8211; 10\/11os\u00f3b"},"content":{"rendered":"<p>[et_pb_section admin_label=&#8221;section&#8221; transparent_background=&#8221;off&#8221; allow_player_pause=&#8221;off&#8221; inner_shadow=&#8221;off&#8221; parallax=&#8221;off&#8221; parallax_method=&#8221;off&#8221; custom_padding=&#8221;||0px|&#8221; padding_mobile=&#8221;off&#8221; make_fullwidth=&#8221;off&#8221; use_custom_width=&#8221;off&#8221; width_unit=&#8221;on&#8221; make_equal=&#8221;off&#8221; use_custom_gutter=&#8221;off&#8221;][et_pb_row admin_label=&#8221;Wiersz&#8221;][et_pb_column type=&#8221;1_2&#8243;][et_pb_image admin_label=&#8221;ocean star 51.2&#8243; src=&#8221;http:\/\/tastysailing.com\/pl\/wp-content\/uploads\/sites\/2\/2017\/02\/podstawowe.jpg&#8221; show_in_lightbox=&#8221;on&#8221; url_new_window=&#8221;off&#8221; use_overlay=&#8221;off&#8221; animation=&#8221;left&#8221; sticky=&#8221;off&#8221; align=&#8221;left&#8221; force_fullwidth=&#8221;off&#8221; always_center_on_mobile=&#8221;on&#8221; use_border_color=&#8221;off&#8221; border_color=&#8221;#ffffff&#8221; border_style=&#8221;solid&#8221;] [\/et_pb_image][\/et_pb_column][et_pb_column type=&#8221;1_2&#8243;][et_pb_text admin_label=&#8221;Tekst&#8221; background_layout=&#8221;light&#8221; text_orientation=&#8221;left&#8221; use_border_color=&#8221;off&#8221; border_color=&#8221;#ffffff&#8221; border_style=&#8221;solid&#8221; module_class=&#8221;text-right&#8221;]<\/p>\n<h1>Jacht Ocean Star 51.2<\/h1>\n<p>Rok: <b>2000<\/b> ( odremontowany w <b>2012<\/b> )<\/p>\n<p>D\u0142ugo\u015b\u0107: <b>15.95 m<\/b><\/p>\n<p>Za\u0142oga: <strong>ze skipperem \/ lub bez<\/strong><\/p>\n<p>Start: <b>Ateny<\/b><\/p>\n<p>Ilo\u015b\u0107 kabin: <b>4 + 1<\/b><\/p>\n<p>Prysznic \/ WC: <b>4 +1<br \/>\n<\/b><\/p>\n<p>Ilo\u015b\u0107 koi: <b>maksymalnie 11 os\u00f3b<br \/>\n<\/b><\/p>\n<div class='et-box et-shadow'>\n\t\t\t\t\t<div class='et-box-content'><table>\n<tbody>\n<tr>\n<td>Stawki tygodniowe<\/td>\n<td>Kwiecie\u0144 Pa\u017adziernik<\/td>\n<td>Maj, Czerwiec Wrzesie\u0144<\/td>\n<td>Lipiec Sierpie\u0144<\/td>\n<\/tr>\n<tr>\n<td><strong>za \u0142\u00f3d\u017a\n<\/strong><\/td>\n<td><strong>2250 \u20ac<\/strong><\/td>\n<td colspan=\"2\"><strong><a title=\"zapytaj o indywidualn\u0105 ofert\u0119\" href=\"http:\/\/tastysailing.com\/pl\/kontakt\/\">zapytaj o indywidualn\u0105 ofert\u0119<\/a><\/strong><\/td>\n<\/tr>\n<\/tbody>\n<\/table>\n<p>Rabat: 5% wczesna rezerwacja przed 31 stycznia \/ 10% stali klienci<\/p>\n<p>+ Skipper 150 \u20ac \/ dzie\u0144<\/p><\/div><\/div> [\/et_pb_text][\/et_pb_column][\/et_pb_row][et_pb_row admin_label=&#8221;row&#8221;][et_pb_column type=&#8221;4_4&#8243;][et_pb_gallery admin_label=&#8221;Galeria&#8221; gallery_ids=&#8221;1170,1174,1175,1171,1172,1173&#8243; fullwidth=&#8221;off&#8221; show_title_and_caption=&#8221;off&#8221; show_pagination=&#8221;on&#8221; background_layout=&#8221;light&#8221; auto=&#8221;off&#8221; hover_overlay_color=&#8221;rgba(255,255,255,0.9)&#8221; caption_all_caps=&#8221;off&#8221; use_border_color=&#8221;off&#8221; border_color=&#8221;#ffffff&#8221; border_style=&#8221;solid&#8221; posts_number=&#8221;6&#8243;] [\/et_pb_gallery][\/et_pb_column][\/et_pb_row][\/et_pb_section][et_pb_section admin_label=&#8221;Sekcja&#8221; global_module=&#8221;861&#8243; transparent_background=&#8221;off&#8221; allow_player_pause=&#8221;off&#8221; inner_shadow=&#8221;off&#8221; parallax=&#8221;off&#8221; parallax_method=&#8221;off&#8221; custom_padding=&#8221;0px||0px|&#8221; padding_mobile=&#8221;off&#8221; make_fullwidth=&#8221;off&#8221; use_custom_width=&#8221;off&#8221; width_unit=&#8221;on&#8221; make_equal=&#8221;off&#8221; use_custom_gutter=&#8221;off&#8221; fullwidth=&#8221;off&#8221; specialty=&#8221;off&#8221; disabled=&#8221;off&#8221;][et_pb_row global_parent=&#8221;861&#8243; admin_label=&#8221;Wiersz&#8221; make_fullwidth=&#8221;off&#8221; use_custom_width=&#8221;off&#8221; width_unit=&#8221;on&#8221; custom_width_px=&#8221;1080px&#8221; custom_width_percent=&#8221;80%&#8221; use_custom_gutter=&#8221;off&#8221; gutter_width=&#8221;3&#8243; custom_padding=&#8221;0px||0px|&#8221; padding_mobile=&#8221;off&#8221; custom_margin=&#8221;0px||0px|&#8221; allow_player_pause=&#8221;off&#8221; parallax=&#8221;off&#8221; parallax_method=&#8221;off&#8221; make_equal=&#8221;off&#8221; column_padding_mobile=&#8221;on&#8221; padding_top_1=&#8221;0px&#8221; padding_bottom_1=&#8221;0px&#8221; parallax_1=&#8221;off&#8221; parallax_method_1=&#8221;off&#8221; parallax_2=&#8221;off&#8221; parallax_method_2=&#8221;on&#8221; parallax_3=&#8221;off&#8221; parallax_method_3=&#8221;on&#8221; parallax_4=&#8221;off&#8221; parallax_method_4=&#8221;on&#8221; disabled=&#8221;off&#8221;][et_pb_column type=&#8221;4_4&#8243;][et_pb_code global_parent=&#8221;861&#8243; admin_label=&#8221;Social Share&#8221; disabled=&#8221;off&#8221;]&lt;!&#8211; Go to www.addthis.com\/dashboard to customize your tools &#8211;&gt; &lt;div class=&#8221;addthis_sharing_toolbox&#8221;&gt;&lt;\/div&gt;[\/et_pb_code][\/et_pb_column][\/et_pb_row][\/et_pb_section][et_pb_section admin_label=&#8221;Sekcja&#8221; fullwidth=&#8221;off&#8221; specialty=&#8221;off&#8221; transparent_background=&#8221;off&#8221; allow_player_pause=&#8221;off&#8221; inner_shadow=&#8221;off&#8221; parallax=&#8221;off&#8221; parallax_method=&#8221;off&#8221; custom_padding=&#8221;0px|||&#8221; padding_mobile=&#8221;off&#8221; make_fullwidth=&#8221;off&#8221; use_custom_width=&#8221;off&#8221; width_unit=&#8221;on&#8221; make_equal=&#8221;off&#8221; use_custom_gutter=&#8221;off&#8221;][et_pb_row admin_label=&#8221;Wiersz&#8221;][et_pb_column type=&#8221;3_4&#8243;][et_pb_tabs admin_label=&#8221;Zak\u0142adki&#8221; use_border_color=&#8221;off&#8221; border_color=&#8221;#ffffff&#8221; border_style=&#8221;solid&#8221;] [et_pb_tab title=&#8221;PLAN JACHTU&#8221; tab_font_select=&#8221;default&#8221; tab_font=&#8221;||||&#8221; tab_line_height=&#8221;2em&#8221; tab_line_height_tablet=&#8221;2em&#8221; tab_line_height_phone=&#8221;2em&#8221; body_font_select=&#8221;default&#8221; body_font=&#8221;||||&#8221; body_line_height=&#8221;2em&#8221; body_line_height_tablet=&#8221;2em&#8221; body_line_height_phone=&#8221;2em&#8221;] <img loading=\"lazy\" decoding=\"async\" class=\"alignnone size-full wp-image-1179\" src=\"http:\/\/zoomdes.nazwa.pl\/domeny_wordpress\/tastysailing\/pl\/wp-content\/uploads\/sites\/2\/2017\/02\/plan_ocean_star.jpg\" alt=\"plan_ocean_star\" width=\"702\" height=\"442\" srcset=\"https:\/\/tastysailing.com\/pl\/wp-content\/uploads\/sites\/2\/2017\/02\/plan_ocean_star.jpg 702w, https:\/\/tastysailing.com\/pl\/wp-content\/uploads\/sites\/2\/2017\/02\/plan_ocean_star-300x189.jpg 300w\" sizes=\"auto, (max-width: 702px) 100vw, 702px\" \/> [\/et_pb_tab][et_pb_tab title=&#8221;DANE TECHNICZNE&#8221; tab_font_select=&#8221;default&#8221; tab_font=&#8221;||||&#8221; tab_line_height=&#8221;2em&#8221; tab_line_height_tablet=&#8221;2em&#8221; tab_line_height_phone=&#8221;2em&#8221; body_font_select=&#8221;default&#8221; body_font=&#8221;||||&#8221; body_line_height=&#8221;2em&#8221; body_line_height_tablet=&#8221;2em&#8221; body_line_height_phone=&#8221;2em&#8221;]<\/p>\n<h3><strong>Jacht Ocean Star 51.2<br \/>\n<\/strong><\/h3>\n<div class='one_half'>\n\t\t\t\t\t<ul>\n<li>Rok: 2000 odnowiony 2012<\/li>\n<li>Max.Pasa\u017cerowie: 10<\/li>\n<li>Rekomendowana ilo\u015b\u0107: 11 os\u00f3b (2 podw\u00f3jne \/ 2 potr\u00f3jne \/1 pojedyncze)<\/li>\n<li>D\u0142ugo\u015b\u0107 ca\u0142kowita: 15.95 m<\/li>\n<li>Szeroko\u015b\u0107: 4,58 m<\/li>\n<li>Zanurzenie: 2,50 m<\/li>\n<li>Zbiornik wodny: 960L<\/li>\n<li>Zbiornik paliwa: 460L<\/li>\n<\/ul>\n<h3>SILNIK<\/h3>\n<ul>\n<ul>\n<li>Yanmar<\/li>\n<li>Moc silnika: 100Hp<\/li>\n<\/ul>\n<\/ul>\n\t\t\t\t<\/div>\n<h3>\u017bAGLE<\/h3>\n<ul>\n<li>Roler grota: Furling Main Sail 2016 (new)<\/li>\n<li>Genua: Furling Genoa 2013<\/li>\n<\/ul>\n<h3>ZAKWATEROWANIE<\/h3>\n<ul>\n<ul>\n<li>4 podw\u00f3jne \u0142\u00f3\u017cka<\/li>\n<li>3 pojedyncze \u0142\u00f3\u017cka<\/li>\n<li>1 St\u00f3\u0142 w salonie przekszta\u0142cany w podw\u00f3jne \u0142\u00f3\u017cko<\/li>\n<li>2 Prysznice<\/li>\n<li>5 Toalety<\/li>\n<li>9 Pasa\u017cer\u00f3w<\/li>\n<\/ul>\n<\/ul>\n<p>[\/et_pb_tab][et_pb_tab title=&#8221;WYPOSA\u017bENIE&#8221; tab_font_select=&#8221;default&#8221; tab_font=&#8221;||||&#8221; tab_line_height=&#8221;2em&#8221; tab_line_height_tablet=&#8221;2em&#8221; tab_line_height_phone=&#8221;2em&#8221; body_font_select=&#8221;default&#8221; body_font=&#8221;||||&#8221; body_line_height=&#8221;2em&#8221; body_line_height_tablet=&#8221;2em&#8221; body_line_height_phone=&#8221;2em&#8221;]<\/p>\n<h3>UDOGODNIENIA<\/h3>\n<div class='one_half'>\n\t\t\t\t\t<ul style=\"padding: 20px;\">\n<li>Gas Stove Oven<\/li>\n<li>2 Steering Wheel<\/li>\n<li>Full Set of Charts<\/li>\n<\/ul>\n<h3>POK\u0141AD<\/h3>\n<ul>\n<li>Bimini<\/li>\n<li>Cockpit Cushions<\/li>\n<li>Cockpit Speakers<\/li>\n<li>All The Safety Equipment For 10 Pax<\/li>\n<li>Cockpit Table<\/li>\n<li>Cockpit Shower<\/li>\n<li>Electric Anchor Windlass<\/li>\n<li>Dinghy<\/li>\n<li>Outboard Engine: Yamaha<\/li>\n<li>Bow Thruster (Vetus)<\/li>\n<li>Swimming ladder<\/li>\n<li>Navigation<\/li>\n<li>Gps: Gps+Plotter (Simrad Navstation)<\/li>\n<li>Autopilot: Simrad Ap11<\/li>\n<li>Wind Instruments<\/li>\n<li>Life Raft: For 10 Pax<\/li>\n<li>2 Anchors<\/li>\n<li>Fire Extinguishers<\/li>\n<li>Teak Decks<\/li>\n<li>Lead Keel<\/li>\n<\/ul>\n\t\t\t\t<\/div>\n<ul>\n<li>Navigation Aids<\/li>\n<li>Greek Waters Pilot<\/li>\n<li>List of lights<\/li>\n<li>Facilities<\/li>\n<li>Hot Water<\/li>\n<li>Radio<\/li>\n<li>CD player<\/li>\n<li>Galley<\/li>\n<li>Galley Fully Equipped<\/li>\n<li>Electric Fridge 12V<\/li>\n<li>Ice box<\/li>\n<\/ul>\n<h3>ELECTRIC<\/h3>\n<ul>\n<li>Power +battery charger, Gangway<\/li>\n<li>Batteries: 5<\/li>\n<li>Pumps: Electric X 6 +Manual<\/li>\n<li>Wind Indicator: Simrad<\/li>\n<li>EPIRB<\/li>\n<li>Wind Indicator: Simrad<\/li>\n<\/ul>\n<p>[\/et_pb_tab] [\/et_pb_tabs][\/et_pb_column][et_pb_column type=&#8221;1_4&#8243;][et_pb_contact_form admin_label=&#8221;Formularz kontaktowy&#8221; global_module=&#8221;631&#8243; saved_tabs=&#8221;all&#8221; captcha=&#8221;off&#8221; email=&#8221;hello@tastysailing.com&#8221; title=&#8221;Napisz do nas!&#8221; use_redirect=&#8221;off&#8221; input_border_radius=&#8221;0&#8243; use_border_color=&#8221;off&#8221; border_color=&#8221;#ffffff&#8221; border_style=&#8221;solid&#8221; custom_button=&#8221;off&#8221; button_letter_spacing=&#8221;0&#8243; button_use_icon=&#8221;default&#8221; button_icon_placement=&#8221;right&#8221; button_on_hover=&#8221;on&#8221; button_letter_spacing_hover=&#8221;0&#8243; module_class=&#8221;contact-box&#8221;] [et_pb_contact_field field_title=&#8221;Imi\u0119&#8221; field_type=&#8221;input&#8221; field_id=&#8221;Name&#8221; required_mark=&#8221;on&#8221; fullwidth_field=&#8221;off&#8221; form_field_font_select=&#8221;default&#8221; form_field_font=&#8221;||||&#8221; use_border_color=&#8221;off&#8221; border_style=&#8221;solid&#8221;] [\/et_pb_contact_field][et_pb_contact_field field_title=&#8221;Email&#8221; field_type=&#8221;email&#8221; field_id=&#8221;Email&#8221; required_mark=&#8221;on&#8221; fullwidth_field=&#8221;off&#8221; form_field_font_select=&#8221;default&#8221; form_field_font=&#8221;||||&#8221; use_border_color=&#8221;off&#8221; border_style=&#8221;solid&#8221;] [\/et_pb_contact_field][et_pb_contact_field field_title=&#8221;Wpisz liczb\u0119 os\u00f3b i preferowan\u0105 dat\u0119 rejsu&#8221; field_type=&#8221;text&#8221; field_id=&#8221;Message&#8221; required_mark=&#8221;on&#8221; fullwidth_field=&#8221;on&#8221; form_field_font_select=&#8221;default&#8221; form_field_font=&#8221;||||&#8221; use_border_color=&#8221;off&#8221; border_style=&#8221;solid&#8221;] [\/et_pb_contact_field] [\/et_pb_contact_form][\/et_pb_column][\/et_pb_row][et_pb_row admin_label=&#8221;Wiersz&#8221;][et_pb_column type=&#8221;4_4&#8243;][et_pb_testimonial admin_label=&#8221;Opinia&#8221; author=&#8221;autor nieznany&#8221; url_new_window=&#8221;off&#8221; quote_icon=&#8221;on&#8221; use_background_color=&#8221;on&#8221; background_color=&#8221;#f5f5f5&#8243; background_layout=&#8221;light&#8221; text_orientation=&#8221;center&#8221; use_border_color=&#8221;off&#8221; border_color=&#8221;#ffffff&#8221; border_style=&#8221;solid&#8221;]<\/p>\n<h3>\u201eNie na pr\u00f3\u017cno jeszcze staro\u017cytni Grecy mawiali, \u017ce morze zmywa wszystkie niedole z duszy cz\u0142owieka&#8230;\u201d<\/h3>\n<p>[\/et_pb_testimonial][\/et_pb_column][\/et_pb_row][\/et_pb_section]<\/p>\n","protected":false},"excerpt":{"rendered":"<p>[et_pb_section admin_label=&#8221;section&#8221; transparent_background=&#8221;off&#8221; allow_player_pause=&#8221;off&#8221; inner_shadow=&#8221;off&#8221; parallax=&#8221;off&#8221; parallax_method=&#8221;off&#8221; custom_padding=&#8221;||0px|&#8221; padding_mobile=&#8221;off&#8221; make_fullwidth=&#8221;off&#8221; use_custom_width=&#8221;off&#8221; width_unit=&#8221;on&#8221; make_equal=&#8221;off&#8221; use_custom_gutter=&#8221;off&#8221;][et_pb_row admin_label=&#8221;Wiersz&#8221;][et_pb_column type=&#8221;1_2&#8243;][et_pb_image admin_label=&#8221;ocean star 51.2&#8243; src=&#8221;http:\/\/tastysailing.com\/pl\/wp-content\/uploads\/sites\/2\/2017\/02\/podstawowe.jpg&#8221; show_in_lightbox=&#8221;on&#8221; url_new_window=&#8221;off&#8221; use_overlay=&#8221;off&#8221; animation=&#8221;left&#8221; sticky=&#8221;off&#8221; align=&#8221;left&#8221; force_fullwidth=&#8221;off&#8221; always_center_on_mobile=&#8221;on&#8221; use_border_color=&#8221;off&#8221; border_color=&#8221;#ffffff&#8221; border_style=&#8221;solid&#8221;] [\/et_pb_image][\/et_pb_column][et_pb_column type=&#8221;1_2&#8243;][et_pb_text admin_label=&#8221;Tekst&#8221; background_layout=&#8221;light&#8221; text_orientation=&#8221;left&#8221; use_border_color=&#8221;off&#8221; border_color=&#8221;#ffffff&#8221; border_style=&#8221;solid&#8221; module_class=&#8221;text-right&#8221;] Jacht Ocean Star 51.2 Rok: 2000 ( odremontowany w 2012 ) D\u0142ugo\u015b\u0107: 15.95 m Za\u0142oga: [&hellip;]<\/p>\n","protected":false},"author":1,"featured_media":0,"parent":545,"menu_order":0,"comment_status":"closed","ping_status":"closed","template":"","meta":{"footnotes":""},"class_list":["post-1166","page","type-page","status-publish","hentry"],"yoast_head":"<!-- This site is optimized with the Yoast SEO plugin v23.9 - https:\/\/yoast.com\/wordpress\/plugins\/seo\/ -->\n<title>Jacht Ocean Star 51.2 - 10\/11os\u00f3b - Tasty Sailing - Zasmakuj w podr\u00f3\u017cy!<\/title>\n<meta name=\"robots\" content=\"index, follow, max-snippet:-1, max-image-preview:large, max-video-preview:-1\" \/>\n<link rel=\"canonical\" href=\"https:\/\/tastysailing.com\/pl\/lodzie\/jacht-ocean-star-51-2-910-osob\/\" \/>\n<meta property=\"og:locale\" content=\"pl_PL\" \/>\n<meta property=\"og:type\" content=\"article\" \/>\n<meta property=\"og:title\" content=\"Jacht Ocean Star 51.2 - 10\/11os\u00f3b - Tasty Sailing - Zasmakuj w podr\u00f3\u017cy!\" \/>\n<meta property=\"og:description\" content=\"[et_pb_section admin_label=&#8221;section&#8221; transparent_background=&#8221;off&#8221; allow_player_pause=&#8221;off&#8221; inner_shadow=&#8221;off&#8221; parallax=&#8221;off&#8221; parallax_method=&#8221;off&#8221; custom_padding=&#8221;||0px|&#8221; padding_mobile=&#8221;off&#8221; make_fullwidth=&#8221;off&#8221; use_custom_width=&#8221;off&#8221; width_unit=&#8221;on&#8221; make_equal=&#8221;off&#8221; use_custom_gutter=&#8221;off&#8221;][et_pb_row admin_label=&#8221;Wiersz&#8221;][et_pb_column type=&#8221;1_2&#8243;][et_pb_image admin_label=&#8221;ocean star 51.2&#8243; src=&#8221;http:\/\/tastysailing.com\/pl\/wp-content\/uploads\/sites\/2\/2017\/02\/podstawowe.jpg&#8221; show_in_lightbox=&#8221;on&#8221; url_new_window=&#8221;off&#8221; use_overlay=&#8221;off&#8221; animation=&#8221;left&#8221; sticky=&#8221;off&#8221; align=&#8221;left&#8221; force_fullwidth=&#8221;off&#8221; always_center_on_mobile=&#8221;on&#8221; use_border_color=&#8221;off&#8221; border_color=&#8221;#ffffff&#8221; border_style=&#8221;solid&#8221;] [\/et_pb_image][\/et_pb_column][et_pb_column type=&#8221;1_2&#8243;][et_pb_text admin_label=&#8221;Tekst&#8221; background_layout=&#8221;light&#8221; text_orientation=&#8221;left&#8221; use_border_color=&#8221;off&#8221; border_color=&#8221;#ffffff&#8221; border_style=&#8221;solid&#8221; module_class=&#8221;text-right&#8221;] Jacht Ocean Star 51.2 Rok: 2000 ( odremontowany w 2012 ) D\u0142ugo\u015b\u0107: 15.95 m Za\u0142oga: [&hellip;]\" \/>\n<meta property=\"og:url\" content=\"https:\/\/tastysailing.com\/pl\/lodzie\/jacht-ocean-star-51-2-910-osob\/\" \/>\n<meta property=\"og:site_name\" content=\"Tasty Sailing - Zasmakuj w podr\u00f3\u017cy!\" \/>\n<meta property=\"article:modified_time\" content=\"2017-04-19T21:12:57+00:00\" \/>\n<meta property=\"og:image\" content=\"http:\/\/zoomdes.nazwa.pl\/domeny_wordpress\/tastysailing\/pl\/wp-content\/uploads\/sites\/2\/2017\/02\/plan_ocean_star.jpg\" \/>\n<meta name=\"twitter:card\" content=\"summary_large_image\" \/>\n<meta name=\"twitter:label1\" content=\"Szacowany czas czytania\" \/>\n\t<meta name=\"twitter:data1\" content=\"6 minut\" \/>\n<script type=\"application\/ld+json\" class=\"yoast-schema-graph\">{\"@context\":\"https:\/\/schema.org\",\"@graph\":[{\"@type\":\"WebPage\",\"@id\":\"https:\/\/tastysailing.com\/pl\/lodzie\/jacht-ocean-star-51-2-910-osob\/\",\"url\":\"https:\/\/tastysailing.com\/pl\/lodzie\/jacht-ocean-star-51-2-910-osob\/\",\"name\":\"Jacht Ocean Star 51.2 - 10\/11os\u00f3b - Tasty Sailing - Zasmakuj w podr\u00f3\u017cy!\",\"isPartOf\":{\"@id\":\"https:\/\/tastysailing.com\/pl\/#website\"},\"primaryImageOfPage\":{\"@id\":\"https:\/\/tastysailing.com\/pl\/lodzie\/jacht-ocean-star-51-2-910-osob\/#primaryimage\"},\"image\":{\"@id\":\"https:\/\/tastysailing.com\/pl\/lodzie\/jacht-ocean-star-51-2-910-osob\/#primaryimage\"},\"thumbnailUrl\":\"http:\/\/zoomdes.nazwa.pl\/domeny_wordpress\/tastysailing\/pl\/wp-content\/uploads\/sites\/2\/2017\/02\/plan_ocean_star.jpg\",\"datePublished\":\"2017-02-02T15:53:19+00:00\",\"dateModified\":\"2017-04-19T21:12:57+00:00\",\"breadcrumb\":{\"@id\":\"https:\/\/tastysailing.com\/pl\/lodzie\/jacht-ocean-star-51-2-910-osob\/#breadcrumb\"},\"inLanguage\":\"pl-PL\",\"potentialAction\":[{\"@type\":\"ReadAction\",\"target\":[\"https:\/\/tastysailing.com\/pl\/lodzie\/jacht-ocean-star-51-2-910-osob\/\"]}]},{\"@type\":\"ImageObject\",\"inLanguage\":\"pl-PL\",\"@id\":\"https:\/\/tastysailing.com\/pl\/lodzie\/jacht-ocean-star-51-2-910-osob\/#primaryimage\",\"url\":\"http:\/\/zoomdes.nazwa.pl\/domeny_wordpress\/tastysailing\/pl\/wp-content\/uploads\/sites\/2\/2017\/02\/plan_ocean_star.jpg\",\"contentUrl\":\"http:\/\/zoomdes.nazwa.pl\/domeny_wordpress\/tastysailing\/pl\/wp-content\/uploads\/sites\/2\/2017\/02\/plan_ocean_star.jpg\"},{\"@type\":\"BreadcrumbList\",\"@id\":\"https:\/\/tastysailing.com\/pl\/lodzie\/jacht-ocean-star-51-2-910-osob\/#breadcrumb\",\"itemListElement\":[{\"@type\":\"ListItem\",\"position\":1,\"name\":\"Strona g\u0142\u00f3wna\",\"item\":\"https:\/\/tastysailing.com\/pl\/\"},{\"@type\":\"ListItem\",\"position\":2,\"name\":\"Jachty\",\"item\":\"https:\/\/tastysailing.com\/pl\/lodzie\/\"},{\"@type\":\"ListItem\",\"position\":3,\"name\":\"Jacht Ocean Star 51.2 &#8211; 10\/11os\u00f3b\"}]},{\"@type\":\"WebSite\",\"@id\":\"https:\/\/tastysailing.com\/pl\/#website\",\"url\":\"https:\/\/tastysailing.com\/pl\/\",\"name\":\"Tasty Sailing - Zasmakuj w podr\u00f3\u017cy!\",\"description\":\"Kulinarne podr\u00f3\u017ce po Grecji\",\"potentialAction\":[{\"@type\":\"SearchAction\",\"target\":{\"@type\":\"EntryPoint\",\"urlTemplate\":\"https:\/\/tastysailing.com\/pl\/?s={search_term_string}\"},\"query-input\":{\"@type\":\"PropertyValueSpecification\",\"valueRequired\":true,\"valueName\":\"search_term_string\"}}],\"inLanguage\":\"pl-PL\"}]}<\/script>\n<!-- \/ Yoast SEO plugin. -->","yoast_head_json":{"title":"Jacht Ocean Star 51.2 - 10\/11os\u00f3b - Tasty Sailing - Zasmakuj w podr\u00f3\u017cy!","robots":{"index":"index","follow":"follow","max-snippet":"max-snippet:-1","max-image-preview":"max-image-preview:large","max-video-preview":"max-video-preview:-1"},"canonical":"https:\/\/tastysailing.com\/pl\/lodzie\/jacht-ocean-star-51-2-910-osob\/","og_locale":"pl_PL","og_type":"article","og_title":"Jacht Ocean Star 51.2 - 10\/11os\u00f3b - Tasty Sailing - Zasmakuj w podr\u00f3\u017cy!","og_description":"[et_pb_section admin_label=&#8221;section&#8221; transparent_background=&#8221;off&#8221; allow_player_pause=&#8221;off&#8221; inner_shadow=&#8221;off&#8221; parallax=&#8221;off&#8221; parallax_method=&#8221;off&#8221; custom_padding=&#8221;||0px|&#8221; padding_mobile=&#8221;off&#8221; make_fullwidth=&#8221;off&#8221; use_custom_width=&#8221;off&#8221; width_unit=&#8221;on&#8221; make_equal=&#8221;off&#8221; use_custom_gutter=&#8221;off&#8221;][et_pb_row admin_label=&#8221;Wiersz&#8221;][et_pb_column type=&#8221;1_2&#8243;][et_pb_image admin_label=&#8221;ocean star 51.2&#8243; src=&#8221;http:\/\/tastysailing.com\/pl\/wp-content\/uploads\/sites\/2\/2017\/02\/podstawowe.jpg&#8221; show_in_lightbox=&#8221;on&#8221; url_new_window=&#8221;off&#8221; use_overlay=&#8221;off&#8221; animation=&#8221;left&#8221; sticky=&#8221;off&#8221; align=&#8221;left&#8221; force_fullwidth=&#8221;off&#8221; always_center_on_mobile=&#8221;on&#8221; use_border_color=&#8221;off&#8221; border_color=&#8221;#ffffff&#8221; border_style=&#8221;solid&#8221;] [\/et_pb_image][\/et_pb_column][et_pb_column type=&#8221;1_2&#8243;][et_pb_text admin_label=&#8221;Tekst&#8221; background_layout=&#8221;light&#8221; text_orientation=&#8221;left&#8221; use_border_color=&#8221;off&#8221; border_color=&#8221;#ffffff&#8221; border_style=&#8221;solid&#8221; module_class=&#8221;text-right&#8221;] Jacht Ocean Star 51.2 Rok: 2000 ( odremontowany w 2012 ) D\u0142ugo\u015b\u0107: 15.95 m Za\u0142oga: [&hellip;]","og_url":"https:\/\/tastysailing.com\/pl\/lodzie\/jacht-ocean-star-51-2-910-osob\/","og_site_name":"Tasty Sailing - Zasmakuj w podr\u00f3\u017cy!","article_modified_time":"2017-04-19T21:12:57+00:00","og_image":[{"url":"http:\/\/zoomdes.nazwa.pl\/domeny_wordpress\/tastysailing\/pl\/wp-content\/uploads\/sites\/2\/2017\/02\/plan_ocean_star.jpg"}],"twitter_card":"summary_large_image","twitter_misc":{"Szacowany czas czytania":"6 minut"},"schema":{"@context":"https:\/\/schema.org","@graph":[{"@type":"WebPage","@id":"https:\/\/tastysailing.com\/pl\/lodzie\/jacht-ocean-star-51-2-910-osob\/","url":"https:\/\/tastysailing.com\/pl\/lodzie\/jacht-ocean-star-51-2-910-osob\/","name":"Jacht Ocean Star 51.2 - 10\/11os\u00f3b - Tasty Sailing - Zasmakuj w podr\u00f3\u017cy!","isPartOf":{"@id":"https:\/\/tastysailing.com\/pl\/#website"},"primaryImageOfPage":{"@id":"https:\/\/tastysailing.com\/pl\/lodzie\/jacht-ocean-star-51-2-910-osob\/#primaryimage"},"image":{"@id":"https:\/\/tastysailing.com\/pl\/lodzie\/jacht-ocean-star-51-2-910-osob\/#primaryimage"},"thumbnailUrl":"http:\/\/zoomdes.nazwa.pl\/domeny_wordpress\/tastysailing\/pl\/wp-content\/uploads\/sites\/2\/2017\/02\/plan_ocean_star.jpg","datePublished":"2017-02-02T15:53:19+00:00","dateModified":"2017-04-19T21:12:57+00:00","breadcrumb":{"@id":"https:\/\/tastysailing.com\/pl\/lodzie\/jacht-ocean-star-51-2-910-osob\/#breadcrumb"},"inLanguage":"pl-PL","potentialAction":[{"@type":"ReadAction","target":["https:\/\/tastysailing.com\/pl\/lodzie\/jacht-ocean-star-51-2-910-osob\/"]}]},{"@type":"ImageObject","inLanguage":"pl-PL","@id":"https:\/\/tastysailing.com\/pl\/lodzie\/jacht-ocean-star-51-2-910-osob\/#primaryimage","url":"http:\/\/zoomdes.nazwa.pl\/domeny_wordpress\/tastysailing\/pl\/wp-content\/uploads\/sites\/2\/2017\/02\/plan_ocean_star.jpg","contentUrl":"http:\/\/zoomdes.nazwa.pl\/domeny_wordpress\/tastysailing\/pl\/wp-content\/uploads\/sites\/2\/2017\/02\/plan_ocean_star.jpg"},{"@type":"BreadcrumbList","@id":"https:\/\/tastysailing.com\/pl\/lodzie\/jacht-ocean-star-51-2-910-osob\/#breadcrumb","itemListElement":[{"@type":"ListItem","position":1,"name":"Strona g\u0142\u00f3wna","item":"https:\/\/tastysailing.com\/pl\/"},{"@type":"ListItem","position":2,"name":"Jachty","item":"https:\/\/tastysailing.com\/pl\/lodzie\/"},{"@type":"ListItem","position":3,"name":"Jacht Ocean Star 51.2 &#8211; 10\/11os\u00f3b"}]},{"@type":"WebSite","@id":"https:\/\/tastysailing.com\/pl\/#website","url":"https:\/\/tastysailing.com\/pl\/","name":"Tasty Sailing - Zasmakuj w podr\u00f3\u017cy!","description":"Kulinarne podr\u00f3\u017ce po Grecji","potentialAction":[{"@type":"SearchAction","target":{"@type":"EntryPoint","urlTemplate":"https:\/\/tastysailing.com\/pl\/?s={search_term_string}"},"query-input":{"@type":"PropertyValueSpecification","valueRequired":true,"valueName":"search_term_string"}}],"inLanguage":"pl-PL"}]}},"_links":{"self":[{"href":"https:\/\/tastysailing.com\/pl\/wp-json\/wp\/v2\/pages\/1166","targetHints":{"allow":["GET"]}}],"collection":[{"href":"https:\/\/tastysailing.com\/pl\/wp-json\/wp\/v2\/pages"}],"about":[{"href":"https:\/\/tastysailing.com\/pl\/wp-json\/wp\/v2\/types\/page"}],"author":[{"embeddable":true,"href":"https:\/\/tastysailing.com\/pl\/wp-json\/wp\/v2\/users\/1"}],"replies":[{"embeddable":true,"href":"https:\/\/tastysailing.com\/pl\/wp-json\/wp\/v2\/comments?post=1166"}],"version-history":[{"count":1,"href":"https:\/\/tastysailing.com\/pl\/wp-json\/wp\/v2\/pages\/1166\/revisions"}],"predecessor-version":[{"id":1420,"href":"https:\/\/tastysailing.com\/pl\/wp-json\/wp\/v2\/pages\/1166\/revisions\/1420"}],"up":[{"embeddable":true,"href":"https:\/\/tastysailing.com\/pl\/wp-json\/wp\/v2\/pages\/545"}],"wp:attachment":[{"href":"https:\/\/tastysailing.com\/pl\/wp-json\/wp\/v2\/media?parent=1166"}],"curies":[{"name":"wp","href":"https:\/\/api.w.org\/{rel}","templated":true}]}}